{"id":1126,"date":"2022-12-21T21:44:18","date_gmt":"2022-12-22T00:44:18","guid":{"rendered":"https:\/\/lourdesdistribuidora.com.ar\/wp\/?page_id=1126"},"modified":"2022-12-21T21:58:35","modified_gmt":"2022-12-22T00:58:35","slug":"novedades","status":"publish","type":"page","link":"https:\/\/lourdesdistribuidora.com.ar\/wp\/?page_id=1126","title":{"rendered":"Novedades"},"content":{"rendered":"<div class=\"row\"  id=\"row-977071714\">\n\n\t<div id=\"col-892619670\" class=\"col small-12 large-12\"  >\n\t\t\t\t<div class=\"col-inner\"  >\n\t\t\t\n\t\t\t\n<div class=\"container section-title-container\" ><h3 class=\"section-title section-title-bold-center\"><b><\/b><span class=\"section-title-main\" >NOVEDADES Y PROMOCIONES<\/span><b><\/b><\/h3><\/div>\n\t\t<\/div>\n\t\t\t\t\t<\/div>\n\n\t\n<\/div>\n<div class=\"row\"  id=\"row-1585485389\">\n\n\t<div id=\"col-696744015\" class=\"col medium-1 small-12 large-1\"  >\n\t\t\t\t<div class=\"col-inner\"  >\n\t\t\t\n\t\t\t\n\t\t<\/div>\n\t\t\t\t\t<\/div>\n\n\t\n\n\t<div id=\"col-1748677777\" class=\"col medium-11 small-12 large-11\"  >\n\t\t\t\t<div class=\"col-inner\" style=\"background-color:rgb(232, 230, 230);\" >\n\t\t\t\n\t\t\t\n<style>.wp-show-posts-columns#wpsp-1128 {margin-left: -2em; }.wp-show-posts-columns#wpsp-1128 .wp-show-posts-inner {margin: 0 0 2em 2em; }<\/style><section id=\"wpsp-1128\" class=\" wp-show-posts-columns wp-show-posts\" style=\"\"><article class=\" wp-show-posts-single post-1496 post type-post status-publish format-standard hentry category-sin-categoria wpsp-col-6\" itemtype=\"http:\/\/schema.org\/CreativeWork\" itemscope><div class=\"wp-show-posts-inner\" style=\"\">\t\t\t\t\t\t<header class=\"wp-show-posts-entry-header\">\n\t\t\t\t\t\t\t<h2 class=\"wp-show-posts-entry-title\" itemprop=\"headline\"><a href=\"https:\/\/lourdesdistribuidora.com.ar\/wp\/?p=1496\" rel=\"bookmark\">Zona de Env\u00edos<\/a><\/h2><div class=\"wp-show-posts-entry-meta wp-show-posts-entry-meta-below-title post-meta-inline\"><span class=\"wp-show-posts-posted-on wp-show-posts-meta\">\n\t\t\t\t\t<a href=\"https:\/\/lourdesdistribuidora.com.ar\/wp\/?p=1496\" title=\"11:41\" rel=\"bookmark\"><time class=\"wp-show-posts-entry-date published\" datetime=\"2025-01-02T11:41:10-03:00\" itemprop=\"datePublished\">2 enero, 2025<\/time><\/a>\n\t\t\t\t<\/span><\/div>\t\t\t\t\t\t<\/header><!-- .entry-header -->\n\t\t\t\t\t\t\t\t\t\t\t<div class=\"wp-show-posts-entry-summary\" itemprop=\"text\">\n\t\t\t\t\t\t\t<p>Hacemos env\u00edos sin cargo en compras superiores a $ 150.000. Consulte por zona de cobrtura de env\u00edos.. Cubrimos Zona AMBA, y algunos barrios de Zona oeste, Noroeste y Sur del&#8230;<\/p>\n\t\t\t\t\t\t<\/div><!-- .entry-summary -->\n\t\t\t\t\t<\/div><!-- wp-show-posts-inner --><\/article><article class=\" wp-show-posts-single post-1 post type-post status-publish format-standard hentry category-sin-categoria wpsp-col-6\" itemtype=\"http:\/\/schema.org\/CreativeWork\" itemscope><div class=\"wp-show-posts-inner\" style=\"\">\t\t\t\t\t\t<header class=\"wp-show-posts-entry-header\">\n\t\t\t\t\t\t\t<h2 class=\"wp-show-posts-entry-title\" itemprop=\"headline\"><a href=\"https:\/\/lourdesdistribuidora.com.ar\/wp\/?p=1\" rel=\"bookmark\">Bienvenidos!<\/a><\/h2><div class=\"wp-show-posts-entry-meta wp-show-posts-entry-meta-below-title post-meta-inline\"><span class=\"wp-show-posts-posted-on wp-show-posts-meta\">\n\t\t\t\t\t<a href=\"https:\/\/lourdesdistribuidora.com.ar\/wp\/?p=1\" title=\"20:04\" rel=\"bookmark\"><time class=\"wp-show-posts-entry-date published\" datetime=\"2022-10-30T20:04:05-03:00\" itemprop=\"datePublished\">30 octubre, 2022<\/time><time class=\"wp-show-posts-updated\" datetime=\"2022-11-01T14:00:14-03:00\" itemprop=\"dateModified\">1 noviembre, 2022<\/time><\/a>\n\t\t\t\t<\/span><\/div>\t\t\t\t\t\t<\/header><!-- .entry-header -->\n\t\t\t\t\t\t\t\t\t\t\t<div class=\"wp-show-posts-entry-summary\" itemprop=\"text\">\n\t\t\t\t\t\t\t<p>Bienvenidos al Sitio Web de Distribuidora Lourdes. Aqu\u00ed encontrar\u00e1s informaci\u00f3n sobre nuestro cat\u00e1logo de productos, zona de cobertura de ventas, y mucha info m\u00e1s.<\/p>\n\t\t\t\t\t\t<\/div><!-- .entry-summary -->\n\t\t\t\t\t<\/div><!-- wp-show-posts-inner --><\/article><div class=\"wpsp-clear\"><\/div><\/section><!-- .wp-show-posts -->\n\t\t<\/div>\n\t\t\t\t\t<\/div>\n\n\t\n<\/div>\n","protected":false},"excerpt":{"rendered":"","protected":false},"author":1,"featured_media":0,"parent":0,"menu_order":0,"comment_status":"closed","ping_status":"closed","template":"","meta":{"_acf_changed":false,"footnotes":""},"class_list":["post-1126","page","type-page","status-publish","hentry"],"acf":[],"aioseo_notices":[],"_links":{"self":[{"href":"https:\/\/lourdesdistribuidora.com.ar\/wp\/index.php?rest_route=\/wp\/v2\/pages\/1126","targetHints":{"allow":["GET"]}}],"collection":[{"href":"https:\/\/lourdesdistribuidora.com.ar\/wp\/index.php?rest_route=\/wp\/v2\/pages"}],"about":[{"href":"https:\/\/lourdesdistribuidora.com.ar\/wp\/index.php?rest_route=\/wp\/v2\/types\/page"}],"author":[{"embeddable":true,"href":"https:\/\/lourdesdistribuidora.com.ar\/wp\/index.php?rest_route=\/wp\/v2\/users\/1"}],"replies":[{"embeddable":true,"href":"https:\/\/lourdesdistribuidora.com.ar\/wp\/index.php?rest_route=%2Fwp%2Fv2%2Fcomments&post=1126"}],"version-history":[{"count":4,"href":"https:\/\/lourdesdistribuidora.com.ar\/wp\/index.php?rest_route=\/wp\/v2\/pages\/1126\/revisions"}],"predecessor-version":[{"id":1132,"href":"https:\/\/lourdesdistribuidora.com.ar\/wp\/index.php?rest_route=\/wp\/v2\/pages\/1126\/revisions\/1132"}],"wp:attachment":[{"href":"https:\/\/lourdesdistribuidora.com.ar\/wp\/index.php?rest_route=%2Fwp%2Fv2%2Fmedia&parent=1126"}],"curies":[{"name":"wp","href":"https:\/\/api.w.org\/{rel}","templated":true}]}}