{"id":1188,"date":"2023-01-26T10:10:07","date_gmt":"2023-01-26T13:10:07","guid":{"rendered":"https:\/\/lourdesdistribuidora.com.ar\/wp\/?post_type=product&#038;p=1188"},"modified":"2025-01-23T18:34:58","modified_gmt":"2025-01-23T21:34:58","slug":"termixan-bloque-parafinico-1kg","status":"publish","type":"product","link":"https:\/\/lourdesdistribuidora.com.ar\/wp\/?product=termixan-bloque-parafinico-1kg","title":{"rendered":"Termixan bloque paraf\u00ednico 1kg"},"content":{"rendered":"<p>TERMIXAN BLOQUE :<\/p>\n<p>Es un rodenticida anticoagulante de tipo monod\u00f3sico.<\/p>\n<p>Con una sola ingesti\u00f3n elimina ratas y ratones a partir del segundo d\u00eda.<\/p>\n<p>La muerte se asemeja a la que produce la vejez y de este modo sus cong\u00e9neres no recelan del alimento.<\/p>\n","protected":false},"excerpt":{"rendered":"<p>TERMIXAN BLOQUE : Es un rodenticida anticoagulante de tipo monod\u00f3sico. Con una sola ingesti\u00f3n elimina ratas y ratones a partir del segundo d\u00eda. La muerte se asemeja a la que produce la vejez y de este modo sus cong\u00e9neres no recelan del alimento.<\/p>\n","protected":false},"featured_media":1189,"template":"","meta":{"_acf_changed":false},"pwb-brand":[89],"product_brand":[],"product_cat":[71],"product_tag":[],"class_list":{"0":"post-1188","1":"product","2":"type-product","3":"status-publish","4":"has-post-thumbnail","6":"pwb-brand-glacoxan","7":"product_cat-rodenticida","9":"first","10":"instock","11":"taxable","12":"shipping-taxable","13":"product-type-simple"},"acf":[],"aioseo_notices":[],"brands":[{"id":89,"name":"Glacoxan","slug":"glacoxan"}],"_links":{"self":[{"href":"https:\/\/lourdesdistribuidora.com.ar\/wp\/index.php?rest_route=\/wp\/v2\/product\/1188","targetHints":{"allow":["GET"]}}],"collection":[{"href":"https:\/\/lourdesdistribuidora.com.ar\/wp\/index.php?rest_route=\/wp\/v2\/product"}],"about":[{"href":"https:\/\/lourdesdistribuidora.com.ar\/wp\/index.php?rest_route=\/wp\/v2\/types\/product"}],"wp:featuredmedia":[{"embeddable":true,"href":"https:\/\/lourdesdistribuidora.com.ar\/wp\/index.php?rest_route=\/wp\/v2\/media\/1189"}],"wp:attachment":[{"href":"https:\/\/lourdesdistribuidora.com.ar\/wp\/index.php?rest_route=%2Fwp%2Fv2%2Fmedia&parent=1188"}],"wp:term":[{"taxonomy":"pwb-brand","embeddable":true,"href":"https:\/\/lourdesdistribuidora.com.ar\/wp\/index.php?rest_route=%2Fwp%2Fv2%2Fpwb-brand&post=1188"},{"taxonomy":"product_brand","embeddable":true,"href":"https:\/\/lourdesdistribuidora.com.ar\/wp\/index.php?rest_route=%2Fwp%2Fv2%2Fproduct_brand&post=1188"},{"taxonomy":"product_cat","embeddable":true,"href":"https:\/\/lourdesdistribuidora.com.ar\/wp\/index.php?rest_route=%2Fwp%2Fv2%2Fproduct_cat&post=1188"},{"taxonomy":"product_tag","embeddable":true,"href":"https:\/\/lourdesdistribuidora.com.ar\/wp\/index.php?rest_route=%2Fwp%2Fv2%2Fproduct_tag&post=1188"}],"curies":[{"name":"wp","href":"https:\/\/api.w.org\/{rel}","templated":true}]}}