{"id":1204,"date":"2023-01-26T11:42:25","date_gmt":"2023-01-26T14:42:25","guid":{"rendered":"https:\/\/lourdesdistribuidora.com.ar\/wp\/?post_type=product&#038;p=1204"},"modified":"2024-03-01T15:17:59","modified_gmt":"2024-03-01T18:17:59","slug":"palomin-pasta-repelente-250grs","status":"publish","type":"product","link":"https:\/\/lourdesdistribuidora.com.ar\/wp\/?product=palomin-pasta-repelente-250grs","title":{"rendered":"Palomin pasta repelente 250grs"},"content":{"rendered":"<p>Es una pasta incolora, pegajosa al tacto y no t\u00f3xica,<\/p>\n<p>dise\u00f1ada para evitar el aterrizaje o descanso de palomas y murci\u00e9lagos.<\/p>\n<p>Las aves al posarse sobre el producto, se encuentran con una superficie pegajosa<\/p>\n<p>y viscosa que les resulta inc\u00f3moda y desagradable, ahuyent\u00e1ndolas.<\/p>\n","protected":false},"excerpt":{"rendered":"<p>Es una pasta incolora, pegajosa al tacto y no t\u00f3xica, dise\u00f1ada para evitar el aterrizaje o descanso de palomas y murci\u00e9lagos. Las aves al posarse sobre el producto, se encuentran con una superficie pegajosa y viscosa que les resulta inc\u00f3moda y desagradable, ahuyent\u00e1ndolas.<\/p>\n","protected":false},"featured_media":1205,"template":"","meta":{"_acf_changed":false},"pwb-brand":[168],"product_brand":[],"product_cat":[76],"product_tag":[],"class_list":{"0":"post-1204","1":"product","2":"type-product","3":"status-publish","4":"has-post-thumbnail","6":"pwb-brand-palomin","7":"product_cat-insecticida","9":"first","10":"instock","11":"taxable","12":"shipping-taxable","13":"product-type-simple"},"acf":[],"aioseo_notices":[],"brands":[{"id":168,"name":"Palomin","slug":"palomin"}],"_links":{"self":[{"href":"https:\/\/lourdesdistribuidora.com.ar\/wp\/index.php?rest_route=\/wp\/v2\/product\/1204","targetHints":{"allow":["GET"]}}],"collection":[{"href":"https:\/\/lourdesdistribuidora.com.ar\/wp\/index.php?rest_route=\/wp\/v2\/product"}],"about":[{"href":"https:\/\/lourdesdistribuidora.com.ar\/wp\/index.php?rest_route=\/wp\/v2\/types\/product"}],"wp:featuredmedia":[{"embeddable":true,"href":"https:\/\/lourdesdistribuidora.com.ar\/wp\/index.php?rest_route=\/wp\/v2\/media\/1205"}],"wp:attachment":[{"href":"https:\/\/lourdesdistribuidora.com.ar\/wp\/index.php?rest_route=%2Fwp%2Fv2%2Fmedia&parent=1204"}],"wp:term":[{"taxonomy":"pwb-brand","embeddable":true,"href":"https:\/\/lourdesdistribuidora.com.ar\/wp\/index.php?rest_route=%2Fwp%2Fv2%2Fpwb-brand&post=1204"},{"taxonomy":"product_brand","embeddable":true,"href":"https:\/\/lourdesdistribuidora.com.ar\/wp\/index.php?rest_route=%2Fwp%2Fv2%2Fproduct_brand&post=1204"},{"taxonomy":"product_cat","embeddable":true,"href":"https:\/\/lourdesdistribuidora.com.ar\/wp\/index.php?rest_route=%2Fwp%2Fv2%2Fproduct_cat&post=1204"},{"taxonomy":"product_tag","embeddable":true,"href":"https:\/\/lourdesdistribuidora.com.ar\/wp\/index.php?rest_route=%2Fwp%2Fv2%2Fproduct_tag&post=1204"}],"curies":[{"name":"wp","href":"https:\/\/api.w.org\/{rel}","templated":true}]}}