{"id":1213,"date":"2023-01-26T12:07:23","date_gmt":"2023-01-26T15:07:23","guid":{"rendered":"https:\/\/lourdesdistribuidora.com.ar\/wp\/?post_type=product&#038;p=1213"},"modified":"2025-01-23T20:16:09","modified_gmt":"2025-01-23T23:16:09","slug":"lubricante-multiuso-aceitera-100ml","status":"publish","type":"product","link":"https:\/\/lourdesdistribuidora.com.ar\/wp\/?product=lubricante-multiuso-aceitera-100ml","title":{"rendered":"Lubricante multiuso aceitera 100ml"},"content":{"rendered":"<p>LUBRICANTE MULTIUSO<br \/>\nACEITERA<\/p>\n<p>Ablanda y suaviza el accionamiento de toda<br \/>\npieza articulada, bisagras, cerraduras, antenas<br \/>\nde automoviles, facilitando su funcionamiento.<br \/>\nProtege contra la formaci\u00f3n de \u00f3xido y la<br \/>\ncorrosi\u00f3n<\/p>\n","protected":false},"excerpt":{"rendered":"<p>LUBRICANTE MULTIUSO ACEITERA Ablanda y suaviza el accionamiento de toda pieza articulada, bisagras, cerraduras, antenas de automoviles, facilitando su funcionamiento. Protege contra la formaci\u00f3n de \u00f3xido y la corrosi\u00f3n<\/p>\n","protected":false},"featured_media":1214,"template":"","meta":{"_acf_changed":false},"pwb-brand":[112],"product_brand":[],"product_cat":[154],"product_tag":[],"class_list":{"0":"post-1213","1":"product","2":"type-product","3":"status-publish","4":"has-post-thumbnail","6":"pwb-brand-merclin","7":"product_cat-lubricantes","9":"first","10":"instock","11":"taxable","12":"shipping-taxable","13":"product-type-simple"},"acf":[],"aioseo_notices":[],"brands":[{"id":112,"name":"Merclin","slug":"merclin"}],"_links":{"self":[{"href":"https:\/\/lourdesdistribuidora.com.ar\/wp\/index.php?rest_route=\/wp\/v2\/product\/1213","targetHints":{"allow":["GET"]}}],"collection":[{"href":"https:\/\/lourdesdistribuidora.com.ar\/wp\/index.php?rest_route=\/wp\/v2\/product"}],"about":[{"href":"https:\/\/lourdesdistribuidora.com.ar\/wp\/index.php?rest_route=\/wp\/v2\/types\/product"}],"wp:featuredmedia":[{"embeddable":true,"href":"https:\/\/lourdesdistribuidora.com.ar\/wp\/index.php?rest_route=\/wp\/v2\/media\/1214"}],"wp:attachment":[{"href":"https:\/\/lourdesdistribuidora.com.ar\/wp\/index.php?rest_route=%2Fwp%2Fv2%2Fmedia&parent=1213"}],"wp:term":[{"taxonomy":"pwb-brand","embeddable":true,"href":"https:\/\/lourdesdistribuidora.com.ar\/wp\/index.php?rest_route=%2Fwp%2Fv2%2Fpwb-brand&post=1213"},{"taxonomy":"product_brand","embeddable":true,"href":"https:\/\/lourdesdistribuidora.com.ar\/wp\/index.php?rest_route=%2Fwp%2Fv2%2Fproduct_brand&post=1213"},{"taxonomy":"product_cat","embeddable":true,"href":"https:\/\/lourdesdistribuidora.com.ar\/wp\/index.php?rest_route=%2Fwp%2Fv2%2Fproduct_cat&post=1213"},{"taxonomy":"product_tag","embeddable":true,"href":"https:\/\/lourdesdistribuidora.com.ar\/wp\/index.php?rest_route=%2Fwp%2Fv2%2Fproduct_tag&post=1213"}],"curies":[{"name":"wp","href":"https:\/\/api.w.org\/{rel}","templated":true}]}}