{"id":1296,"date":"2023-10-25T11:13:40","date_gmt":"2023-10-25T14:13:40","guid":{"rendered":"https:\/\/lourdesdistribuidora.com.ar\/wp\/?post_type=product&#038;p=1296"},"modified":"2025-01-23T18:23:06","modified_gmt":"2025-01-23T21:23:06","slug":"hor-tal-efe-polvo-x-100-gr","status":"publish","type":"product","link":"https:\/\/lourdesdistribuidora.com.ar\/wp\/?product=hor-tal-efe-polvo-x-100-gr","title":{"rendered":"HOR-TAL  eFe &#8211; Polvo x 100 gr."},"content":{"rendered":"<p>HOR-TAL efe<\/p>\n<p>\u25cf Es un polvo seco de acci\u00f3n hormiguicida, listo<br \/>\npara usar. Act\u00faa sobre las hormigas por<br \/>\ncontacto.<br \/>\n\u25cf Fue desarrollado para proveer una acci\u00f3n<br \/>\ninsecticida inmediata con poder de barrera, lo<br \/>\ncual permite un r\u00e1pido control con inmediata<br \/>\ndetenci\u00f3n de los ataques. Puede ser utilizado<br \/>\npara eliminar el hormiguero o como barrera.<br \/>\nact\u00faa sobre las hormigas por contacto.<br \/>\n\u25cf Es eficaz, r\u00e1pido, seguro, vers\u00e1til,<br \/>\nambientalmente responsable y econ\u00f3mico.<\/p>\n<p>PRESENTACIONES<br \/>\nEnvases r\u00edgidos<br \/>\nPouchs x 100 gr.<\/p>\n","protected":false},"excerpt":{"rendered":"<p>HOR-TAL efe \u25cf Es un polvo seco de acci\u00f3n hormiguicida, listo para usar. Act\u00faa sobre las hormigas por contacto. \u25cf Fue desarrollado para proveer una acci\u00f3n insecticida inmediata con poder de barrera, lo cual permite un r\u00e1pido control con inmediata detenci\u00f3n de los ataques. Puede ser utilizado para eliminar el hormiguero o como barrera. act\u00faa [&#8230;]\n","protected":false},"featured_media":467,"template":"","meta":{"_acf_changed":false},"pwb-brand":[141],"product_brand":[],"product_cat":[72],"product_tag":[],"class_list":{"0":"post-1296","1":"product","2":"type-product","3":"status-publish","4":"has-post-thumbnail","6":"pwb-brand-hortal","7":"product_cat-hormiguicida","9":"first","10":"instock","11":"taxable","12":"shipping-taxable","13":"product-type-simple"},"acf":[],"aioseo_notices":[],"brands":[{"id":141,"name":"Hortal","slug":"hortal"}],"_links":{"self":[{"href":"https:\/\/lourdesdistribuidora.com.ar\/wp\/index.php?rest_route=\/wp\/v2\/product\/1296","targetHints":{"allow":["GET"]}}],"collection":[{"href":"https:\/\/lourdesdistribuidora.com.ar\/wp\/index.php?rest_route=\/wp\/v2\/product"}],"about":[{"href":"https:\/\/lourdesdistribuidora.com.ar\/wp\/index.php?rest_route=\/wp\/v2\/types\/product"}],"wp:featuredmedia":[{"embeddable":true,"href":"https:\/\/lourdesdistribuidora.com.ar\/wp\/index.php?rest_route=\/wp\/v2\/media\/467"}],"wp:attachment":[{"href":"https:\/\/lourdesdistribuidora.com.ar\/wp\/index.php?rest_route=%2Fwp%2Fv2%2Fmedia&parent=1296"}],"wp:term":[{"taxonomy":"pwb-brand","embeddable":true,"href":"https:\/\/lourdesdistribuidora.com.ar\/wp\/index.php?rest_route=%2Fwp%2Fv2%2Fpwb-brand&post=1296"},{"taxonomy":"product_brand","embeddable":true,"href":"https:\/\/lourdesdistribuidora.com.ar\/wp\/index.php?rest_route=%2Fwp%2Fv2%2Fproduct_brand&post=1296"},{"taxonomy":"product_cat","embeddable":true,"href":"https:\/\/lourdesdistribuidora.com.ar\/wp\/index.php?rest_route=%2Fwp%2Fv2%2Fproduct_cat&post=1296"},{"taxonomy":"product_tag","embeddable":true,"href":"https:\/\/lourdesdistribuidora.com.ar\/wp\/index.php?rest_route=%2Fwp%2Fv2%2Fproduct_tag&post=1296"}],"curies":[{"name":"wp","href":"https:\/\/api.w.org\/{rel}","templated":true}]}}