{"id":1301,"date":"2023-10-25T18:21:45","date_gmt":"2023-10-25T21:21:45","guid":{"rendered":"https:\/\/lourdesdistribuidora.com.ar\/wp\/?post_type=product&#038;p=1301"},"modified":"2025-01-23T18:04:55","modified_gmt":"2025-01-23T21:04:55","slug":"troya-mirex-rojo-cebo-5-kg","status":"publish","type":"product","link":"https:\/\/lourdesdistribuidora.com.ar\/wp\/?product=troya-mirex-rojo-cebo-5-kg","title":{"rendered":"Troya &#8211; Mirex ROJO &#8211; CEBO 5 Kg."},"content":{"rendered":"<p>TROYA &#8211; MIREX<br \/>\nEs un insecticida hormiguicida de cebo granulado resistente al<br \/>\nagua. Es efectivo en el control de varias especies de hormigas<br \/>\n(Hormiga minera, Isa\u00fa, negra del sud, negra com\u00fan, colorada e<br \/>\ninvasora).<br \/>\nNo necesita preparaci\u00f3n, se aplica con el envase evitando el<br \/>\ncontacto con las manos.<br \/>\nEsparcir en el camino donde el acarreo est\u00e1 siendo realizado,<br \/>\ncerca del orificio de entrada del hormiguero. Nunca coloque los<br \/>\ncebos directamente en los orificios de hormiguero, ya que las<br \/>\nhormigas tienen que acarrearlos.Reingresar al \u00e1rea tratada,<br \/>\nluego de 24hs desde la aplicaci\u00f3n.<\/p>\n<p>Pack x 48 Un. de 100 gr.<br \/>\nPack x 48 Un. de 250 gr.<br \/>\nPack x 24 Un. de 500 gr.<br \/>\nPack x 12 Un. de 1 Kg.<\/p>\n<p>PRESENTACIONES<\/p>\n","protected":false},"excerpt":{"rendered":"<p>TROYA &#8211; MIREX Es un insecticida hormiguicida de cebo granulado resistente al agua. Es efectivo en el control de varias especies de hormigas (Hormiga minera, Isa\u00fa, negra del sud, negra com\u00fan, colorada e invasora). No necesita preparaci\u00f3n, se aplica con el envase evitando el contacto con las manos. Esparcir en el camino donde el acarreo [&#8230;]\n","protected":false},"featured_media":441,"template":"","meta":{"_acf_changed":false},"pwb-brand":[88],"product_brand":[],"product_cat":[72,76],"product_tag":[],"class_list":{"0":"post-1301","1":"product","2":"type-product","3":"status-publish","4":"has-post-thumbnail","6":"pwb-brand-huagro","7":"product_cat-hormiguicida","8":"product_cat-insecticida","10":"first","11":"instock","12":"taxable","13":"shipping-taxable","14":"product-type-simple"},"acf":[],"aioseo_notices":[],"brands":[{"id":88,"name":"Huagro","slug":"huagro"}],"_links":{"self":[{"href":"https:\/\/lourdesdistribuidora.com.ar\/wp\/index.php?rest_route=\/wp\/v2\/product\/1301","targetHints":{"allow":["GET"]}}],"collection":[{"href":"https:\/\/lourdesdistribuidora.com.ar\/wp\/index.php?rest_route=\/wp\/v2\/product"}],"about":[{"href":"https:\/\/lourdesdistribuidora.com.ar\/wp\/index.php?rest_route=\/wp\/v2\/types\/product"}],"wp:featuredmedia":[{"embeddable":true,"href":"https:\/\/lourdesdistribuidora.com.ar\/wp\/index.php?rest_route=\/wp\/v2\/media\/441"}],"wp:attachment":[{"href":"https:\/\/lourdesdistribuidora.com.ar\/wp\/index.php?rest_route=%2Fwp%2Fv2%2Fmedia&parent=1301"}],"wp:term":[{"taxonomy":"pwb-brand","embeddable":true,"href":"https:\/\/lourdesdistribuidora.com.ar\/wp\/index.php?rest_route=%2Fwp%2Fv2%2Fpwb-brand&post=1301"},{"taxonomy":"product_brand","embeddable":true,"href":"https:\/\/lourdesdistribuidora.com.ar\/wp\/index.php?rest_route=%2Fwp%2Fv2%2Fproduct_brand&post=1301"},{"taxonomy":"product_cat","embeddable":true,"href":"https:\/\/lourdesdistribuidora.com.ar\/wp\/index.php?rest_route=%2Fwp%2Fv2%2Fproduct_cat&post=1301"},{"taxonomy":"product_tag","embeddable":true,"href":"https:\/\/lourdesdistribuidora.com.ar\/wp\/index.php?rest_route=%2Fwp%2Fv2%2Fproduct_tag&post=1301"}],"curies":[{"name":"wp","href":"https:\/\/api.w.org\/{rel}","templated":true}]}}