{"id":1312,"date":"2023-10-25T19:17:10","date_gmt":"2023-10-25T22:17:10","guid":{"rendered":"https:\/\/lourdesdistribuidora.com.ar\/wp\/?post_type=product&#038;p=1312"},"modified":"2025-01-23T18:25:46","modified_gmt":"2025-01-23T21:25:46","slug":"glacoxan-ciper-30-cc","status":"publish","type":"product","link":"https:\/\/lourdesdistribuidora.com.ar\/wp\/?product=glacoxan-ciper-30-cc","title":{"rendered":"GLACOXAN CIPER &#8211; 30 cc"},"content":{"rendered":"<p>GLACOXAN D-SIST<\/p>\n<p>\u25cf Es un insecticida de acci\u00f3n sist\u00e9mica, que se absorbe<br \/>\npor los tejidos verdes del vegetal al igual que por las<br \/>\nra\u00edces, trasloc\u00e1ndose a toda la planta por su interior a<br \/>\ntrav\u00e9s de la v\u00eda ascendente de la corriente xilem\u00e1tica.<br \/>\n\u25cf Su principio activo act\u00faa por contacto e ingesti\u00f3n tanto<br \/>\nde partes del vegetal tratado, como tambi\u00e9n de los jugos<br \/>\nsuccionados en el caso de insectos chupadores.<br \/>\n\u25cf Dosis media: 5 ml \/ 1lts. de agua<\/p>\n<p>PRESENTACIONES<br \/>\nPack de:<br \/>\n24 unid. de 30 cc y de 60 cc<\/p>\n","protected":false},"excerpt":{"rendered":"<p>GLACOXAN D-SIST \u25cf Es un insecticida de acci\u00f3n sist\u00e9mica, que se absorbe por los tejidos verdes del vegetal al igual que por las ra\u00edces, trasloc\u00e1ndose a toda la planta por su interior a trav\u00e9s de la v\u00eda ascendente de la corriente xilem\u00e1tica. \u25cf Su principio activo act\u00faa por contacto e ingesti\u00f3n tanto de partes del [&#8230;]\n","protected":false},"featured_media":1313,"template":"","meta":{"_acf_changed":false},"pwb-brand":[89],"product_brand":[],"product_cat":[76],"product_tag":[],"class_list":{"0":"post-1312","1":"product","2":"type-product","3":"status-publish","4":"has-post-thumbnail","6":"pwb-brand-glacoxan","7":"product_cat-insecticida","9":"first","10":"instock","11":"taxable","12":"shipping-taxable","13":"product-type-simple"},"acf":[],"aioseo_notices":[],"brands":[{"id":89,"name":"Glacoxan","slug":"glacoxan"}],"_links":{"self":[{"href":"https:\/\/lourdesdistribuidora.com.ar\/wp\/index.php?rest_route=\/wp\/v2\/product\/1312","targetHints":{"allow":["GET"]}}],"collection":[{"href":"https:\/\/lourdesdistribuidora.com.ar\/wp\/index.php?rest_route=\/wp\/v2\/product"}],"about":[{"href":"https:\/\/lourdesdistribuidora.com.ar\/wp\/index.php?rest_route=\/wp\/v2\/types\/product"}],"wp:featuredmedia":[{"embeddable":true,"href":"https:\/\/lourdesdistribuidora.com.ar\/wp\/index.php?rest_route=\/wp\/v2\/media\/1313"}],"wp:attachment":[{"href":"https:\/\/lourdesdistribuidora.com.ar\/wp\/index.php?rest_route=%2Fwp%2Fv2%2Fmedia&parent=1312"}],"wp:term":[{"taxonomy":"pwb-brand","embeddable":true,"href":"https:\/\/lourdesdistribuidora.com.ar\/wp\/index.php?rest_route=%2Fwp%2Fv2%2Fpwb-brand&post=1312"},{"taxonomy":"product_brand","embeddable":true,"href":"https:\/\/lourdesdistribuidora.com.ar\/wp\/index.php?rest_route=%2Fwp%2Fv2%2Fproduct_brand&post=1312"},{"taxonomy":"product_cat","embeddable":true,"href":"https:\/\/lourdesdistribuidora.com.ar\/wp\/index.php?rest_route=%2Fwp%2Fv2%2Fproduct_cat&post=1312"},{"taxonomy":"product_tag","embeddable":true,"href":"https:\/\/lourdesdistribuidora.com.ar\/wp\/index.php?rest_route=%2Fwp%2Fv2%2Fproduct_tag&post=1312"}],"curies":[{"name":"wp","href":"https:\/\/api.w.org\/{rel}","templated":true}]}}