{"id":1338,"date":"2024-03-01T13:51:34","date_gmt":"2024-03-01T16:51:34","guid":{"rendered":"https:\/\/lourdesdistribuidora.com.ar\/wp\/?post_type=product&#038;p=1338"},"modified":"2025-01-23T18:36:39","modified_gmt":"2025-01-23T21:36:39","slug":"fumixan-pro-pastillas-x-250-gr","status":"publish","type":"product","link":"https:\/\/lourdesdistribuidora.com.ar\/wp\/?product=fumixan-pro-pastillas-x-250-gr","title":{"rendered":"FUMIXAN PRO PASTILLAS x 50 gr."},"content":{"rendered":"<p>fumixan PRO<\/p>\n<p>Fumixan Hogar es un formulado que produce una<br \/>\nnube de humo que hace que el ingrediente activo<br \/>\ninsecticida que lo compone llegue a sitios de dif\u00edcil<br \/>\nacceso: fisuras, rincones, etc. Tiene acci\u00f3n<br \/>\ninmediata, un gran poder de expulsi\u00f3n, de volteo y<br \/>\nrepelencia. Su prolongada acci\u00f3n residual permite<br \/>\neliminar insectos, hasta varios d\u00edas despu\u00e9s de la<br \/>\naplicaci\u00f3n.<\/p>\n<p>Presentaci\u00f3n:<br \/>\ncaja x 36 unid. de 50 gr<\/p>\n","protected":false},"excerpt":{"rendered":"<p>fumixan PRO Fumixan Hogar es un formulado que produce una nube de humo que hace que el ingrediente activo insecticida que lo compone llegue a sitios de dif\u00edcil acceso: fisuras, rincones, etc. Tiene acci\u00f3n inmediata, un gran poder de expulsi\u00f3n, de volteo y repelencia. Su prolongada acci\u00f3n residual permite eliminar insectos, hasta varios d\u00edas despu\u00e9s [&#8230;]\n","protected":false},"featured_media":494,"template":"","meta":{"_acf_changed":false},"pwb-brand":[89],"product_brand":[],"product_cat":[76],"product_tag":[],"class_list":{"0":"post-1338","1":"product","2":"type-product","3":"status-publish","4":"has-post-thumbnail","6":"pwb-brand-glacoxan","7":"product_cat-insecticida","9":"first","10":"instock","11":"taxable","12":"shipping-taxable","13":"product-type-simple"},"acf":[],"aioseo_notices":[],"brands":[{"id":89,"name":"Glacoxan","slug":"glacoxan"}],"_links":{"self":[{"href":"https:\/\/lourdesdistribuidora.com.ar\/wp\/index.php?rest_route=\/wp\/v2\/product\/1338","targetHints":{"allow":["GET"]}}],"collection":[{"href":"https:\/\/lourdesdistribuidora.com.ar\/wp\/index.php?rest_route=\/wp\/v2\/product"}],"about":[{"href":"https:\/\/lourdesdistribuidora.com.ar\/wp\/index.php?rest_route=\/wp\/v2\/types\/product"}],"wp:featuredmedia":[{"embeddable":true,"href":"https:\/\/lourdesdistribuidora.com.ar\/wp\/index.php?rest_route=\/wp\/v2\/media\/494"}],"wp:attachment":[{"href":"https:\/\/lourdesdistribuidora.com.ar\/wp\/index.php?rest_route=%2Fwp%2Fv2%2Fmedia&parent=1338"}],"wp:term":[{"taxonomy":"pwb-brand","embeddable":true,"href":"https:\/\/lourdesdistribuidora.com.ar\/wp\/index.php?rest_route=%2Fwp%2Fv2%2Fpwb-brand&post=1338"},{"taxonomy":"product_brand","embeddable":true,"href":"https:\/\/lourdesdistribuidora.com.ar\/wp\/index.php?rest_route=%2Fwp%2Fv2%2Fproduct_brand&post=1338"},{"taxonomy":"product_cat","embeddable":true,"href":"https:\/\/lourdesdistribuidora.com.ar\/wp\/index.php?rest_route=%2Fwp%2Fv2%2Fproduct_cat&post=1338"},{"taxonomy":"product_tag","embeddable":true,"href":"https:\/\/lourdesdistribuidora.com.ar\/wp\/index.php?rest_route=%2Fwp%2Fv2%2Fproduct_tag&post=1338"}],"curies":[{"name":"wp","href":"https:\/\/api.w.org\/{rel}","templated":true}]}}