{"id":1340,"date":"2024-03-01T13:57:52","date_gmt":"2024-03-01T16:57:52","guid":{"rendered":"https:\/\/lourdesdistribuidora.com.ar\/wp\/?post_type=product&#038;p=1340"},"modified":"2025-01-23T18:26:32","modified_gmt":"2025-01-23T21:26:32","slug":"glacoxan-e-x-60-cc","status":"publish","type":"product","link":"https:\/\/lourdesdistribuidora.com.ar\/wp\/?product=glacoxan-e-x-60-cc","title":{"rendered":"GLACOXAN &#8211; E x 60 cc"},"content":{"rendered":"<p>glacoxan &#8211; e<\/p>\n<p>\u25cf GLACOXAN E es un producto insecticida de<br \/>\namplio espectro especialmente indicado para<br \/>\neliminar hormigas y grillotopo. Sus principios<br \/>\nactivos act\u00faan por contacto, inhalaci\u00f3n e ingesti\u00f3n,<br \/>\nmanteniendo en el terreno una actividad y acci\u00f3n<br \/>\nresidual prolongada.<\/p>\n<p>&nbsp;<\/p>\n<p>PRESENTACIONES<br \/>\nPack de:<br \/>\n24 unid. de 60 cc.<br \/>\n24 unid. de 120 cc.<br \/>\n12 unid. de 250 cc.<br \/>\n12 unid. de 500 cc.<br \/>\n6 unid. de 1 Lt.<\/p>\n","protected":false},"excerpt":{"rendered":"<p>glacoxan &#8211; e \u25cf GLACOXAN E es un producto insecticida de amplio espectro especialmente indicado para eliminar hormigas y grillotopo. Sus principios activos act\u00faan por contacto, inhalaci\u00f3n e ingesti\u00f3n, manteniendo en el terreno una actividad y acci\u00f3n residual prolongada. &nbsp; PRESENTACIONES Pack de: 24 unid. de 60 cc. 24 unid. de 120 cc. 12 unid. [&#8230;]\n","protected":false},"featured_media":472,"template":"","meta":{"_acf_changed":false},"pwb-brand":[89],"product_brand":[],"product_cat":[76],"product_tag":[],"class_list":{"0":"post-1340","1":"product","2":"type-product","3":"status-publish","4":"has-post-thumbnail","6":"pwb-brand-glacoxan","7":"product_cat-insecticida","9":"first","10":"instock","11":"taxable","12":"shipping-taxable","13":"product-type-simple"},"acf":[],"aioseo_notices":[],"brands":[{"id":89,"name":"Glacoxan","slug":"glacoxan"}],"_links":{"self":[{"href":"https:\/\/lourdesdistribuidora.com.ar\/wp\/index.php?rest_route=\/wp\/v2\/product\/1340","targetHints":{"allow":["GET"]}}],"collection":[{"href":"https:\/\/lourdesdistribuidora.com.ar\/wp\/index.php?rest_route=\/wp\/v2\/product"}],"about":[{"href":"https:\/\/lourdesdistribuidora.com.ar\/wp\/index.php?rest_route=\/wp\/v2\/types\/product"}],"wp:featuredmedia":[{"embeddable":true,"href":"https:\/\/lourdesdistribuidora.com.ar\/wp\/index.php?rest_route=\/wp\/v2\/media\/472"}],"wp:attachment":[{"href":"https:\/\/lourdesdistribuidora.com.ar\/wp\/index.php?rest_route=%2Fwp%2Fv2%2Fmedia&parent=1340"}],"wp:term":[{"taxonomy":"pwb-brand","embeddable":true,"href":"https:\/\/lourdesdistribuidora.com.ar\/wp\/index.php?rest_route=%2Fwp%2Fv2%2Fpwb-brand&post=1340"},{"taxonomy":"product_brand","embeddable":true,"href":"https:\/\/lourdesdistribuidora.com.ar\/wp\/index.php?rest_route=%2Fwp%2Fv2%2Fproduct_brand&post=1340"},{"taxonomy":"product_cat","embeddable":true,"href":"https:\/\/lourdesdistribuidora.com.ar\/wp\/index.php?rest_route=%2Fwp%2Fv2%2Fproduct_cat&post=1340"},{"taxonomy":"product_tag","embeddable":true,"href":"https:\/\/lourdesdistribuidora.com.ar\/wp\/index.php?rest_route=%2Fwp%2Fv2%2Fproduct_tag&post=1340"}],"curies":[{"name":"wp","href":"https:\/\/api.w.org\/{rel}","templated":true}]}}