{"id":1354,"date":"2024-03-01T14:54:32","date_gmt":"2024-03-01T17:54:32","guid":{"rendered":"https:\/\/lourdesdistribuidora.com.ar\/wp\/?post_type=product&#038;p=1354"},"modified":"2024-09-27T17:28:35","modified_gmt":"2024-09-27T20:28:35","slug":"harina-de-hueso-x-1-kg","status":"publish","type":"product","link":"https:\/\/lourdesdistribuidora.com.ar\/wp\/?product=harina-de-hueso-x-1-kg","title":{"rendered":"HARINA DE HUESO x 1 Kg."},"content":{"rendered":"<p>harina de hueso<\/p>\n<p>\u25cf La harina de hueso es un fertilizante org\u00e1nico, favorece<br \/>\nel desarrollo radicular; aporta naturalmente f\u00f3sforo, calcio<br \/>\ny nitr\u00f3geno sin contaminar; vigoriza la planta<br \/>\nincrementando la cantidad de flores y frutos.<br \/>\n\u25cf Dosis y formas de aplicaci\u00f3n:<br \/>\n\u25cf Plantas ornamentales: 80 a 150 grs.\/m2, 20 a 30 d\u00edas antes del<br \/>\ntransplante o siembra, distribuir al voleo e incorporar.<br \/>\n\u25cf Macetas: 5 a 35 grs. por maceta seg\u00fan el di\u00e1metro de la misma,<br \/>\nen primavera y oto\u00f1o, esparcir y remover la tierra para incorporar.<br \/>\n\u25cf Frutales de carozo y pepita: 70 a 120 grs.\/a\u00f1o de edad de la<br \/>\nplanta, en primavera 30 d\u00edas antes de la floraci\u00f3n, en la<br \/>\nproyecci\u00f3n de la copa, alejado del tronco, incorporar mediante<br \/>\ncarpita<br \/>\n\u25cf Hortalizas: de 20 a 50 grs.\/m2, 20 a 30 d\u00edas antes de la siembra<br \/>\no transplante.<br \/>\n\u25cf C\u00e9spedes: 50 a 100 grs.\/m2 previo a la siembra, al voleo,<br \/>\nincorporar y luego regar. Alm\u00e1cigos: 50 a 120 grs.\/m2 al voleo<br \/>\nantes de sembrar.<\/p>\n<p>&nbsp;<\/p>\n<p>PRESENTACIONES<br \/>\nx 500 grs. (24 unidades)<br \/>\nx 1 Kg. (12 unidades)<\/p>\n<p>&nbsp;<\/p>\n","protected":false},"excerpt":{"rendered":"<p>harina de hueso \u25cf La harina de hueso es un fertilizante org\u00e1nico, favorece el desarrollo radicular; aporta naturalmente f\u00f3sforo, calcio y nitr\u00f3geno sin contaminar; vigoriza la planta incrementando la cantidad de flores y frutos. \u25cf Dosis y formas de aplicaci\u00f3n: \u25cf Plantas ornamentales: 80 a 150 grs.\/m2, 20 a 30 d\u00edas antes del transplante o [&#8230;]\n","protected":false},"featured_media":640,"template":"","meta":{"_acf_changed":false},"pwb-brand":[93],"product_brand":[],"product_cat":[84],"product_tag":[],"class_list":{"0":"post-1354","1":"product","2":"type-product","3":"status-publish","4":"has-post-thumbnail","6":"pwb-brand-grhesa","7":"product_cat-fertilizantes","9":"first","10":"instock","11":"taxable","12":"shipping-taxable","13":"product-type-simple"},"acf":[],"aioseo_notices":[],"brands":[{"id":93,"name":"Grhesa","slug":"grhesa"}],"_links":{"self":[{"href":"https:\/\/lourdesdistribuidora.com.ar\/wp\/index.php?rest_route=\/wp\/v2\/product\/1354","targetHints":{"allow":["GET"]}}],"collection":[{"href":"https:\/\/lourdesdistribuidora.com.ar\/wp\/index.php?rest_route=\/wp\/v2\/product"}],"about":[{"href":"https:\/\/lourdesdistribuidora.com.ar\/wp\/index.php?rest_route=\/wp\/v2\/types\/product"}],"wp:featuredmedia":[{"embeddable":true,"href":"https:\/\/lourdesdistribuidora.com.ar\/wp\/index.php?rest_route=\/wp\/v2\/media\/640"}],"wp:attachment":[{"href":"https:\/\/lourdesdistribuidora.com.ar\/wp\/index.php?rest_route=%2Fwp%2Fv2%2Fmedia&parent=1354"}],"wp:term":[{"taxonomy":"pwb-brand","embeddable":true,"href":"https:\/\/lourdesdistribuidora.com.ar\/wp\/index.php?rest_route=%2Fwp%2Fv2%2Fpwb-brand&post=1354"},{"taxonomy":"product_brand","embeddable":true,"href":"https:\/\/lourdesdistribuidora.com.ar\/wp\/index.php?rest_route=%2Fwp%2Fv2%2Fproduct_brand&post=1354"},{"taxonomy":"product_cat","embeddable":true,"href":"https:\/\/lourdesdistribuidora.com.ar\/wp\/index.php?rest_route=%2Fwp%2Fv2%2Fproduct_cat&post=1354"},{"taxonomy":"product_tag","embeddable":true,"href":"https:\/\/lourdesdistribuidora.com.ar\/wp\/index.php?rest_route=%2Fwp%2Fv2%2Fproduct_tag&post=1354"}],"curies":[{"name":"wp","href":"https:\/\/api.w.org\/{rel}","templated":true}]}}