{"id":1358,"date":"2024-03-01T15:49:48","date_gmt":"2024-03-01T18:49:48","guid":{"rendered":"https:\/\/lourdesdistribuidora.com.ar\/wp\/?post_type=product&#038;p=1358"},"modified":"2025-01-23T19:46:23","modified_gmt":"2025-01-23T22:46:23","slug":"destapa-canerias-concentrado-x-1-lt-2","status":"publish","type":"product","link":"https:\/\/lourdesdistribuidora.com.ar\/wp\/?product=destapa-canerias-concentrado-x-1-lt-2","title":{"rendered":"DESTAPA CA\u00d1ERIAS &#8211; Concentrado x 1 lt."},"content":{"rendered":"<p>DESTAPA CA\u00d1ER\u00edAS<br \/>\nCONCENTRADO<\/p>\n<p>Ventajas sobre productos tradicionales:<br \/>\n* Act\u00faa en ca\u00f1er\u00edas tapadas y semi tapadas.<\/p>\n<p>Est\u00e1 especialmente desarrollado para disolver las<br \/>\nobstrucciones generadas por los desperdicios acumulados en<br \/>\nel desag\u00fce, destruyendo grasa, jab\u00f3n y restos de comida.<\/p>\n<p>* Ideal para desag\u00fces de ba\u00f1os, cocinas y lavaderos.<br \/>\n* Apto para ca\u00f1os pl\u00e1sticos y met\u00e1licos.<\/p>\n<p>&nbsp;<\/p>\n<p>PRESENTACIONES<\/p>\n<p>Pack 12 Un. x 500 c.c.<br \/>\nPack 6 Un. x 1 Lt<\/p>\n","protected":false},"excerpt":{"rendered":"<p>DESTAPA CA\u00d1ER\u00edAS CONCENTRADO Ventajas sobre productos tradicionales: * Act\u00faa en ca\u00f1er\u00edas tapadas y semi tapadas. Est\u00e1 especialmente desarrollado para disolver las obstrucciones generadas por los desperdicios acumulados en el desag\u00fce, destruyendo grasa, jab\u00f3n y restos de comida. * Ideal para desag\u00fces de ba\u00f1os, cocinas y lavaderos. * Apto para ca\u00f1os pl\u00e1sticos y met\u00e1licos. &nbsp; PRESENTACIONES [&#8230;]\n","protected":false},"featured_media":728,"template":"","meta":{"_acf_changed":false},"pwb-brand":[112],"product_brand":[],"product_cat":[149],"product_tag":[],"class_list":{"0":"post-1358","1":"product","2":"type-product","3":"status-publish","4":"has-post-thumbnail","6":"pwb-brand-merclin","7":"product_cat-destapacanerias","9":"first","10":"instock","11":"taxable","12":"shipping-taxable","13":"product-type-simple"},"acf":[],"aioseo_notices":[],"brands":[{"id":112,"name":"Merclin","slug":"merclin"}],"_links":{"self":[{"href":"https:\/\/lourdesdistribuidora.com.ar\/wp\/index.php?rest_route=\/wp\/v2\/product\/1358","targetHints":{"allow":["GET"]}}],"collection":[{"href":"https:\/\/lourdesdistribuidora.com.ar\/wp\/index.php?rest_route=\/wp\/v2\/product"}],"about":[{"href":"https:\/\/lourdesdistribuidora.com.ar\/wp\/index.php?rest_route=\/wp\/v2\/types\/product"}],"wp:featuredmedia":[{"embeddable":true,"href":"https:\/\/lourdesdistribuidora.com.ar\/wp\/index.php?rest_route=\/wp\/v2\/media\/728"}],"wp:attachment":[{"href":"https:\/\/lourdesdistribuidora.com.ar\/wp\/index.php?rest_route=%2Fwp%2Fv2%2Fmedia&parent=1358"}],"wp:term":[{"taxonomy":"pwb-brand","embeddable":true,"href":"https:\/\/lourdesdistribuidora.com.ar\/wp\/index.php?rest_route=%2Fwp%2Fv2%2Fpwb-brand&post=1358"},{"taxonomy":"product_brand","embeddable":true,"href":"https:\/\/lourdesdistribuidora.com.ar\/wp\/index.php?rest_route=%2Fwp%2Fv2%2Fproduct_brand&post=1358"},{"taxonomy":"product_cat","embeddable":true,"href":"https:\/\/lourdesdistribuidora.com.ar\/wp\/index.php?rest_route=%2Fwp%2Fv2%2Fproduct_cat&post=1358"},{"taxonomy":"product_tag","embeddable":true,"href":"https:\/\/lourdesdistribuidora.com.ar\/wp\/index.php?rest_route=%2Fwp%2Fv2%2Fproduct_tag&post=1358"}],"curies":[{"name":"wp","href":"https:\/\/api.w.org\/{rel}","templated":true}]}}