{"id":1420,"date":"2024-09-13T14:34:59","date_gmt":"2024-09-13T17:34:59","guid":{"rendered":"https:\/\/lourdesdistribuidora.com.ar\/wp\/?post_type=product&#038;p=1420"},"modified":"2025-01-23T20:50:44","modified_gmt":"2025-01-23T23:50:44","slug":"vamp-bokashi-abono-de-murcielago-vegetativo-x-800-cc","status":"publish","type":"product","link":"https:\/\/lourdesdistribuidora.com.ar\/wp\/?product=vamp-bokashi-abono-de-murcielago-vegetativo-x-800-cc","title":{"rendered":"VAMP Bokashi &#8211; Abono de Murci\u00e9lago Vegetativo x 800 cc."},"content":{"rendered":"<p><strong>Cobertura para macetas y canteros<\/strong><\/p>\n<p>VAMP Bokashi Gallina + Murci\u00e9lago\u00a0es un abono con efecto a corto y largo plazo, el cual<br \/>\nposee nutrientes disponibles y microorganismos que liberan m\u00e1s nutrientes hacia la planta<br \/>\nseg\u00fan sus necesidades.<\/p>\n<p><strong>Abono org\u00e1nico 100% ecol\u00f3gico:<\/strong>\u00a0elaborado con guano de murci\u00e9lago y compostado<br \/>\nmediante la t\u00e9cnica japonesa denominada bokashi. No presenta peligros ni pat\u00f3genos.<br \/>\n<strong>Alta calidad en nutrici\u00f3n:<\/strong>\u00a0aporta gran variedad de nutrientes minerales (Nitr\u00f3geno, boro,<br \/>\nf\u00f3sforo, azufre, zinc, potasio, silicio, cobre y magnesio) y org\u00e1nicos (enzimas, amino\u00e1cidos,<br \/>\netc.).<\/p>\n","protected":false},"excerpt":{"rendered":"<p>Cobertura para macetas y canteros VAMP Bokashi Gallina + Murci\u00e9lago\u00a0es un abono con efecto a corto y largo plazo, el cual posee nutrientes disponibles y microorganismos que liberan m\u00e1s nutrientes hacia la planta seg\u00fan sus necesidades. Abono org\u00e1nico 100% ecol\u00f3gico:\u00a0elaborado con guano de murci\u00e9lago y compostado mediante la t\u00e9cnica japonesa denominada bokashi. No presenta peligros [&#8230;]\n","protected":false},"featured_media":1471,"template":"","meta":{"_acf_changed":false},"pwb-brand":[171],"product_brand":[],"product_cat":[152],"product_tag":[],"class_list":{"0":"post-1420","1":"product","2":"type-product","3":"status-publish","4":"has-post-thumbnail","6":"pwb-brand-vamp","7":"product_cat-prod-jardin","9":"first","10":"instock","11":"taxable","12":"shipping-taxable","13":"product-type-simple"},"acf":[],"aioseo_notices":[],"brands":[{"id":171,"name":"Vamp","slug":"vamp"}],"_links":{"self":[{"href":"https:\/\/lourdesdistribuidora.com.ar\/wp\/index.php?rest_route=\/wp\/v2\/product\/1420","targetHints":{"allow":["GET"]}}],"collection":[{"href":"https:\/\/lourdesdistribuidora.com.ar\/wp\/index.php?rest_route=\/wp\/v2\/product"}],"about":[{"href":"https:\/\/lourdesdistribuidora.com.ar\/wp\/index.php?rest_route=\/wp\/v2\/types\/product"}],"wp:featuredmedia":[{"embeddable":true,"href":"https:\/\/lourdesdistribuidora.com.ar\/wp\/index.php?rest_route=\/wp\/v2\/media\/1471"}],"wp:attachment":[{"href":"https:\/\/lourdesdistribuidora.com.ar\/wp\/index.php?rest_route=%2Fwp%2Fv2%2Fmedia&parent=1420"}],"wp:term":[{"taxonomy":"pwb-brand","embeddable":true,"href":"https:\/\/lourdesdistribuidora.com.ar\/wp\/index.php?rest_route=%2Fwp%2Fv2%2Fpwb-brand&post=1420"},{"taxonomy":"product_brand","embeddable":true,"href":"https:\/\/lourdesdistribuidora.com.ar\/wp\/index.php?rest_route=%2Fwp%2Fv2%2Fproduct_brand&post=1420"},{"taxonomy":"product_cat","embeddable":true,"href":"https:\/\/lourdesdistribuidora.com.ar\/wp\/index.php?rest_route=%2Fwp%2Fv2%2Fproduct_cat&post=1420"},{"taxonomy":"product_tag","embeddable":true,"href":"https:\/\/lourdesdistribuidora.com.ar\/wp\/index.php?rest_route=%2Fwp%2Fv2%2Fproduct_tag&post=1420"}],"curies":[{"name":"wp","href":"https:\/\/api.w.org\/{rel}","templated":true}]}}