{"id":1423,"date":"2024-09-13T14:38:38","date_gmt":"2024-09-13T17:38:38","guid":{"rendered":"https:\/\/lourdesdistribuidora.com.ar\/wp\/?post_type=product&#038;p=1423"},"modified":"2024-09-15T22:33:44","modified_gmt":"2024-09-16T01:33:44","slug":"vamp-bokashi-floracion-x-800-cc","status":"publish","type":"product","link":"https:\/\/lourdesdistribuidora.com.ar\/wp\/?product=vamp-bokashi-floracion-x-800-cc","title":{"rendered":"VAMP &#8211; Bokashi FLORACION &#8211; X 800 cc"},"content":{"rendered":"<p>La floraci\u00f3n es un momento de cambios fisiol\u00f3gicos de la planta, donde enfocar\u00e1 toda su<br \/>\nenerg\u00eda en la producci\u00f3n de flores y frutos. Por eso creamos\u00a0<strong>VAMP FLORA<\/strong>, que<br \/>\ncomplementa el trabajo de\u00a0<strong>VAMP Vegetativo<\/strong>, reorientando la nutrici\u00f3n en funci\u00f3n de las<br \/>\ndemandas de esta etapa.<br \/>\nPara lograrlo aprovechamos la acci\u00f3n controlada de los microorganismos compost\u00e1ndolos<br \/>\nmediante el sistema Bokashi.<\/p>\n<p><strong>Por qu\u00e9 usar VAMP Flora?<\/strong><\/p>\n<ul>\n<li>Aumenta la formaci\u00f3n de flores y el desarrollo de frutos.<\/li>\n<li>Al ser un abono integral, suplementa las posibles deficiencias nutricionales evitando<br \/>\nenfermedades.<\/li>\n<li>Reduce la proporci\u00f3n de nitr\u00f3geno por su riqueza en f\u00f3sforo, potasio y boro.<\/li>\n<li>Conserva todas las ventajas del VAMP vegetativo con respecto a su acci\u00f3n ben\u00e9fica para<br \/>\nla estructura y la vida del suelo.<\/li>\n<\/ul>\n","protected":false},"excerpt":{"rendered":"<p>La floraci\u00f3n es un momento de cambios fisiol\u00f3gicos de la planta, donde enfocar\u00e1 toda su energ\u00eda en la producci\u00f3n de flores y frutos. Por eso creamos\u00a0VAMP FLORA, que complementa el trabajo de\u00a0VAMP Vegetativo, reorientando la nutrici\u00f3n en funci\u00f3n de las demandas de esta etapa. Para lograrlo aprovechamos la acci\u00f3n controlada de los microorganismos compost\u00e1ndolos mediante [&#8230;]\n","protected":false},"featured_media":1470,"template":"","meta":{"_acf_changed":false},"pwb-brand":[171],"product_brand":[],"product_cat":[152],"product_tag":[],"class_list":{"0":"post-1423","1":"product","2":"type-product","3":"status-publish","4":"has-post-thumbnail","6":"pwb-brand-vamp","7":"product_cat-prod-jardin","9":"first","10":"instock","11":"taxable","12":"shipping-taxable","13":"product-type-simple"},"acf":[],"aioseo_notices":[],"brands":[{"id":171,"name":"Vamp","slug":"vamp"}],"_links":{"self":[{"href":"https:\/\/lourdesdistribuidora.com.ar\/wp\/index.php?rest_route=\/wp\/v2\/product\/1423","targetHints":{"allow":["GET"]}}],"collection":[{"href":"https:\/\/lourdesdistribuidora.com.ar\/wp\/index.php?rest_route=\/wp\/v2\/product"}],"about":[{"href":"https:\/\/lourdesdistribuidora.com.ar\/wp\/index.php?rest_route=\/wp\/v2\/types\/product"}],"wp:featuredmedia":[{"embeddable":true,"href":"https:\/\/lourdesdistribuidora.com.ar\/wp\/index.php?rest_route=\/wp\/v2\/media\/1470"}],"wp:attachment":[{"href":"https:\/\/lourdesdistribuidora.com.ar\/wp\/index.php?rest_route=%2Fwp%2Fv2%2Fmedia&parent=1423"}],"wp:term":[{"taxonomy":"pwb-brand","embeddable":true,"href":"https:\/\/lourdesdistribuidora.com.ar\/wp\/index.php?rest_route=%2Fwp%2Fv2%2Fpwb-brand&post=1423"},{"taxonomy":"product_brand","embeddable":true,"href":"https:\/\/lourdesdistribuidora.com.ar\/wp\/index.php?rest_route=%2Fwp%2Fv2%2Fproduct_brand&post=1423"},{"taxonomy":"product_cat","embeddable":true,"href":"https:\/\/lourdesdistribuidora.com.ar\/wp\/index.php?rest_route=%2Fwp%2Fv2%2Fproduct_cat&post=1423"},{"taxonomy":"product_tag","embeddable":true,"href":"https:\/\/lourdesdistribuidora.com.ar\/wp\/index.php?rest_route=%2Fwp%2Fv2%2Fproduct_tag&post=1423"}],"curies":[{"name":"wp","href":"https:\/\/api.w.org\/{rel}","templated":true}]}}