{"id":1428,"date":"2024-09-13T14:57:52","date_gmt":"2024-09-13T17:57:52","guid":{"rendered":"https:\/\/lourdesdistribuidora.com.ar\/wp\/?post_type=product&#038;p=1428"},"modified":"2025-01-23T20:51:35","modified_gmt":"2025-01-23T23:51:35","slug":"vamp-bokashi-abono-floracion-gallinamurcielago","status":"publish","type":"product","link":"https:\/\/lourdesdistribuidora.com.ar\/wp\/?product=vamp-bokashi-abono-floracion-gallinamurcielago","title":{"rendered":"VAMP &#8211; BOKASHI &#8211; Abono FLORACION &#8211; Gallina+Murci\u00e9lago"},"content":{"rendered":"<p><strong>VAMP Bokashi Gallina + Murci\u00e9lago<\/strong>\u00a0es un abono con efecto a corto y largo plazo, el cual<br \/>\nposee nutrientes disponibles y microorganismos que liberan m\u00e1s nutrientes hacia la planta<br \/>\nseg\u00fan sus necesidades.<\/p>\n<p><strong>Abono org\u00e1nico 100% ecol\u00f3gico:<\/strong>\u00a0elaborado con guano de murci\u00e9lago y compostado<br \/>\nmediante la t\u00e9cnica japonesa denominada bokashi. No presenta peligros ni pat\u00f3genos.<br \/>\nAlta calidad en nutrici\u00f3n: aporta gran variedad de nutrientes minerales (Nitr\u00f3geno, boro,<br \/>\nf\u00f3sforo, azufre, zinc, potasio, silicio, cobre y magnesio) y org\u00e1nicos (enzimas, amino\u00e1cidos,<br \/>\netc.).<br \/>\n<strong>Incrementa la actividad biol\u00f3gica:<\/strong>\u00a0VAMP contiene microorganismos formadores de suelo<br \/>\n(M.E.) que interact\u00faan positivamente con la planta mejorando la retenci\u00f3n y asimilaci\u00f3n de<br \/>\nlos nutrientes.<br \/>\n<strong>Mejora el sistema inmunol\u00f3gico de las plantas:<\/strong>\u00a0generando resistencia a plagas y<br \/>\nenfermedades.<br \/>\n<strong>Regenera suelos da\u00f1ados:<\/strong>\u00a0les devuelve la vida, fertilizando, dando estructura y reduciendo<br \/>\nla erosi\u00f3n.<\/p>\n","protected":false},"excerpt":{"rendered":"<p>VAMP Bokashi Gallina + Murci\u00e9lago\u00a0es un abono con efecto a corto y largo plazo, el cual posee nutrientes disponibles y microorganismos que liberan m\u00e1s nutrientes hacia la planta seg\u00fan sus necesidades. Abono org\u00e1nico 100% ecol\u00f3gico:\u00a0elaborado con guano de murci\u00e9lago y compostado mediante la t\u00e9cnica japonesa denominada bokashi. No presenta peligros ni pat\u00f3genos. Alta calidad en [&#8230;]\n","protected":false},"featured_media":1466,"template":"","meta":{"_acf_changed":false},"pwb-brand":[171],"product_brand":[],"product_cat":[152],"product_tag":[],"class_list":{"0":"post-1428","1":"product","2":"type-product","3":"status-publish","4":"has-post-thumbnail","6":"pwb-brand-vamp","7":"product_cat-prod-jardin","9":"first","10":"instock","11":"taxable","12":"shipping-taxable","13":"product-type-simple"},"acf":[],"aioseo_notices":[],"brands":[{"id":171,"name":"Vamp","slug":"vamp"}],"_links":{"self":[{"href":"https:\/\/lourdesdistribuidora.com.ar\/wp\/index.php?rest_route=\/wp\/v2\/product\/1428","targetHints":{"allow":["GET"]}}],"collection":[{"href":"https:\/\/lourdesdistribuidora.com.ar\/wp\/index.php?rest_route=\/wp\/v2\/product"}],"about":[{"href":"https:\/\/lourdesdistribuidora.com.ar\/wp\/index.php?rest_route=\/wp\/v2\/types\/product"}],"wp:featuredmedia":[{"embeddable":true,"href":"https:\/\/lourdesdistribuidora.com.ar\/wp\/index.php?rest_route=\/wp\/v2\/media\/1466"}],"wp:attachment":[{"href":"https:\/\/lourdesdistribuidora.com.ar\/wp\/index.php?rest_route=%2Fwp%2Fv2%2Fmedia&parent=1428"}],"wp:term":[{"taxonomy":"pwb-brand","embeddable":true,"href":"https:\/\/lourdesdistribuidora.com.ar\/wp\/index.php?rest_route=%2Fwp%2Fv2%2Fpwb-brand&post=1428"},{"taxonomy":"product_brand","embeddable":true,"href":"https:\/\/lourdesdistribuidora.com.ar\/wp\/index.php?rest_route=%2Fwp%2Fv2%2Fproduct_brand&post=1428"},{"taxonomy":"product_cat","embeddable":true,"href":"https:\/\/lourdesdistribuidora.com.ar\/wp\/index.php?rest_route=%2Fwp%2Fv2%2Fproduct_cat&post=1428"},{"taxonomy":"product_tag","embeddable":true,"href":"https:\/\/lourdesdistribuidora.com.ar\/wp\/index.php?rest_route=%2Fwp%2Fv2%2Fproduct_tag&post=1428"}],"curies":[{"name":"wp","href":"https:\/\/api.w.org\/{rel}","templated":true}]}}