{"id":1432,"date":"2024-09-13T15:01:38","date_gmt":"2024-09-13T18:01:38","guid":{"rendered":"https:\/\/lourdesdistribuidora.com.ar\/wp\/?post_type=product&#038;p=1432"},"modified":"2025-01-23T20:51:47","modified_gmt":"2025-01-23T23:51:47","slug":"vamp-polvo-de-roca-3-en-1-x-1-kg","status":"publish","type":"product","link":"https:\/\/lourdesdistribuidora.com.ar\/wp\/?product=vamp-polvo-de-roca-3-en-1-x-1-kg","title":{"rendered":"VAMP &#8211; Polvo de Roca 3 en 1 &#8211; x 1 Kg."},"content":{"rendered":"<p><span class=\"\">POLVOS DE ROCA VAMP 3 en 1 son la nueva forma de fertilizar tus cultivos y mineralizar el suelo de forma org\u00e1nica sin tener que recurrir a fertilizantes qu\u00edmicos ni agroqu\u00edmicos. Ya en otras partes del mundo se est\u00e1n utilizando con \u00e9xito y en Argentina somos los primeros en presentar una enmienda mineral org\u00e1nica compuesta por SAPONITA, BASALTO y ZEOLITA.<\/span><\/p>\n<p>BENEFICIOS:<br \/>\nMejora la calidad del suelo.<br \/>\nMejora la estructura, el intercambio cati\u00f3nico, promoviendo cultivos con vigorosidad, promoviendo el desarrollo de la masa radicular y la vida tr\u00f3fica del suelo<br \/>\nAumenta la capacidad de retenci\u00f3n de agua en el suelo y en sustratos livianos.<\/p>\n<p>MODOS DE USO:<br \/>\nSustratos: usar del 1 al 2%. Mezclar en 100 L de sustrato (98L sustrato 2L de Polvos de Roca Vamp ll 14 tapitas cada 10 litros)<br \/>\nMacetas: una tapita cada 4 litros de sustrato.<br \/>\nArboles: aplicar al suelo, alejado del tronco en un pozo, 1kg en \u00e1rboles adultos y cubrir con tierra para proteger la enmienda.<\/p>\n","protected":false},"excerpt":{"rendered":"<p>POLVOS DE ROCA VAMP 3 en 1 son la nueva forma de fertilizar tus cultivos y mineralizar el suelo de forma org\u00e1nica sin tener que recurrir a fertilizantes qu\u00edmicos ni agroqu\u00edmicos. Ya en otras partes del mundo se est\u00e1n utilizando con \u00e9xito y en Argentina somos los primeros en presentar una enmienda mineral org\u00e1nica compuesta [&#8230;]\n","protected":false},"featured_media":1465,"template":"","meta":{"_acf_changed":false},"pwb-brand":[171],"product_brand":[],"product_cat":[152],"product_tag":[],"class_list":{"0":"post-1432","1":"product","2":"type-product","3":"status-publish","4":"has-post-thumbnail","6":"pwb-brand-vamp","7":"product_cat-prod-jardin","9":"first","10":"instock","11":"taxable","12":"shipping-taxable","13":"product-type-simple"},"acf":[],"aioseo_notices":[],"brands":[{"id":171,"name":"Vamp","slug":"vamp"}],"_links":{"self":[{"href":"https:\/\/lourdesdistribuidora.com.ar\/wp\/index.php?rest_route=\/wp\/v2\/product\/1432","targetHints":{"allow":["GET"]}}],"collection":[{"href":"https:\/\/lourdesdistribuidora.com.ar\/wp\/index.php?rest_route=\/wp\/v2\/product"}],"about":[{"href":"https:\/\/lourdesdistribuidora.com.ar\/wp\/index.php?rest_route=\/wp\/v2\/types\/product"}],"wp:featuredmedia":[{"embeddable":true,"href":"https:\/\/lourdesdistribuidora.com.ar\/wp\/index.php?rest_route=\/wp\/v2\/media\/1465"}],"wp:attachment":[{"href":"https:\/\/lourdesdistribuidora.com.ar\/wp\/index.php?rest_route=%2Fwp%2Fv2%2Fmedia&parent=1432"}],"wp:term":[{"taxonomy":"pwb-brand","embeddable":true,"href":"https:\/\/lourdesdistribuidora.com.ar\/wp\/index.php?rest_route=%2Fwp%2Fv2%2Fpwb-brand&post=1432"},{"taxonomy":"product_brand","embeddable":true,"href":"https:\/\/lourdesdistribuidora.com.ar\/wp\/index.php?rest_route=%2Fwp%2Fv2%2Fproduct_brand&post=1432"},{"taxonomy":"product_cat","embeddable":true,"href":"https:\/\/lourdesdistribuidora.com.ar\/wp\/index.php?rest_route=%2Fwp%2Fv2%2Fproduct_cat&post=1432"},{"taxonomy":"product_tag","embeddable":true,"href":"https:\/\/lourdesdistribuidora.com.ar\/wp\/index.php?rest_route=%2Fwp%2Fv2%2Fproduct_tag&post=1432"}],"curies":[{"name":"wp","href":"https:\/\/api.w.org\/{rel}","templated":true}]}}