{"id":1434,"date":"2024-09-13T15:04:35","date_gmt":"2024-09-13T18:04:35","guid":{"rendered":"https:\/\/lourdesdistribuidora.com.ar\/wp\/?post_type=product&#038;p=1434"},"modified":"2025-01-23T20:51:59","modified_gmt":"2025-01-23T23:51:59","slug":"vamp-sustrato-magico-x-10-lt","status":"publish","type":"product","link":"https:\/\/lourdesdistribuidora.com.ar\/wp\/?product=vamp-sustrato-magico-x-10-lt","title":{"rendered":"VAMP &#8211; Sustrato M\u00e1gico &#8211; x 10 Lt."},"content":{"rendered":"<p style=\"font-weight: 400;\">Nuestro sustrato es un medio de cultivo, de creaci\u00f3n propia, realizado a partir de la fermentaci\u00f3n y transformaci\u00f3n a cargo de nuestra colonia de MM, de subproductos de otras industrias, como la cascarilla de arroz, carbonilla, tierra negra, compost (de producci\u00f3n propia), adem\u00e1s de bokashi y polvos de roca.<\/p>\n<p style=\"font-weight: 400;\">Puede ser usado directamente como sustrato, aunque tambi\u00e9n como abono y como mejorador de sustratos livianos con bajo contenido de materia org\u00e1nica, por lo que se puede utilizar como complemento a la hora de idear nuestro sustrato final gracias a su alto contenido de materia org\u00e1nica, pudiendo ser implementado en todo tipo de cultivo.<\/p>\n<p style=\"font-weight: 400;\">Fue creado con el objetivo de aprovechar desperdicios de otras industrias y as\u00ed evitar la sobre explotaci\u00f3n de recursos naturales y no renovables como la turba.<\/p>\n","protected":false},"excerpt":{"rendered":"<p>Nuestro sustrato es un medio de cultivo, de creaci\u00f3n propia, realizado a partir de la fermentaci\u00f3n y transformaci\u00f3n a cargo de nuestra colonia de MM, de subproductos de otras industrias, como la cascarilla de arroz, carbonilla, tierra negra, compost (de producci\u00f3n propia), adem\u00e1s de bokashi y polvos de roca. Puede ser usado directamente como sustrato, [&#8230;]\n","protected":false},"featured_media":1464,"template":"","meta":{"_acf_changed":false},"pwb-brand":[171],"product_brand":[],"product_cat":[152],"product_tag":[],"class_list":{"0":"post-1434","1":"product","2":"type-product","3":"status-publish","4":"has-post-thumbnail","6":"pwb-brand-vamp","7":"product_cat-prod-jardin","9":"first","10":"instock","11":"taxable","12":"shipping-taxable","13":"product-type-simple"},"acf":[],"aioseo_notices":[],"brands":[{"id":171,"name":"Vamp","slug":"vamp"}],"_links":{"self":[{"href":"https:\/\/lourdesdistribuidora.com.ar\/wp\/index.php?rest_route=\/wp\/v2\/product\/1434","targetHints":{"allow":["GET"]}}],"collection":[{"href":"https:\/\/lourdesdistribuidora.com.ar\/wp\/index.php?rest_route=\/wp\/v2\/product"}],"about":[{"href":"https:\/\/lourdesdistribuidora.com.ar\/wp\/index.php?rest_route=\/wp\/v2\/types\/product"}],"wp:featuredmedia":[{"embeddable":true,"href":"https:\/\/lourdesdistribuidora.com.ar\/wp\/index.php?rest_route=\/wp\/v2\/media\/1464"}],"wp:attachment":[{"href":"https:\/\/lourdesdistribuidora.com.ar\/wp\/index.php?rest_route=%2Fwp%2Fv2%2Fmedia&parent=1434"}],"wp:term":[{"taxonomy":"pwb-brand","embeddable":true,"href":"https:\/\/lourdesdistribuidora.com.ar\/wp\/index.php?rest_route=%2Fwp%2Fv2%2Fpwb-brand&post=1434"},{"taxonomy":"product_brand","embeddable":true,"href":"https:\/\/lourdesdistribuidora.com.ar\/wp\/index.php?rest_route=%2Fwp%2Fv2%2Fproduct_brand&post=1434"},{"taxonomy":"product_cat","embeddable":true,"href":"https:\/\/lourdesdistribuidora.com.ar\/wp\/index.php?rest_route=%2Fwp%2Fv2%2Fproduct_cat&post=1434"},{"taxonomy":"product_tag","embeddable":true,"href":"https:\/\/lourdesdistribuidora.com.ar\/wp\/index.php?rest_route=%2Fwp%2Fv2%2Fproduct_tag&post=1434"}],"curies":[{"name":"wp","href":"https:\/\/api.w.org\/{rel}","templated":true}]}}