{"id":1436,"date":"2024-09-13T15:08:03","date_gmt":"2024-09-13T18:08:03","guid":{"rendered":"https:\/\/lourdesdistribuidora.com.ar\/wp\/?post_type=product&#038;p=1436"},"modified":"2025-01-23T20:52:14","modified_gmt":"2025-01-23T23:52:14","slug":"vamp-vampkashi-abono-x-1-lt","status":"publish","type":"product","link":"https:\/\/lourdesdistribuidora.com.ar\/wp\/?product=vamp-vampkashi-abono-x-1-lt","title":{"rendered":"VAMP, Vampkashi &#8211; Abono x 1 Lt."},"content":{"rendered":"<p>Vampkashi es una enmienda s\u00f3lida, org\u00e1nica y fermentada, enriquecida con microorganismos ben\u00e9ficos locales. Su funci\u00f3n es la de enriquecer la red tr\u00f3fica del suelo, a trav\u00e9s de la formaci\u00f3n de hifas de hongos ben\u00e9ficos, levadura y bacterias, Todos estos organismos cumplen las funciones de:<\/p>\n<p>*Abono org\u00e1nico enriquecedor de suelos.<\/p>\n<p>*Aporta prote\u00ednas, minerales, vitaminas y nutrientes.<\/p>\n<p>*Protege el suelo contra pat\u00f3genos.<\/p>\n<p>*Aumenta la diversidad microbiol\u00f3gica del suelo.<\/p>\n<p>*Habilita, recicla y recircula nutrientes.<\/p>\n<p>*Acelera el proceso de compostaje.<\/p>\n<p>*Mejora la estructura del suelo.<\/p>\n<p>*Aumenta el vigor y salud de las plantas.<\/p>\n<p>APLICACIONES<\/p>\n<p>Para todo tipo de plantas anuales, flores, vegetales, frutales, \u00e1rboles y arbustos.<\/p>\n","protected":false},"excerpt":{"rendered":"<p>Vampkashi es una enmienda s\u00f3lida, org\u00e1nica y fermentada, enriquecida con microorganismos ben\u00e9ficos locales. Su funci\u00f3n es la de enriquecer la red tr\u00f3fica del suelo, a trav\u00e9s de la formaci\u00f3n de hifas de hongos ben\u00e9ficos, levadura y bacterias, Todos estos organismos cumplen las funciones de: *Abono org\u00e1nico enriquecedor de suelos. *Aporta prote\u00ednas, minerales, vitaminas y nutrientes. [&#8230;]\n","protected":false},"featured_media":1462,"template":"","meta":{"_acf_changed":false},"pwb-brand":[171],"product_brand":[],"product_cat":[152],"product_tag":[],"class_list":{"0":"post-1436","1":"product","2":"type-product","3":"status-publish","4":"has-post-thumbnail","6":"pwb-brand-vamp","7":"product_cat-prod-jardin","9":"first","10":"instock","11":"taxable","12":"shipping-taxable","13":"product-type-simple"},"acf":[],"aioseo_notices":[],"brands":[{"id":171,"name":"Vamp","slug":"vamp"}],"_links":{"self":[{"href":"https:\/\/lourdesdistribuidora.com.ar\/wp\/index.php?rest_route=\/wp\/v2\/product\/1436","targetHints":{"allow":["GET"]}}],"collection":[{"href":"https:\/\/lourdesdistribuidora.com.ar\/wp\/index.php?rest_route=\/wp\/v2\/product"}],"about":[{"href":"https:\/\/lourdesdistribuidora.com.ar\/wp\/index.php?rest_route=\/wp\/v2\/types\/product"}],"wp:featuredmedia":[{"embeddable":true,"href":"https:\/\/lourdesdistribuidora.com.ar\/wp\/index.php?rest_route=\/wp\/v2\/media\/1462"}],"wp:attachment":[{"href":"https:\/\/lourdesdistribuidora.com.ar\/wp\/index.php?rest_route=%2Fwp%2Fv2%2Fmedia&parent=1436"}],"wp:term":[{"taxonomy":"pwb-brand","embeddable":true,"href":"https:\/\/lourdesdistribuidora.com.ar\/wp\/index.php?rest_route=%2Fwp%2Fv2%2Fpwb-brand&post=1436"},{"taxonomy":"product_brand","embeddable":true,"href":"https:\/\/lourdesdistribuidora.com.ar\/wp\/index.php?rest_route=%2Fwp%2Fv2%2Fproduct_brand&post=1436"},{"taxonomy":"product_cat","embeddable":true,"href":"https:\/\/lourdesdistribuidora.com.ar\/wp\/index.php?rest_route=%2Fwp%2Fv2%2Fproduct_cat&post=1436"},{"taxonomy":"product_tag","embeddable":true,"href":"https:\/\/lourdesdistribuidora.com.ar\/wp\/index.php?rest_route=%2Fwp%2Fv2%2Fproduct_tag&post=1436"}],"curies":[{"name":"wp","href":"https:\/\/api.w.org\/{rel}","templated":true}]}}