{"id":1438,"date":"2024-09-13T15:11:32","date_gmt":"2024-09-13T18:11:32","guid":{"rendered":"https:\/\/lourdesdistribuidora.com.ar\/wp\/?post_type=product&#038;p=1438"},"modified":"2025-01-23T20:52:32","modified_gmt":"2025-01-23T23:52:32","slug":"vamp-vampimelaza-mix-x-500-cc","status":"publish","type":"product","link":"https:\/\/lourdesdistribuidora.com.ar\/wp\/?product=vamp-vampimelaza-mix-x-500-cc","title":{"rendered":"VAMP, VampImelaza &#8211; MIX x 500 cc"},"content":{"rendered":"<p>ES UN PRODUCTO QUE CONTIENE FERMENTO DE FRUTAS Y UNA MEZCLA DE CARBOHIDRATOS ORG\u00c1NICOS OBTENIDOS A TRAV\u00c9S DE LA FERMENTACI\u00d3N POR BACTERIAS Y HONGOS BENEFICIOSOS. EST\u00c1 DISE\u00d1ADO PARA ALIMENTAR Y DESARROLLAR TUS FRUTOS Y FLORES DE MANERA ORG\u00c1NICA. ESTE PRODUCTO TIENE UN FUERTE PODER ENZIM\u00c1TICO QUE ACTIVA LA NUTRICI\u00d3N DE LAS PLANTAS Y FUNCIONA COMO UN BIOESTIMULANTE, POR LO QUE PUEDE SER UTILIZADO EN CUALQUIER ETAPA DE TU CULTIVO.<\/p>\n","protected":false},"excerpt":{"rendered":"<p>ES UN PRODUCTO QUE CONTIENE FERMENTO DE FRUTAS Y UNA MEZCLA DE CARBOHIDRATOS ORG\u00c1NICOS OBTENIDOS A TRAV\u00c9S DE LA FERMENTACI\u00d3N POR BACTERIAS Y HONGOS BENEFICIOSOS. EST\u00c1 DISE\u00d1ADO PARA ALIMENTAR Y DESARROLLAR TUS FRUTOS Y FLORES DE MANERA ORG\u00c1NICA. ESTE PRODUCTO TIENE UN FUERTE PODER ENZIM\u00c1TICO QUE ACTIVA LA NUTRICI\u00d3N DE LAS PLANTAS Y FUNCIONA COMO [&#8230;]\n","protected":false},"featured_media":1463,"template":"","meta":{"_acf_changed":false},"pwb-brand":[171],"product_brand":[],"product_cat":[152],"product_tag":[],"class_list":{"0":"post-1438","1":"product","2":"type-product","3":"status-publish","4":"has-post-thumbnail","6":"pwb-brand-vamp","7":"product_cat-prod-jardin","9":"first","10":"instock","11":"taxable","12":"shipping-taxable","13":"product-type-simple"},"acf":[],"aioseo_notices":[],"brands":[{"id":171,"name":"Vamp","slug":"vamp"}],"_links":{"self":[{"href":"https:\/\/lourdesdistribuidora.com.ar\/wp\/index.php?rest_route=\/wp\/v2\/product\/1438","targetHints":{"allow":["GET"]}}],"collection":[{"href":"https:\/\/lourdesdistribuidora.com.ar\/wp\/index.php?rest_route=\/wp\/v2\/product"}],"about":[{"href":"https:\/\/lourdesdistribuidora.com.ar\/wp\/index.php?rest_route=\/wp\/v2\/types\/product"}],"wp:featuredmedia":[{"embeddable":true,"href":"https:\/\/lourdesdistribuidora.com.ar\/wp\/index.php?rest_route=\/wp\/v2\/media\/1463"}],"wp:attachment":[{"href":"https:\/\/lourdesdistribuidora.com.ar\/wp\/index.php?rest_route=%2Fwp%2Fv2%2Fmedia&parent=1438"}],"wp:term":[{"taxonomy":"pwb-brand","embeddable":true,"href":"https:\/\/lourdesdistribuidora.com.ar\/wp\/index.php?rest_route=%2Fwp%2Fv2%2Fpwb-brand&post=1438"},{"taxonomy":"product_brand","embeddable":true,"href":"https:\/\/lourdesdistribuidora.com.ar\/wp\/index.php?rest_route=%2Fwp%2Fv2%2Fproduct_brand&post=1438"},{"taxonomy":"product_cat","embeddable":true,"href":"https:\/\/lourdesdistribuidora.com.ar\/wp\/index.php?rest_route=%2Fwp%2Fv2%2Fproduct_cat&post=1438"},{"taxonomy":"product_tag","embeddable":true,"href":"https:\/\/lourdesdistribuidora.com.ar\/wp\/index.php?rest_route=%2Fwp%2Fv2%2Fproduct_tag&post=1438"}],"curies":[{"name":"wp","href":"https:\/\/api.w.org\/{rel}","templated":true}]}}