{"id":1440,"date":"2024-09-13T15:17:10","date_gmt":"2024-09-13T18:17:10","guid":{"rendered":"https:\/\/lourdesdistribuidora.com.ar\/wp\/?post_type=product&#038;p=1440"},"modified":"2025-01-23T20:52:54","modified_gmt":"2025-01-23T23:52:54","slug":"vamp-hechizo-boom-bioestimulante-x-500cc","status":"publish","type":"product","link":"https:\/\/lourdesdistribuidora.com.ar\/wp\/?product=vamp-hechizo-boom-bioestimulante-x-500cc","title":{"rendered":"VAMP, HECHIZO BOOM &#8211; Bioestimulante x 500cc."},"content":{"rendered":"<p><strong>Hechizo boom<\/strong>\u00a0estimula el crecimiento, desarrollo y protecci\u00f3n de tus plantas de la semilla al fruto. Al mismo tiempo las fertiliza, aportando todos los minerales necesarios para una nutrici\u00f3n balanceada. Este l\u00edquido contiene vitaminas, minerales, hormonas, enzimas, carbohidratos y amino\u00e1cidos varios originados en una fermentaci\u00f3n natural.<\/p>\n<p><strong>BENEFICIOS<\/strong><\/p>\n<ul>\n<li>Resultados a corto plazo.<\/li>\n<li>Aumento de la resistencia al ataque de plagas y enfermedades.<\/li>\n<li>Desarrollo m\u00e1s r\u00e1pido de las distintas etapas de cultivo.<\/li>\n<li>Aumento de la cantidad, tama\u00f1o y vigorosidad de la floraci\u00f3n.<\/li>\n<li>Aumento de la producci\u00f3n, sabor y aroma.<\/li>\n<li>Es 100% natural y no deja residuos en el cultivo, apto para fines medicinales.<\/li>\n<\/ul>\n","protected":false},"excerpt":{"rendered":"<p>Hechizo boom\u00a0estimula el crecimiento, desarrollo y protecci\u00f3n de tus plantas de la semilla al fruto. Al mismo tiempo las fertiliza, aportando todos los minerales necesarios para una nutrici\u00f3n balanceada. Este l\u00edquido contiene vitaminas, minerales, hormonas, enzimas, carbohidratos y amino\u00e1cidos varios originados en una fermentaci\u00f3n natural. BENEFICIOS Resultados a corto plazo. Aumento de la resistencia al [&#8230;]\n","protected":false},"featured_media":1461,"template":"","meta":{"_acf_changed":false},"pwb-brand":[171],"product_brand":[],"product_cat":[152],"product_tag":[],"class_list":{"0":"post-1440","1":"product","2":"type-product","3":"status-publish","4":"has-post-thumbnail","6":"pwb-brand-vamp","7":"product_cat-prod-jardin","9":"first","10":"instock","11":"taxable","12":"shipping-taxable","13":"product-type-simple"},"acf":[],"aioseo_notices":[],"brands":[{"id":171,"name":"Vamp","slug":"vamp"}],"_links":{"self":[{"href":"https:\/\/lourdesdistribuidora.com.ar\/wp\/index.php?rest_route=\/wp\/v2\/product\/1440","targetHints":{"allow":["GET"]}}],"collection":[{"href":"https:\/\/lourdesdistribuidora.com.ar\/wp\/index.php?rest_route=\/wp\/v2\/product"}],"about":[{"href":"https:\/\/lourdesdistribuidora.com.ar\/wp\/index.php?rest_route=\/wp\/v2\/types\/product"}],"wp:featuredmedia":[{"embeddable":true,"href":"https:\/\/lourdesdistribuidora.com.ar\/wp\/index.php?rest_route=\/wp\/v2\/media\/1461"}],"wp:attachment":[{"href":"https:\/\/lourdesdistribuidora.com.ar\/wp\/index.php?rest_route=%2Fwp%2Fv2%2Fmedia&parent=1440"}],"wp:term":[{"taxonomy":"pwb-brand","embeddable":true,"href":"https:\/\/lourdesdistribuidora.com.ar\/wp\/index.php?rest_route=%2Fwp%2Fv2%2Fpwb-brand&post=1440"},{"taxonomy":"product_brand","embeddable":true,"href":"https:\/\/lourdesdistribuidora.com.ar\/wp\/index.php?rest_route=%2Fwp%2Fv2%2Fproduct_brand&post=1440"},{"taxonomy":"product_cat","embeddable":true,"href":"https:\/\/lourdesdistribuidora.com.ar\/wp\/index.php?rest_route=%2Fwp%2Fv2%2Fproduct_cat&post=1440"},{"taxonomy":"product_tag","embeddable":true,"href":"https:\/\/lourdesdistribuidora.com.ar\/wp\/index.php?rest_route=%2Fwp%2Fv2%2Fproduct_tag&post=1440"}],"curies":[{"name":"wp","href":"https:\/\/api.w.org\/{rel}","templated":true}]}}