{"id":1444,"date":"2024-09-13T15:32:52","date_gmt":"2024-09-13T18:32:52","guid":{"rendered":"https:\/\/lourdesdistribuidora.com.ar\/wp\/?post_type=product&#038;p=1444"},"modified":"2025-01-23T20:53:21","modified_gmt":"2025-01-23T23:53:21","slug":"vamp-hechizo-bloom-bioestimulante-x-500-cc","status":"publish","type":"product","link":"https:\/\/lourdesdistribuidora.com.ar\/wp\/?product=vamp-hechizo-bloom-bioestimulante-x-500-cc","title":{"rendered":"VAMP, HECHIZO BLOOM &#8211; Bioestimulante x 500 cc"},"content":{"rendered":"<div class=\"et_pb_module et_pb_text et_pb_text_2_tb_body et_pb_text_align_left et_pb_bg_layout_dark\">\n<div class=\"et_pb_text_inner\">\n<p>Hechizo bloom es la propuesta de\u00a0<b>VAMP\u00a0<\/b>para que tus plantas desarrollen una abundante floraci\u00f3n y fructificaci\u00f3n. Este liquido contiene gran cantidad de F\u00f3sforo y Potasio asimilables de forma inmediata, adem\u00e1s de micronutrientes, vitaminas, enzimas, carbohidratos y amino\u00e1cidos varios originados en una fermentaci\u00f3n natural.<\/p>\n<p><strong>BENEFICIOS<\/strong><\/p>\n<ul>\n<li>Es 100% natural y no deja residuos en el cultivo, apto para fines medicinales.<\/li>\n<li>Resultados a corto plazo<\/li>\n<li>Aumenta el almacenamiento y distribuci\u00f3n de nutrientes.<\/li>\n<li>Estimula la resistencia mec\u00e1nica e inmunol\u00f3gica al ataque de plagas y enfermedades.<\/li>\n<li>Aumenta la capacidad fotosint\u00e9tica de la planta.<\/li>\n<li>Favorece el enraizamiento y desarrollo de esquejes.<\/li>\n<li>Aumenta la cantidad, tama\u00f1o y vigorosidad de la floraci\u00f3n.<\/li>\n<li>Aumenta la formaci\u00f3n de tricomas glandulares.<\/li>\n<li>Aumento de la producci\u00f3n, sabor y aroma.<\/li>\n<\/ul>\n<\/div>\n<\/div>\n<div class=\"et_pb_module et_pb_text et_pb_text_3_tb_body et_pb_text_align_left et_pb_bg_layout_dark\">\n<div class=\"et_pb_text_inner\">\n<p><strong>MODO DE USO<\/strong><\/p>\n<p>EN ESQUEJES Y DESDE PRE \u2013 FLORACI\u00d3N<\/p>\n<ul>\n<li>Diluir 25ml en 1 litro de agua no clorada.<\/li>\n<li>Pulverizar la planta completa a punto de goteo, sobre todo la parte inferior de las hojas.<\/li>\n<\/ul>\n<\/div>\n<\/div>\n<div class=\"et_pb_module et_pb_text et_pb_text_4_tb_body et_pb_text_align_left et_pb_bg_layout_dark\">\n<div class=\"et_pb_text_inner\">\n<p><strong>RECOMENDAMOS<\/strong><\/p>\n<ul>\n<li>Ante todo, observar la planta. \u00a1El modo de uso no es una receta!<\/li>\n<li>Aplicar en forma foliar hasta 1 mes antes de la cosecha.<\/li>\n<li>Aplicarlo al amanecer o atardecer. En interior, aplicarlo cuando se apagan las luces.<\/li>\n<li>Para mayor efectividad no aplicar si fuese a llover el mismo d\u00eda.<\/li>\n<li>V\u00eda riego, por goteo o regador, usar al 5% (50 ml\/L).<\/li>\n<li>Este producto es un complemento y no un sustituto de los fertilizantes de aplicaci\u00f3n com\u00fan incorporados al suelo, complementalo con Vamp Guano de Murci\u00e9lago.<\/li>\n<li>Mantener en lugar seco y fresco, siempre cerrado, no exponer al sol.<\/li>\n<\/ul>\n<\/div>\n<\/div>\n","protected":false},"excerpt":{"rendered":"<p>Hechizo bloom es la propuesta de\u00a0VAMP\u00a0para que tus plantas desarrollen una abundante floraci\u00f3n y fructificaci\u00f3n. Este liquido contiene gran cantidad de F\u00f3sforo y Potasio asimilables de forma inmediata, adem\u00e1s de micronutrientes, vitaminas, enzimas, carbohidratos y amino\u00e1cidos varios originados en una fermentaci\u00f3n natural. BENEFICIOS Es 100% natural y no deja residuos en el cultivo, apto para [&#8230;]\n","protected":false},"featured_media":1459,"template":"","meta":{"_acf_changed":false},"pwb-brand":[171],"product_brand":[],"product_cat":[152],"product_tag":[],"class_list":{"0":"post-1444","1":"product","2":"type-product","3":"status-publish","4":"has-post-thumbnail","6":"pwb-brand-vamp","7":"product_cat-prod-jardin","9":"first","10":"instock","11":"taxable","12":"shipping-taxable","13":"product-type-simple"},"acf":[],"aioseo_notices":[],"brands":[{"id":171,"name":"Vamp","slug":"vamp"}],"_links":{"self":[{"href":"https:\/\/lourdesdistribuidora.com.ar\/wp\/index.php?rest_route=\/wp\/v2\/product\/1444","targetHints":{"allow":["GET"]}}],"collection":[{"href":"https:\/\/lourdesdistribuidora.com.ar\/wp\/index.php?rest_route=\/wp\/v2\/product"}],"about":[{"href":"https:\/\/lourdesdistribuidora.com.ar\/wp\/index.php?rest_route=\/wp\/v2\/types\/product"}],"wp:featuredmedia":[{"embeddable":true,"href":"https:\/\/lourdesdistribuidora.com.ar\/wp\/index.php?rest_route=\/wp\/v2\/media\/1459"}],"wp:attachment":[{"href":"https:\/\/lourdesdistribuidora.com.ar\/wp\/index.php?rest_route=%2Fwp%2Fv2%2Fmedia&parent=1444"}],"wp:term":[{"taxonomy":"pwb-brand","embeddable":true,"href":"https:\/\/lourdesdistribuidora.com.ar\/wp\/index.php?rest_route=%2Fwp%2Fv2%2Fpwb-brand&post=1444"},{"taxonomy":"product_brand","embeddable":true,"href":"https:\/\/lourdesdistribuidora.com.ar\/wp\/index.php?rest_route=%2Fwp%2Fv2%2Fproduct_brand&post=1444"},{"taxonomy":"product_cat","embeddable":true,"href":"https:\/\/lourdesdistribuidora.com.ar\/wp\/index.php?rest_route=%2Fwp%2Fv2%2Fproduct_cat&post=1444"},{"taxonomy":"product_tag","embeddable":true,"href":"https:\/\/lourdesdistribuidora.com.ar\/wp\/index.php?rest_route=%2Fwp%2Fv2%2Fproduct_tag&post=1444"}],"curies":[{"name":"wp","href":"https:\/\/api.w.org\/{rel}","templated":true}]}}