{"id":1450,"date":"2024-09-13T15:59:07","date_gmt":"2024-09-13T18:59:07","guid":{"rendered":"https:\/\/lourdesdistribuidora.com.ar\/wp\/?post_type=product&#038;p=1450"},"modified":"2025-01-23T20:55:19","modified_gmt":"2025-01-23T23:55:19","slug":"vamp-pocion-impkble-x-3-lt","status":"publish","type":"product","link":"https:\/\/lourdesdistribuidora.com.ar\/wp\/?product=vamp-pocion-impkble-x-3-lt","title":{"rendered":"VAMP, Poci\u00f3n IMPKBLE x 3 Lt."},"content":{"rendered":"<div class=\"et_pb_module et_pb_text et_pb_text_2_tb_body et_pb_text_align_left et_pb_bg_layout_dark\">\n<div class=\"et_pb_text_inner\">\n<p><strong>EN VAMP<\/strong>\u00a0asociamos una enfermedad a una desarmon\u00eda nutricional. Por eso, nutrimos a la<br \/>\nplanta con minerales que mejoran su estructura y defensas naturales. Esta soluci\u00f3n l\u00edquida<br \/>\ncontiene potasio, calcio, magnesio, silicio y f\u00f3sforo. Previene y controla el ataque de<br \/>\ninsectos y hongos. Al mismo tiempo estimula el llenado de frutos y flores, aumentando<br \/>\ntambi\u00e9n la formaci\u00f3n de tricomas y la capacidad de fotos\u00edntesis.<\/p>\n<p><strong>ES EFECTIVO<\/strong>\u00a0contra mosca blanca, trips, pulgones, cochinillas, orugas y hongos (oidio,<br \/>\nbotrytis, mildew, tizones, etc.)<br \/>\nEl f\u00f3sforo y potasio de asimilaci\u00f3n inmediata favorecen el desarrollo de flores y frutos. El<br \/>\nsilicio provoca un aumento en la capacidad fotosint\u00e9tica, en la producci\u00f3n de tricomas y en<br \/>\nel grosor de las cut\u00edculas, volviendo a la planta m\u00e1s resistente a la falta de agua y al ataque<br \/>\nde plagas y enfermedades.<br \/>\nOtro beneficio es la\u00a0<strong>estimulaci\u00f3n del sistema inmunol\u00f3gico<\/strong>\u00a0por la producci\u00f3n de fitoalexinas<br \/>\ny fitoanticipinas (mol\u00e9culas que defienden la planta de enfermedades avenidas y porvenir).<\/p>\n<\/div>\n<\/div>\n<div class=\"et_pb_module et_pb_text et_pb_text_3_tb_body et_pb_text_align_left et_pb_bg_layout_dark\">\n<div class=\"et_pb_text_inner\">\n<p><b>MODO DE USO<\/b><\/p>\n<p>&nbsp;<\/p>\n<ul>\n<li>Agitar antes de usar. Diluir 50 ml de Poci\u00f3n Impkble en 1 litro de agua no clorada.<\/li>\n<li>Pulverizar la planta completa a punto de goteo, sobre todo la parte inferior de las hojas.<\/li>\n<li>Si la plaga o enfermedad se encuentra avanzada aumentar la dosis a 75 ml por litro de<br \/>\nagua no clorada.<\/li>\n<\/ul>\n<\/div>\n<\/div>\n<div class=\"et_pb_module et_pb_text et_pb_text_4_tb_body et_pb_text_align_left et_pb_bg_layout_dark\">\n<div class=\"et_pb_text_inner\">\n<p><b>RECOMENDAMOS<\/b><\/p>\n<p>&nbsp;<\/p>\n<ul>\n<li>Para un mejor resultado prepararlo justo antes de aplicar.<\/li>\n<li>\u00abPrevenir antes que curar\u00bb. Se puede aplicar desde la primera semana de vida hasta el<br \/>\nengruese de frutos, cada 15 d\u00edas.<\/li>\n<li>En caso de utilizar las flores suspenderlo 21 d\u00edas antes de la cosecha.<\/li>\n<li>Si tu planta ya est\u00e1 enferma aplicalo y observa. Si en 4 d\u00edas persiste el problema volv\u00e9 a<br \/>\naplicarlo.<\/li>\n<\/ul>\n<\/div>\n<\/div>\n<div class=\"et_pb_module et_pb_text et_pb_text_5_tb_body et_pb_text_align_left et_pb_bg_layout_dark\">\n<div class=\"et_pb_text_inner\">\n<p><b>PRECAUCIONES<\/b><\/p>\n<p>&nbsp;<\/p>\n<ul>\n<li>Evitar el contacto con la piel y los ojos. En caso de salpicaduras lavar con abundante agua<br \/>\nla zona afectada.<\/li>\n<li>No ingerir.<\/li>\n<li>Mantener en lugar seco y fresco, siempre cerrado. No exponer al sol.<\/li>\n<\/ul>\n<\/div>\n<\/div>\n","protected":false},"excerpt":{"rendered":"<p>EN VAMP\u00a0asociamos una enfermedad a una desarmon\u00eda nutricional. Por eso, nutrimos a la planta con minerales que mejoran su estructura y defensas naturales. Esta soluci\u00f3n l\u00edquida contiene potasio, calcio, magnesio, silicio y f\u00f3sforo. Previene y controla el ataque de insectos y hongos. Al mismo tiempo estimula el llenado de frutos y flores, aumentando tambi\u00e9n la [&#8230;]\n","protected":false},"featured_media":1456,"template":"","meta":{"_acf_changed":false},"pwb-brand":[171],"product_brand":[],"product_cat":[152],"product_tag":[],"class_list":{"0":"post-1450","1":"product","2":"type-product","3":"status-publish","4":"has-post-thumbnail","6":"pwb-brand-vamp","7":"product_cat-prod-jardin","9":"first","10":"instock","11":"taxable","12":"shipping-taxable","13":"product-type-simple"},"acf":[],"aioseo_notices":[],"brands":[{"id":171,"name":"Vamp","slug":"vamp"}],"_links":{"self":[{"href":"https:\/\/lourdesdistribuidora.com.ar\/wp\/index.php?rest_route=\/wp\/v2\/product\/1450","targetHints":{"allow":["GET"]}}],"collection":[{"href":"https:\/\/lourdesdistribuidora.com.ar\/wp\/index.php?rest_route=\/wp\/v2\/product"}],"about":[{"href":"https:\/\/lourdesdistribuidora.com.ar\/wp\/index.php?rest_route=\/wp\/v2\/types\/product"}],"wp:featuredmedia":[{"embeddable":true,"href":"https:\/\/lourdesdistribuidora.com.ar\/wp\/index.php?rest_route=\/wp\/v2\/media\/1456"}],"wp:attachment":[{"href":"https:\/\/lourdesdistribuidora.com.ar\/wp\/index.php?rest_route=%2Fwp%2Fv2%2Fmedia&parent=1450"}],"wp:term":[{"taxonomy":"pwb-brand","embeddable":true,"href":"https:\/\/lourdesdistribuidora.com.ar\/wp\/index.php?rest_route=%2Fwp%2Fv2%2Fpwb-brand&post=1450"},{"taxonomy":"product_brand","embeddable":true,"href":"https:\/\/lourdesdistribuidora.com.ar\/wp\/index.php?rest_route=%2Fwp%2Fv2%2Fproduct_brand&post=1450"},{"taxonomy":"product_cat","embeddable":true,"href":"https:\/\/lourdesdistribuidora.com.ar\/wp\/index.php?rest_route=%2Fwp%2Fv2%2Fproduct_cat&post=1450"},{"taxonomy":"product_tag","embeddable":true,"href":"https:\/\/lourdesdistribuidora.com.ar\/wp\/index.php?rest_route=%2Fwp%2Fv2%2Fproduct_tag&post=1450"}],"curies":[{"name":"wp","href":"https:\/\/api.w.org\/{rel}","templated":true}]}}