{"id":1453,"date":"2024-09-13T16:06:12","date_gmt":"2024-09-13T19:06:12","guid":{"rendered":"https:\/\/lourdesdistribuidora.com.ar\/wp\/?post_type=product&#038;p=1453"},"modified":"2025-01-23T20:55:50","modified_gmt":"2025-01-23T23:55:50","slug":"vamp-pocion-infernal-x-3-lt","status":"publish","type":"product","link":"https:\/\/lourdesdistribuidora.com.ar\/wp\/?product=vamp-pocion-infernal-x-3-lt","title":{"rendered":"VAMP, Poci\u00f3n INFERNAL x 3 Lt."},"content":{"rendered":"<p>En Vamp asociamos una enfermedad a un desequilibrio nutricional. Por eso, nutrimos a la planta con minerales que mejoran su estructura y defensas naturales. Esta soluci\u00f3n contiene azufre, calcio, silicio y potasio.<\/p>\n<p>Est\u00e1 hecha para prevenir y controlar \u00e1caros , hongos, insectos y bacterias. Es efectivo contra ara\u00f1uelas, trips, orugas y mas de 50 variedades de hongos entre ellos oidio, royas, mildeu, tizones, fusarium, etc\u2026<\/p>\n<p>MODO DE USO<br \/>\n1- Diluir 25ml de poci\u00f3n en 1 litro de agua no clorada.<br \/>\n2- Pulverizar la planta completa a punto de goteo, sobre todo la parte inferior de las hojas.<br \/>\n3- Si la plaga o enfermedad se encuentra avanzada duplicar la dosis, 50ml por litro de agua no clorada.<\/p>\n<p>RECOMENDAMOS<br \/>\n\u2013 Para un mejor resultado preparar justo antes de aplicar.<br \/>\n\u2013 Prevenir antes que curar. Aplicalo a partir de la tercer semana de vida, cada 3 semanas.<br \/>\n\u2013 Si tu planta ya esta enferma aplicalo y observ\u00e1. Si en 4 d\u00edas persiste el problema volv\u00e9 a aplicarlo.<\/p>\n<p>\u00a1CUIDADO!<br \/>\n\u2013 En cucurbit\u00e1ceas (zapallo, pepino, mel\u00f3n, sand\u00eda, etc.) No aplicar en concentraciones mayores a 2% (20ml por litro).<br \/>\n\u2013 No efectuar pulverizaciones cuando las plantas est\u00e1n en flor, en horas de sol fuerte o con intenso roc\u00edo. Repetir el tratamiento si llueve.<\/p>\n","protected":false},"excerpt":{"rendered":"<p>En Vamp asociamos una enfermedad a un desequilibrio nutricional. Por eso, nutrimos a la planta con minerales que mejoran su estructura y defensas naturales. Esta soluci\u00f3n contiene azufre, calcio, silicio y potasio. Est\u00e1 hecha para prevenir y controlar \u00e1caros , hongos, insectos y bacterias. Es efectivo contra ara\u00f1uelas, trips, orugas y mas de 50 variedades [&#8230;]\n","protected":false},"featured_media":1454,"template":"","meta":{"_acf_changed":false},"pwb-brand":[171],"product_brand":[],"product_cat":[152],"product_tag":[],"class_list":{"0":"post-1453","1":"product","2":"type-product","3":"status-publish","4":"has-post-thumbnail","6":"pwb-brand-vamp","7":"product_cat-prod-jardin","9":"first","10":"instock","11":"taxable","12":"shipping-taxable","13":"product-type-simple"},"acf":[],"aioseo_notices":[],"brands":[{"id":171,"name":"Vamp","slug":"vamp"}],"_links":{"self":[{"href":"https:\/\/lourdesdistribuidora.com.ar\/wp\/index.php?rest_route=\/wp\/v2\/product\/1453","targetHints":{"allow":["GET"]}}],"collection":[{"href":"https:\/\/lourdesdistribuidora.com.ar\/wp\/index.php?rest_route=\/wp\/v2\/product"}],"about":[{"href":"https:\/\/lourdesdistribuidora.com.ar\/wp\/index.php?rest_route=\/wp\/v2\/types\/product"}],"wp:featuredmedia":[{"embeddable":true,"href":"https:\/\/lourdesdistribuidora.com.ar\/wp\/index.php?rest_route=\/wp\/v2\/media\/1454"}],"wp:attachment":[{"href":"https:\/\/lourdesdistribuidora.com.ar\/wp\/index.php?rest_route=%2Fwp%2Fv2%2Fmedia&parent=1453"}],"wp:term":[{"taxonomy":"pwb-brand","embeddable":true,"href":"https:\/\/lourdesdistribuidora.com.ar\/wp\/index.php?rest_route=%2Fwp%2Fv2%2Fpwb-brand&post=1453"},{"taxonomy":"product_brand","embeddable":true,"href":"https:\/\/lourdesdistribuidora.com.ar\/wp\/index.php?rest_route=%2Fwp%2Fv2%2Fproduct_brand&post=1453"},{"taxonomy":"product_cat","embeddable":true,"href":"https:\/\/lourdesdistribuidora.com.ar\/wp\/index.php?rest_route=%2Fwp%2Fv2%2Fproduct_cat&post=1453"},{"taxonomy":"product_tag","embeddable":true,"href":"https:\/\/lourdesdistribuidora.com.ar\/wp\/index.php?rest_route=%2Fwp%2Fv2%2Fproduct_tag&post=1453"}],"curies":[{"name":"wp","href":"https:\/\/api.w.org\/{rel}","templated":true}]}}