{"id":444,"date":"2022-10-31T12:06:11","date_gmt":"2022-10-31T15:06:11","guid":{"rendered":"https:\/\/lourdesdistribuidora.com.ar\/wp\/?post_type=product&#038;p=444"},"modified":"2025-01-23T18:11:44","modified_gmt":"2025-01-23T21:11:44","slug":"huagro-cucakill","status":"publish","type":"product","link":"https:\/\/lourdesdistribuidora.com.ar\/wp\/?product=huagro-cucakill","title":{"rendered":"Huagro &#8211; Cucakill"},"content":{"rendered":"<p>PRESENTACIONES<br \/>\nCaja con 4 cebos x 12 gr.<br \/>\n(Pack de 12 cajas)<\/p>\n<p>Huagro Cucakill<br \/>\nCucarachicida<\/p>\n<p>\u25cf Es un cebo muy atractivo y apetecible para las<br \/>\ncucarachas, de gran efectividad, r\u00e1pida acci\u00f3n y de<br \/>\nf\u00e1cil y segura aplicaci\u00f3n.<br \/>\n\u25cf Su poder exterminador dura 3 meses. Una vez que<br \/>\nlas cucarachas comen el gel, regresan a sus cuevas<br \/>\ndonde se inicia la muerte de las mismas (48 horas) y<br \/>\npor sus excrementos y restos contaminados por la<br \/>\ndroga activa (Sulfluramida) provocan el CP<br \/>\n(contaminaci\u00f3n progresiva).<br \/>\n\u25cf De esta manera son eliminados los adultos y sus<br \/>\ncr\u00edas<\/p>\n","protected":false},"excerpt":{"rendered":"<p>PRESENTACIONES Caja con 4 cebos x 12 gr. (Pack de 12 cajas) Huagro Cucakill Cucarachicida \u25cf Es un cebo muy atractivo y apetecible para las cucarachas, de gran efectividad, r\u00e1pida acci\u00f3n y de f\u00e1cil y segura aplicaci\u00f3n. \u25cf Su poder exterminador dura 3 meses. Una vez que las cucarachas comen el gel, regresan a sus [&#8230;]\n","protected":false},"featured_media":445,"template":"","meta":{"_acf_changed":false},"pwb-brand":[88],"product_brand":[],"product_cat":[73],"product_tag":[],"class_list":{"0":"post-444","1":"product","2":"type-product","3":"status-publish","4":"has-post-thumbnail","6":"pwb-brand-huagro","7":"product_cat-cucarachicida","9":"first","10":"instock","11":"taxable","12":"shipping-taxable","13":"product-type-simple"},"acf":[],"aioseo_notices":[],"brands":[{"id":88,"name":"Huagro","slug":"huagro"}],"_links":{"self":[{"href":"https:\/\/lourdesdistribuidora.com.ar\/wp\/index.php?rest_route=\/wp\/v2\/product\/444","targetHints":{"allow":["GET"]}}],"collection":[{"href":"https:\/\/lourdesdistribuidora.com.ar\/wp\/index.php?rest_route=\/wp\/v2\/product"}],"about":[{"href":"https:\/\/lourdesdistribuidora.com.ar\/wp\/index.php?rest_route=\/wp\/v2\/types\/product"}],"wp:featuredmedia":[{"embeddable":true,"href":"https:\/\/lourdesdistribuidora.com.ar\/wp\/index.php?rest_route=\/wp\/v2\/media\/445"}],"wp:attachment":[{"href":"https:\/\/lourdesdistribuidora.com.ar\/wp\/index.php?rest_route=%2Fwp%2Fv2%2Fmedia&parent=444"}],"wp:term":[{"taxonomy":"pwb-brand","embeddable":true,"href":"https:\/\/lourdesdistribuidora.com.ar\/wp\/index.php?rest_route=%2Fwp%2Fv2%2Fpwb-brand&post=444"},{"taxonomy":"product_brand","embeddable":true,"href":"https:\/\/lourdesdistribuidora.com.ar\/wp\/index.php?rest_route=%2Fwp%2Fv2%2Fproduct_brand&post=444"},{"taxonomy":"product_cat","embeddable":true,"href":"https:\/\/lourdesdistribuidora.com.ar\/wp\/index.php?rest_route=%2Fwp%2Fv2%2Fproduct_cat&post=444"},{"taxonomy":"product_tag","embeddable":true,"href":"https:\/\/lourdesdistribuidora.com.ar\/wp\/index.php?rest_route=%2Fwp%2Fv2%2Fproduct_tag&post=444"}],"curies":[{"name":"wp","href":"https:\/\/api.w.org\/{rel}","templated":true}]}}