{"id":446,"date":"2022-10-31T12:08:37","date_gmt":"2022-10-31T15:08:37","guid":{"rendered":"https:\/\/lourdesdistribuidora.com.ar\/wp\/?post_type=product&#038;p=446"},"modified":"2025-01-23T18:12:09","modified_gmt":"2025-01-23T21:12:09","slug":"huagro-babotox","status":"publish","type":"product","link":"https:\/\/lourdesdistribuidora.com.ar\/wp\/?product=huagro-babotox","title":{"rendered":"Huagro &#8211; Babotox x 100 gr"},"content":{"rendered":"<p>Huagro Babotox<br \/>\nMata babosas y caracoles<\/p>\n<p>\u25cf Huagro Babotox es un molusquicida<br \/>\nformulado como cebo granulado para<br \/>\nel control de babosas y caracoles.<br \/>\nPosee poder atractivo, act\u00faa por<br \/>\ningesti\u00f3n y por su tipo de formulaci\u00f3n<br \/>\nes resistente a la humedad,<br \/>\nprolongando su efectividad en el suelo.&lt;<\/p>\n<p>&nbsp;<\/p>\n<p>PRESENTACIONES<br \/>\nPack de 48 unidades de 100 gr.<br \/>\n48 unidades de 250 gr.<br \/>\n2 unidades de 1 Kg.<\/p>\n","protected":false},"excerpt":{"rendered":"<p>Huagro Babotox Mata babosas y caracoles \u25cf Huagro Babotox es un molusquicida formulado como cebo granulado para el control de babosas y caracoles. Posee poder atractivo, act\u00faa por ingesti\u00f3n y por su tipo de formulaci\u00f3n es resistente a la humedad, prolongando su efectividad en el suelo.&lt; &nbsp; PRESENTACIONES Pack de 48 unidades de 100 gr. [&#8230;]\n","protected":false},"featured_media":447,"template":"","meta":{"_acf_changed":false},"pwb-brand":[88],"product_brand":[],"product_cat":[156,74],"product_tag":[],"class_list":{"0":"post-446","1":"product","2":"type-product","3":"status-publish","4":"has-post-thumbnail","6":"pwb-brand-huagro","7":"product_cat-control-plagas","8":"product_cat-matababosas","10":"first","11":"instock","12":"taxable","13":"shipping-taxable","14":"product-type-simple"},"acf":[],"aioseo_notices":[],"brands":[{"id":88,"name":"Huagro","slug":"huagro"}],"_links":{"self":[{"href":"https:\/\/lourdesdistribuidora.com.ar\/wp\/index.php?rest_route=\/wp\/v2\/product\/446","targetHints":{"allow":["GET"]}}],"collection":[{"href":"https:\/\/lourdesdistribuidora.com.ar\/wp\/index.php?rest_route=\/wp\/v2\/product"}],"about":[{"href":"https:\/\/lourdesdistribuidora.com.ar\/wp\/index.php?rest_route=\/wp\/v2\/types\/product"}],"wp:featuredmedia":[{"embeddable":true,"href":"https:\/\/lourdesdistribuidora.com.ar\/wp\/index.php?rest_route=\/wp\/v2\/media\/447"}],"wp:attachment":[{"href":"https:\/\/lourdesdistribuidora.com.ar\/wp\/index.php?rest_route=%2Fwp%2Fv2%2Fmedia&parent=446"}],"wp:term":[{"taxonomy":"pwb-brand","embeddable":true,"href":"https:\/\/lourdesdistribuidora.com.ar\/wp\/index.php?rest_route=%2Fwp%2Fv2%2Fpwb-brand&post=446"},{"taxonomy":"product_brand","embeddable":true,"href":"https:\/\/lourdesdistribuidora.com.ar\/wp\/index.php?rest_route=%2Fwp%2Fv2%2Fproduct_brand&post=446"},{"taxonomy":"product_cat","embeddable":true,"href":"https:\/\/lourdesdistribuidora.com.ar\/wp\/index.php?rest_route=%2Fwp%2Fv2%2Fproduct_cat&post=446"},{"taxonomy":"product_tag","embeddable":true,"href":"https:\/\/lourdesdistribuidora.com.ar\/wp\/index.php?rest_route=%2Fwp%2Fv2%2Fproduct_tag&post=446"}],"curies":[{"name":"wp","href":"https:\/\/api.w.org\/{rel}","templated":true}]}}