{"id":451,"date":"2022-10-31T12:12:35","date_gmt":"2022-10-31T15:12:35","guid":{"rendered":"https:\/\/lourdesdistribuidora.com.ar\/wp\/?post_type=product&#038;p=451"},"modified":"2025-01-23T18:13:47","modified_gmt":"2025-01-23T21:13:47","slug":"huagro-green-choice","status":"publish","type":"product","link":"https:\/\/lourdesdistribuidora.com.ar\/wp\/?product=huagro-green-choice","title":{"rendered":"HUAGRO &#8211; Green Choice &#8211; 50 gr."},"content":{"rendered":"<p>gREEN CHOICE<\/p>\n<p>\u25cf Glifo Huagro es un herbicida total de<br \/>\ngran acci\u00f3n sistem\u00e1tica.<br \/>\nEste herbicida es absorvido por hojas y<br \/>\ntallos tiernos traslad\u00e1ndose hacia las<br \/>\nra\u00edces y partes subterr\u00e1neas de las<br \/>\nmalezas, produciendo la muerte de las<br \/>\nmismas.<\/p>\n<p>&nbsp;<\/p>\n<p>PRESENTACIONES<br \/>\nDispenser con<br \/>\n20 Unidades de 50 gr<\/p>\n","protected":false},"excerpt":{"rendered":"<p>gREEN CHOICE \u25cf Glifo Huagro es un herbicida total de gran acci\u00f3n sistem\u00e1tica. Este herbicida es absorvido por hojas y tallos tiernos traslad\u00e1ndose hacia las ra\u00edces y partes subterr\u00e1neas de las malezas, produciendo la muerte de las mismas. &nbsp; PRESENTACIONES Dispenser con 20 Unidades de 50 gr<\/p>\n","protected":false},"featured_media":452,"template":"","meta":{"_acf_changed":false},"pwb-brand":[88],"product_brand":[],"product_cat":[75],"product_tag":[],"class_list":{"0":"post-451","1":"product","2":"type-product","3":"status-publish","4":"has-post-thumbnail","6":"pwb-brand-huagro","7":"product_cat-herbicida","9":"first","10":"instock","11":"taxable","12":"shipping-taxable","13":"product-type-simple"},"acf":[],"aioseo_notices":[],"brands":[{"id":88,"name":"Huagro","slug":"huagro"}],"_links":{"self":[{"href":"https:\/\/lourdesdistribuidora.com.ar\/wp\/index.php?rest_route=\/wp\/v2\/product\/451","targetHints":{"allow":["GET"]}}],"collection":[{"href":"https:\/\/lourdesdistribuidora.com.ar\/wp\/index.php?rest_route=\/wp\/v2\/product"}],"about":[{"href":"https:\/\/lourdesdistribuidora.com.ar\/wp\/index.php?rest_route=\/wp\/v2\/types\/product"}],"wp:featuredmedia":[{"embeddable":true,"href":"https:\/\/lourdesdistribuidora.com.ar\/wp\/index.php?rest_route=\/wp\/v2\/media\/452"}],"wp:attachment":[{"href":"https:\/\/lourdesdistribuidora.com.ar\/wp\/index.php?rest_route=%2Fwp%2Fv2%2Fmedia&parent=451"}],"wp:term":[{"taxonomy":"pwb-brand","embeddable":true,"href":"https:\/\/lourdesdistribuidora.com.ar\/wp\/index.php?rest_route=%2Fwp%2Fv2%2Fpwb-brand&post=451"},{"taxonomy":"product_brand","embeddable":true,"href":"https:\/\/lourdesdistribuidora.com.ar\/wp\/index.php?rest_route=%2Fwp%2Fv2%2Fproduct_brand&post=451"},{"taxonomy":"product_cat","embeddable":true,"href":"https:\/\/lourdesdistribuidora.com.ar\/wp\/index.php?rest_route=%2Fwp%2Fv2%2Fproduct_cat&post=451"},{"taxonomy":"product_tag","embeddable":true,"href":"https:\/\/lourdesdistribuidora.com.ar\/wp\/index.php?rest_route=%2Fwp%2Fv2%2Fproduct_tag&post=451"}],"curies":[{"name":"wp","href":"https:\/\/api.w.org\/{rel}","templated":true}]}}