{"id":469,"date":"2022-10-31T12:30:11","date_gmt":"2022-10-31T15:30:11","guid":{"rendered":"https:\/\/lourdesdistribuidora.com.ar\/wp\/?post_type=product&#038;p=469"},"modified":"2025-01-23T18:24:17","modified_gmt":"2025-01-23T21:24:17","slug":"fungoxan","status":"publish","type":"product","link":"https:\/\/lourdesdistribuidora.com.ar\/wp\/?product=fungoxan","title":{"rendered":"FUNGOXAN x 30 cc"},"content":{"rendered":"<p>FUNGOXAN<br \/>\n\u25cf Es un funguicida sist\u00e9mico que se absorbe<br \/>\npor los tejidos verdes del vegetal al igual que<br \/>\npor las ra\u00edces, trasloc\u00e1ndose por la v\u00eda<br \/>\nascendente o xilem\u00e1tica. Ejerce su acci\u00f3n en<br \/>\nforma preventiva, impidiendo la infecci\u00f3n, como<br \/>\nas\u00ed tambi\u00e9n en forma curativa, interfiriendo en el<br \/>\ncrecimiento y desarrollo del hongo. Su<br \/>\npersistencia, en forma activa, dentro del vegetal<br \/>\nes de 2 a 3 semanas.<\/p>\n<p>PRESENTACIONES<br \/>\nPack de:<br \/>\n24 unid. x 30 cm3.<\/p>\n","protected":false},"excerpt":{"rendered":"<p>FUNGOXAN \u25cf Es un funguicida sist\u00e9mico que se absorbe por los tejidos verdes del vegetal al igual que por las ra\u00edces, trasloc\u00e1ndose por la v\u00eda ascendente o xilem\u00e1tica. Ejerce su acci\u00f3n en forma preventiva, impidiendo la infecci\u00f3n, como as\u00ed tambi\u00e9n en forma curativa, interfiriendo en el crecimiento y desarrollo del hongo. Su persistencia, en forma [&#8230;]\n","protected":false},"featured_media":470,"template":"","meta":{"_acf_changed":false},"pwb-brand":[89],"product_brand":[],"product_cat":[144],"product_tag":[],"class_list":{"0":"post-469","1":"product","2":"type-product","3":"status-publish","4":"has-post-thumbnail","6":"pwb-brand-glacoxan","7":"product_cat-funguicida","9":"first","10":"instock","11":"taxable","12":"shipping-taxable","13":"product-type-simple"},"acf":[],"aioseo_notices":[],"brands":[{"id":89,"name":"Glacoxan","slug":"glacoxan"}],"_links":{"self":[{"href":"https:\/\/lourdesdistribuidora.com.ar\/wp\/index.php?rest_route=\/wp\/v2\/product\/469","targetHints":{"allow":["GET"]}}],"collection":[{"href":"https:\/\/lourdesdistribuidora.com.ar\/wp\/index.php?rest_route=\/wp\/v2\/product"}],"about":[{"href":"https:\/\/lourdesdistribuidora.com.ar\/wp\/index.php?rest_route=\/wp\/v2\/types\/product"}],"wp:featuredmedia":[{"embeddable":true,"href":"https:\/\/lourdesdistribuidora.com.ar\/wp\/index.php?rest_route=\/wp\/v2\/media\/470"}],"wp:attachment":[{"href":"https:\/\/lourdesdistribuidora.com.ar\/wp\/index.php?rest_route=%2Fwp%2Fv2%2Fmedia&parent=469"}],"wp:term":[{"taxonomy":"pwb-brand","embeddable":true,"href":"https:\/\/lourdesdistribuidora.com.ar\/wp\/index.php?rest_route=%2Fwp%2Fv2%2Fpwb-brand&post=469"},{"taxonomy":"product_brand","embeddable":true,"href":"https:\/\/lourdesdistribuidora.com.ar\/wp\/index.php?rest_route=%2Fwp%2Fv2%2Fproduct_brand&post=469"},{"taxonomy":"product_cat","embeddable":true,"href":"https:\/\/lourdesdistribuidora.com.ar\/wp\/index.php?rest_route=%2Fwp%2Fv2%2Fproduct_cat&post=469"},{"taxonomy":"product_tag","embeddable":true,"href":"https:\/\/lourdesdistribuidora.com.ar\/wp\/index.php?rest_route=%2Fwp%2Fv2%2Fproduct_tag&post=469"}],"curies":[{"name":"wp","href":"https:\/\/api.w.org\/{rel}","templated":true}]}}