{"id":542,"date":"2022-10-31T15:44:58","date_gmt":"2022-10-31T18:44:58","guid":{"rendered":"https:\/\/lourdesdistribuidora.com.ar\/wp\/?post_type=product&#038;p=542"},"modified":"2023-12-28T19:50:22","modified_gmt":"2023-12-28T22:50:22","slug":"polvo-pulguicida-y-garrapaticida","status":"publish","type":"product","link":"https:\/\/lourdesdistribuidora.com.ar\/wp\/?product=polvo-pulguicida-y-garrapaticida","title":{"rendered":"POLVO Pulguicida y Garrapaticida"},"content":{"rendered":"<p>POLVO PULGUICIDA Y GARRAPATICIDA<\/p>\n<p>Perros y Gatos<\/p>\n<p>&nbsp;<\/p>\n<p>\u25cf Es un producto eficaz, que se utiliza para<br \/>\ncombatir los par\u00e1sitos externos de los<br \/>\ncaninos y felinos sin necesidad de ba\u00f1arlos.<br \/>\n\u25cf Elimina en forma inmediata pulgas,<br \/>\ngarrapatas y piojos. El principio activo act\u00faa<br \/>\naproximadamente durante un per\u00edodo de 7<br \/>\nd\u00edas asegurando as\u00ed un efecto residual.<\/p>\n<p>PRESENTACIONES<br \/>\nTalquera por 80 gr.<br \/>\n(pack x 12 unidades)<\/p>\n","protected":false},"excerpt":{"rendered":"<p>POLVO PULGUICIDA Y GARRAPATICIDA Perros y Gatos &nbsp; \u25cf Es un producto eficaz, que se utiliza para combatir los par\u00e1sitos externos de los caninos y felinos sin necesidad de ba\u00f1arlos. \u25cf Elimina en forma inmediata pulgas, garrapatas y piojos. El principio activo act\u00faa aproximadamente durante un per\u00edodo de 7 d\u00edas asegurando as\u00ed un efecto residual. [&#8230;]\n","protected":false},"featured_media":543,"template":"","meta":{"_acf_changed":false},"pwb-brand":[97],"product_brand":[],"product_cat":[145],"product_tag":[],"class_list":{"0":"post-542","1":"product","2":"type-product","3":"status-publish","4":"has-post-thumbnail","6":"pwb-brand-binka","7":"product_cat-pulguicidas","9":"first","10":"instock","11":"taxable","12":"shipping-taxable","13":"product-type-simple"},"acf":[],"aioseo_notices":[],"brands":[{"id":97,"name":"Binka","slug":"binka"}],"_links":{"self":[{"href":"https:\/\/lourdesdistribuidora.com.ar\/wp\/index.php?rest_route=\/wp\/v2\/product\/542","targetHints":{"allow":["GET"]}}],"collection":[{"href":"https:\/\/lourdesdistribuidora.com.ar\/wp\/index.php?rest_route=\/wp\/v2\/product"}],"about":[{"href":"https:\/\/lourdesdistribuidora.com.ar\/wp\/index.php?rest_route=\/wp\/v2\/types\/product"}],"wp:featuredmedia":[{"embeddable":true,"href":"https:\/\/lourdesdistribuidora.com.ar\/wp\/index.php?rest_route=\/wp\/v2\/media\/543"}],"wp:attachment":[{"href":"https:\/\/lourdesdistribuidora.com.ar\/wp\/index.php?rest_route=%2Fwp%2Fv2%2Fmedia&parent=542"}],"wp:term":[{"taxonomy":"pwb-brand","embeddable":true,"href":"https:\/\/lourdesdistribuidora.com.ar\/wp\/index.php?rest_route=%2Fwp%2Fv2%2Fpwb-brand&post=542"},{"taxonomy":"product_brand","embeddable":true,"href":"https:\/\/lourdesdistribuidora.com.ar\/wp\/index.php?rest_route=%2Fwp%2Fv2%2Fproduct_brand&post=542"},{"taxonomy":"product_cat","embeddable":true,"href":"https:\/\/lourdesdistribuidora.com.ar\/wp\/index.php?rest_route=%2Fwp%2Fv2%2Fproduct_cat&post=542"},{"taxonomy":"product_tag","embeddable":true,"href":"https:\/\/lourdesdistribuidora.com.ar\/wp\/index.php?rest_route=%2Fwp%2Fv2%2Fproduct_tag&post=542"}],"curies":[{"name":"wp","href":"https:\/\/api.w.org\/{rel}","templated":true}]}}