{"id":587,"date":"2022-10-31T16:49:19","date_gmt":"2022-10-31T19:49:19","guid":{"rendered":"https:\/\/lourdesdistribuidora.com.ar\/wp\/?post_type=product&#038;p=587"},"modified":"2025-01-23T19:06:50","modified_gmt":"2025-01-23T22:06:50","slug":"babosil-micropellets","status":"publish","type":"product","link":"https:\/\/lourdesdistribuidora.com.ar\/wp\/?product=babosil-micropellets","title":{"rendered":"BABOSIL Micropellets"},"content":{"rendered":"<p>BABOSIL MICROPELLETS<\/p>\n<p>\u25cfBabosil es un molusquicida para combatir<br \/>\nbabosas, Su nueva presentaci\u00f3n en<br \/>\nmicropellets parafinados, hace que el<br \/>\ncebo persista por mucho m\u00e1s tiempo en el<br \/>\nterreno a\u00fan despu\u00e9s de fuertes lluvias, sin<br \/>\nperder su poder atrayente. La dosis de uso<br \/>\nes de aprox. 10 g por metro cuadrado.<\/p>\n<p>PRESENTACIONES<\/p>\n<p>30 u. x 100 gr. (caja)<\/p>\n","protected":false},"excerpt":{"rendered":"<p>BABOSIL MICROPELLETS \u25cfBabosil es un molusquicida para combatir babosas, Su nueva presentaci\u00f3n en micropellets parafinados, hace que el cebo persista por mucho m\u00e1s tiempo en el terreno a\u00fan despu\u00e9s de fuertes lluvias, sin perder su poder atrayente. La dosis de uso es de aprox. 10 g por metro cuadrado. PRESENTACIONES 30 u. x 100 gr. [&#8230;]\n","protected":false},"featured_media":588,"template":"","meta":{"_acf_changed":false},"pwb-brand":[93],"product_brand":[],"product_cat":[156,74],"product_tag":[],"class_list":{"0":"post-587","1":"product","2":"type-product","3":"status-publish","4":"has-post-thumbnail","6":"pwb-brand-grhesa","7":"product_cat-control-plagas","8":"product_cat-matababosas","10":"first","11":"instock","12":"taxable","13":"shipping-taxable","14":"product-type-simple"},"acf":[],"aioseo_notices":[],"brands":[{"id":93,"name":"Grhesa","slug":"grhesa"}],"_links":{"self":[{"href":"https:\/\/lourdesdistribuidora.com.ar\/wp\/index.php?rest_route=\/wp\/v2\/product\/587","targetHints":{"allow":["GET"]}}],"collection":[{"href":"https:\/\/lourdesdistribuidora.com.ar\/wp\/index.php?rest_route=\/wp\/v2\/product"}],"about":[{"href":"https:\/\/lourdesdistribuidora.com.ar\/wp\/index.php?rest_route=\/wp\/v2\/types\/product"}],"wp:featuredmedia":[{"embeddable":true,"href":"https:\/\/lourdesdistribuidora.com.ar\/wp\/index.php?rest_route=\/wp\/v2\/media\/588"}],"wp:attachment":[{"href":"https:\/\/lourdesdistribuidora.com.ar\/wp\/index.php?rest_route=%2Fwp%2Fv2%2Fmedia&parent=587"}],"wp:term":[{"taxonomy":"pwb-brand","embeddable":true,"href":"https:\/\/lourdesdistribuidora.com.ar\/wp\/index.php?rest_route=%2Fwp%2Fv2%2Fpwb-brand&post=587"},{"taxonomy":"product_brand","embeddable":true,"href":"https:\/\/lourdesdistribuidora.com.ar\/wp\/index.php?rest_route=%2Fwp%2Fv2%2Fproduct_brand&post=587"},{"taxonomy":"product_cat","embeddable":true,"href":"https:\/\/lourdesdistribuidora.com.ar\/wp\/index.php?rest_route=%2Fwp%2Fv2%2Fproduct_cat&post=587"},{"taxonomy":"product_tag","embeddable":true,"href":"https:\/\/lourdesdistribuidora.com.ar\/wp\/index.php?rest_route=%2Fwp%2Fv2%2Fproduct_tag&post=587"}],"curies":[{"name":"wp","href":"https:\/\/api.w.org\/{rel}","templated":true}]}}