{"id":589,"date":"2022-10-31T16:50:43","date_gmt":"2022-10-31T19:50:43","guid":{"rendered":"https:\/\/lourdesdistribuidora.com.ar\/wp\/?post_type=product&#038;p=589"},"modified":"2025-01-23T19:07:10","modified_gmt":"2025-01-23T22:07:10","slug":"babosil-liquido","status":"publish","type":"product","link":"https:\/\/lourdesdistribuidora.com.ar\/wp\/?product=babosil-liquido","title":{"rendered":"BABOSIL Liquido x 100 cc"},"content":{"rendered":"<p>BABOSIL LIQUIDO<\/p>\n<p>\u25cf Babosil formulaci\u00f3n l\u00edquida (suspensi\u00f3n<br \/>\nconcentrada) de extraordinaria eficacia y gran<br \/>\nresidualidad, que permite llegar hasta los lugares<br \/>\ndonde las babosas y caracoles se ocultan.<br \/>\nAgitar en\u00e9rgicamente el envase y verter 3<br \/>\ncucharadas soperas (30cm3) en 10 litros de agua y<br \/>\nregar luego, con regadera de flor fina las partes bajas<br \/>\nde los vegetales o canteros, cubriendo<br \/>\naproximadamente 20m2.<br \/>\nAplicar preferentemente al anochecer. Ante una alta<br \/>\ninfestaci\u00f3n, repetir el tratamiento a los 7-10 dias.<\/p>\n<p>&nbsp;<\/p>\n<p>PRESENTACIONES<\/p>\n<p>x 100 cc (Caja: 30 Unidades)<\/p>\n","protected":false},"excerpt":{"rendered":"<p>BABOSIL LIQUIDO \u25cf Babosil formulaci\u00f3n l\u00edquida (suspensi\u00f3n concentrada) de extraordinaria eficacia y gran residualidad, que permite llegar hasta los lugares donde las babosas y caracoles se ocultan. Agitar en\u00e9rgicamente el envase y verter 3 cucharadas soperas (30cm3) en 10 litros de agua y regar luego, con regadera de flor fina las partes bajas de los [&#8230;]\n","protected":false},"featured_media":590,"template":"","meta":{"_acf_changed":false},"pwb-brand":[93],"product_brand":[],"product_cat":[156,74],"product_tag":[],"class_list":{"0":"post-589","1":"product","2":"type-product","3":"status-publish","4":"has-post-thumbnail","6":"pwb-brand-grhesa","7":"product_cat-control-plagas","8":"product_cat-matababosas","10":"first","11":"instock","12":"taxable","13":"shipping-taxable","14":"product-type-simple"},"acf":[],"aioseo_notices":[],"brands":[{"id":93,"name":"Grhesa","slug":"grhesa"}],"_links":{"self":[{"href":"https:\/\/lourdesdistribuidora.com.ar\/wp\/index.php?rest_route=\/wp\/v2\/product\/589","targetHints":{"allow":["GET"]}}],"collection":[{"href":"https:\/\/lourdesdistribuidora.com.ar\/wp\/index.php?rest_route=\/wp\/v2\/product"}],"about":[{"href":"https:\/\/lourdesdistribuidora.com.ar\/wp\/index.php?rest_route=\/wp\/v2\/types\/product"}],"wp:featuredmedia":[{"embeddable":true,"href":"https:\/\/lourdesdistribuidora.com.ar\/wp\/index.php?rest_route=\/wp\/v2\/media\/590"}],"wp:attachment":[{"href":"https:\/\/lourdesdistribuidora.com.ar\/wp\/index.php?rest_route=%2Fwp%2Fv2%2Fmedia&parent=589"}],"wp:term":[{"taxonomy":"pwb-brand","embeddable":true,"href":"https:\/\/lourdesdistribuidora.com.ar\/wp\/index.php?rest_route=%2Fwp%2Fv2%2Fpwb-brand&post=589"},{"taxonomy":"product_brand","embeddable":true,"href":"https:\/\/lourdesdistribuidora.com.ar\/wp\/index.php?rest_route=%2Fwp%2Fv2%2Fproduct_brand&post=589"},{"taxonomy":"product_cat","embeddable":true,"href":"https:\/\/lourdesdistribuidora.com.ar\/wp\/index.php?rest_route=%2Fwp%2Fv2%2Fproduct_cat&post=589"},{"taxonomy":"product_tag","embeddable":true,"href":"https:\/\/lourdesdistribuidora.com.ar\/wp\/index.php?rest_route=%2Fwp%2Fv2%2Fproduct_tag&post=589"}],"curies":[{"name":"wp","href":"https:\/\/api.w.org\/{rel}","templated":true}]}}