{"id":637,"date":"2022-10-31T21:44:43","date_gmt":"2022-11-01T00:44:43","guid":{"rendered":"https:\/\/lourdesdistribuidora.com.ar\/wp\/?post_type=product&#038;p=637"},"modified":"2024-09-27T17:25:24","modified_gmt":"2024-09-27T20:25:24","slug":"fertilizante-151515","status":"publish","type":"product","link":"https:\/\/lourdesdistribuidora.com.ar\/wp\/?product=fertilizante-151515","title":{"rendered":"FERTILIZANTE Triple 15+15+15 x 1 Kg."},"content":{"rendered":"<p>fertilizante 15-15-15<\/p>\n<p>\u25cf Es un fertilizante complejo que asegura un<br \/>\nexcelente desarrollo del vegetal debido a su elevada<br \/>\ny equilibrada concentraci\u00f3n de Nitr\u00f3geno, F\u00f3sforo y<br \/>\nPotasio.<br \/>\n\u25cf En canteros florales apl\u00edquese 250 gramos cada<br \/>\n10 m2 incorpor\u00e1ndolo al suelo reg\u00e1ndolo<br \/>\nposteriormente.<br \/>\n\u25cf En macetas aplicar de 1 a 3 cucharaditas de caf\u00e9<br \/>\ndependiendo del tama\u00f1o de las mismas.<br \/>\n\u25cf En frutales esparcir 500 gramos alrededor de cada<br \/>\nplanta en la proyecci\u00f3n de la copa sobre el suelo<\/p>\n<p>PRESENTACIONES<br \/>\n24 u. x 500 grs.<br \/>\n12 u. x 1000 grs<\/p>\n","protected":false},"excerpt":{"rendered":"<p>fertilizante 15-15-15 \u25cf Es un fertilizante complejo que asegura un excelente desarrollo del vegetal debido a su elevada y equilibrada concentraci\u00f3n de Nitr\u00f3geno, F\u00f3sforo y Potasio. \u25cf En canteros florales apl\u00edquese 250 gramos cada 10 m2 incorpor\u00e1ndolo al suelo reg\u00e1ndolo posteriormente. \u25cf En macetas aplicar de 1 a 3 cucharaditas de caf\u00e9 dependiendo del tama\u00f1o [&#8230;]\n","protected":false},"featured_media":638,"template":"","meta":{"_acf_changed":false},"pwb-brand":[93],"product_brand":[],"product_cat":[84],"product_tag":[],"class_list":{"0":"post-637","1":"product","2":"type-product","3":"status-publish","4":"has-post-thumbnail","6":"pwb-brand-grhesa","7":"product_cat-fertilizantes","9":"first","10":"instock","11":"taxable","12":"shipping-taxable","13":"product-type-simple"},"acf":[],"aioseo_notices":[],"brands":[{"id":93,"name":"Grhesa","slug":"grhesa"}],"_links":{"self":[{"href":"https:\/\/lourdesdistribuidora.com.ar\/wp\/index.php?rest_route=\/wp\/v2\/product\/637","targetHints":{"allow":["GET"]}}],"collection":[{"href":"https:\/\/lourdesdistribuidora.com.ar\/wp\/index.php?rest_route=\/wp\/v2\/product"}],"about":[{"href":"https:\/\/lourdesdistribuidora.com.ar\/wp\/index.php?rest_route=\/wp\/v2\/types\/product"}],"wp:featuredmedia":[{"embeddable":true,"href":"https:\/\/lourdesdistribuidora.com.ar\/wp\/index.php?rest_route=\/wp\/v2\/media\/638"}],"wp:attachment":[{"href":"https:\/\/lourdesdistribuidora.com.ar\/wp\/index.php?rest_route=%2Fwp%2Fv2%2Fmedia&parent=637"}],"wp:term":[{"taxonomy":"pwb-brand","embeddable":true,"href":"https:\/\/lourdesdistribuidora.com.ar\/wp\/index.php?rest_route=%2Fwp%2Fv2%2Fpwb-brand&post=637"},{"taxonomy":"product_brand","embeddable":true,"href":"https:\/\/lourdesdistribuidora.com.ar\/wp\/index.php?rest_route=%2Fwp%2Fv2%2Fproduct_brand&post=637"},{"taxonomy":"product_cat","embeddable":true,"href":"https:\/\/lourdesdistribuidora.com.ar\/wp\/index.php?rest_route=%2Fwp%2Fv2%2Fproduct_cat&post=637"},{"taxonomy":"product_tag","embeddable":true,"href":"https:\/\/lourdesdistribuidora.com.ar\/wp\/index.php?rest_route=%2Fwp%2Fv2%2Fproduct_tag&post=637"}],"curies":[{"name":"wp","href":"https:\/\/api.w.org\/{rel}","templated":true}]}}