{"id":648,"date":"2022-10-31T21:55:44","date_gmt":"2022-11-01T00:55:44","guid":{"rendered":"https:\/\/lourdesdistribuidora.com.ar\/wp\/?post_type=product&#038;p=648"},"modified":"2025-01-23T19:15:22","modified_gmt":"2025-01-23T22:15:22","slug":"trampera-automatica-para-lauchas","status":"publish","type":"product","link":"https:\/\/lourdesdistribuidora.com.ar\/wp\/?product=trampera-automatica-para-lauchas","title":{"rendered":"Trampera Automatica para Lauchas"},"content":{"rendered":"<p>Trampera autom\u00e1tica para Laucha<\/p>\n<p>Tramperas para lauchas de f\u00e1cil armado<br \/>\nFabricada con combinaci\u00f3n de materiales de ingenier\u00eda<br \/>\nsuper resistentes, como por ejemplo el que se usa para<br \/>\nlos paragolpes de los autos.<br \/>\nESPECIFICACIONES T\u00c9CNICAS<br \/>\nMateriales: plastico de ingenieria y acero<br \/>\nPresentaci\u00f3n: blister por unidad en cajas de 250<br \/>\nunidades.<br \/>\nColores: blanco, gris , negro \/ Peso: 50 gr<br \/>\nDimensiones: 100 mm x 60 mm<\/p>\n<p>PRESENTACIONES<br \/>\nPack x 24 unid.<br \/>\nCaja madre x 250 und<\/p>\n","protected":false},"excerpt":{"rendered":"<p>Trampera autom\u00e1tica para Laucha Tramperas para lauchas de f\u00e1cil armado Fabricada con combinaci\u00f3n de materiales de ingenier\u00eda super resistentes, como por ejemplo el que se usa para los paragolpes de los autos. ESPECIFICACIONES T\u00c9CNICAS Materiales: plastico de ingenieria y acero Presentaci\u00f3n: blister por unidad en cajas de 250 unidades. Colores: blanco, gris , negro \/ [&#8230;]\n","protected":false},"featured_media":649,"template":"","meta":{"_acf_changed":false},"pwb-brand":[104],"product_brand":[],"product_cat":[81],"product_tag":[],"class_list":{"0":"post-648","1":"product","2":"type-product","3":"status-publish","4":"has-post-thumbnail","6":"pwb-brand-coyote","7":"product_cat-tramperas","9":"first","10":"instock","11":"taxable","12":"shipping-taxable","13":"product-type-simple"},"acf":[],"aioseo_notices":[],"brands":[{"id":104,"name":"Coyote","slug":"coyote"}],"_links":{"self":[{"href":"https:\/\/lourdesdistribuidora.com.ar\/wp\/index.php?rest_route=\/wp\/v2\/product\/648","targetHints":{"allow":["GET"]}}],"collection":[{"href":"https:\/\/lourdesdistribuidora.com.ar\/wp\/index.php?rest_route=\/wp\/v2\/product"}],"about":[{"href":"https:\/\/lourdesdistribuidora.com.ar\/wp\/index.php?rest_route=\/wp\/v2\/types\/product"}],"wp:featuredmedia":[{"embeddable":true,"href":"https:\/\/lourdesdistribuidora.com.ar\/wp\/index.php?rest_route=\/wp\/v2\/media\/649"}],"wp:attachment":[{"href":"https:\/\/lourdesdistribuidora.com.ar\/wp\/index.php?rest_route=%2Fwp%2Fv2%2Fmedia&parent=648"}],"wp:term":[{"taxonomy":"pwb-brand","embeddable":true,"href":"https:\/\/lourdesdistribuidora.com.ar\/wp\/index.php?rest_route=%2Fwp%2Fv2%2Fpwb-brand&post=648"},{"taxonomy":"product_brand","embeddable":true,"href":"https:\/\/lourdesdistribuidora.com.ar\/wp\/index.php?rest_route=%2Fwp%2Fv2%2Fproduct_brand&post=648"},{"taxonomy":"product_cat","embeddable":true,"href":"https:\/\/lourdesdistribuidora.com.ar\/wp\/index.php?rest_route=%2Fwp%2Fv2%2Fproduct_cat&post=648"},{"taxonomy":"product_tag","embeddable":true,"href":"https:\/\/lourdesdistribuidora.com.ar\/wp\/index.php?rest_route=%2Fwp%2Fv2%2Fproduct_tag&post=648"}],"curies":[{"name":"wp","href":"https:\/\/api.w.org\/{rel}","templated":true}]}}