{"id":654,"date":"2022-10-31T22:00:58","date_gmt":"2022-11-01T01:00:58","guid":{"rendered":"https:\/\/lourdesdistribuidora.com.ar\/wp\/?post_type=product&#038;p=654"},"modified":"2025-01-23T19:14:06","modified_gmt":"2025-01-23T22:14:06","slug":"trampa-adhesiva-para-roedores","status":"publish","type":"product","link":"https:\/\/lourdesdistribuidora.com.ar\/wp\/?product=trampa-adhesiva-para-roedores","title":{"rendered":"Rey Trap Trampa adhesiva para roedores"},"content":{"rendered":"<p>Rey -Trap,<\/p>\n<p>Bandejas Adhesivas<br \/>\nEs una trampa pegajosa dise\u00f1ada para capturar, eliminar y<br \/>\nmonitorear roedores en lugares donde el control con venenos<br \/>\nest\u00e1 prohibido, restringido o como control paralelo a<br \/>\nrodenticidas.<br \/>\nEs una alternativa de control de f\u00e1cil uso y de excelentes<br \/>\nresultados. Su capa de adhesivo permite seguridad en la<br \/>\ncaptura de roedores. La bandeja de pl\u00e1stico que compone la<br \/>\nestructura, impide que la trampa sea arrastrada por el roedor.<br \/>\nEl adhesivo est\u00e1 especialmente formulado para trampas<br \/>\npl\u00e1sticas, el\u00e1stico de alta resistencia. El producto no contiene<br \/>\nvenenos. Adhesivo no fluyente, hecho en base de resinas y<br \/>\naceites minerales<br \/>\nMedida de la trampa:<br \/>\n12 x 24 cm.<\/p>\n<p>PRESENTACIONES<br \/>\n2 bandejas x 40 Un.<\/p>\n","protected":false},"excerpt":{"rendered":"<p>Rey -Trap, Bandejas Adhesivas Es una trampa pegajosa dise\u00f1ada para capturar, eliminar y monitorear roedores en lugares donde el control con venenos est\u00e1 prohibido, restringido o como control paralelo a rodenticidas. Es una alternativa de control de f\u00e1cil uso y de excelentes resultados. Su capa de adhesivo permite seguridad en la captura de roedores. La [&#8230;]\n","protected":false},"featured_media":655,"template":"","meta":{"_acf_changed":false},"pwb-brand":[105],"product_brand":[],"product_cat":[81],"product_tag":[],"class_list":{"0":"post-654","1":"product","2":"type-product","3":"status-publish","4":"has-post-thumbnail","6":"pwb-brand-abiquim","7":"product_cat-tramperas","9":"first","10":"instock","11":"taxable","12":"shipping-taxable","13":"product-type-simple"},"acf":[],"aioseo_notices":[],"brands":[{"id":105,"name":"Abiquim","slug":"abiquim"}],"_links":{"self":[{"href":"https:\/\/lourdesdistribuidora.com.ar\/wp\/index.php?rest_route=\/wp\/v2\/product\/654","targetHints":{"allow":["GET"]}}],"collection":[{"href":"https:\/\/lourdesdistribuidora.com.ar\/wp\/index.php?rest_route=\/wp\/v2\/product"}],"about":[{"href":"https:\/\/lourdesdistribuidora.com.ar\/wp\/index.php?rest_route=\/wp\/v2\/types\/product"}],"wp:featuredmedia":[{"embeddable":true,"href":"https:\/\/lourdesdistribuidora.com.ar\/wp\/index.php?rest_route=\/wp\/v2\/media\/655"}],"wp:attachment":[{"href":"https:\/\/lourdesdistribuidora.com.ar\/wp\/index.php?rest_route=%2Fwp%2Fv2%2Fmedia&parent=654"}],"wp:term":[{"taxonomy":"pwb-brand","embeddable":true,"href":"https:\/\/lourdesdistribuidora.com.ar\/wp\/index.php?rest_route=%2Fwp%2Fv2%2Fpwb-brand&post=654"},{"taxonomy":"product_brand","embeddable":true,"href":"https:\/\/lourdesdistribuidora.com.ar\/wp\/index.php?rest_route=%2Fwp%2Fv2%2Fproduct_brand&post=654"},{"taxonomy":"product_cat","embeddable":true,"href":"https:\/\/lourdesdistribuidora.com.ar\/wp\/index.php?rest_route=%2Fwp%2Fv2%2Fproduct_cat&post=654"},{"taxonomy":"product_tag","embeddable":true,"href":"https:\/\/lourdesdistribuidora.com.ar\/wp\/index.php?rest_route=%2Fwp%2Fv2%2Fproduct_tag&post=654"}],"curies":[{"name":"wp","href":"https:\/\/api.w.org\/{rel}","templated":true}]}}