{"id":658,"date":"2022-10-31T22:05:40","date_gmt":"2022-11-01T01:05:40","guid":{"rendered":"https:\/\/lourdesdistribuidora.com.ar\/wp\/?post_type=product&#038;p=658"},"modified":"2025-01-23T19:19:03","modified_gmt":"2025-01-23T22:19:03","slug":"roe-trap-trampa-adhesiva","status":"publish","type":"product","link":"https:\/\/lourdesdistribuidora.com.ar\/wp\/?product=roe-trap-trampa-adhesiva","title":{"rendered":"ROE TRAP &#8211; Trampa adhesiva para ratas"},"content":{"rendered":"<p>Roe Trap , trampa Adhesiva<\/p>\n<p>ROETRAP es una trampa adhesiva para roedores,<br \/>\necol\u00f3gica, descartable y no t\u00f3xica. Trabaja sin venenos ni<br \/>\naparatos mec\u00e1nicos.<br \/>\nContiene un poderoso adhesivo s\u00f3lido que atrapa ratas,<br \/>\nratones y lauchas en sus recorridos habituales, eliminando<br \/>\nla posibilidad de que mueran en lugares no deseados<br \/>\nocasionando malos olores, y ejerciendo as\u00ed, un control<br \/>\nefectivo d\u00eda y noche.<br \/>\nNo posee riesgos para ni\u00f1os ni animales dom\u00e9sticos<br \/>\nporque no contiene venenos ni resortes, ni trae problemas<br \/>\nen su transporte, almacenamiento o eliminaci\u00f3n.<br \/>\nEs no contaminante, ya que si el roedor atrapado es<br \/>\nocasionalmente ingerido por animales dom\u00e9sticos (gatos,<br \/>\nperros, etc) no causa ninguna intoxicaci\u00f3n.Est\u00e1 compuesto<br \/>\npor materiales biodegradables: resinas vegetales, latex y cart\u00f3n de celulosa vegetal<\/p>\n<p>&nbsp;<\/p>\n<p>PRESENTACIONES<br \/>\nRoeTrap p\/ Ratas x 12 U.<br \/>\nRoeTrap p\/ Lauchasx 24 U<\/p>\n","protected":false},"excerpt":{"rendered":"<p>Roe Trap , trampa Adhesiva ROETRAP es una trampa adhesiva para roedores, ecol\u00f3gica, descartable y no t\u00f3xica. Trabaja sin venenos ni aparatos mec\u00e1nicos. Contiene un poderoso adhesivo s\u00f3lido que atrapa ratas, ratones y lauchas en sus recorridos habituales, eliminando la posibilidad de que mueran en lugares no deseados ocasionando malos olores, y ejerciendo as\u00ed, un [&#8230;]\n","protected":false},"featured_media":659,"template":"","meta":{"_acf_changed":false},"pwb-brand":[95],"product_brand":[],"product_cat":[81],"product_tag":[],"class_list":{"0":"post-658","1":"product","2":"type-product","3":"status-publish","4":"has-post-thumbnail","6":"pwb-brand-ecoworld","7":"product_cat-tramperas","9":"first","10":"instock","11":"taxable","12":"shipping-taxable","13":"product-type-simple"},"acf":[],"aioseo_notices":[],"brands":[{"id":95,"name":"Ecoworld","slug":"ecoworld"}],"_links":{"self":[{"href":"https:\/\/lourdesdistribuidora.com.ar\/wp\/index.php?rest_route=\/wp\/v2\/product\/658","targetHints":{"allow":["GET"]}}],"collection":[{"href":"https:\/\/lourdesdistribuidora.com.ar\/wp\/index.php?rest_route=\/wp\/v2\/product"}],"about":[{"href":"https:\/\/lourdesdistribuidora.com.ar\/wp\/index.php?rest_route=\/wp\/v2\/types\/product"}],"wp:featuredmedia":[{"embeddable":true,"href":"https:\/\/lourdesdistribuidora.com.ar\/wp\/index.php?rest_route=\/wp\/v2\/media\/659"}],"wp:attachment":[{"href":"https:\/\/lourdesdistribuidora.com.ar\/wp\/index.php?rest_route=%2Fwp%2Fv2%2Fmedia&parent=658"}],"wp:term":[{"taxonomy":"pwb-brand","embeddable":true,"href":"https:\/\/lourdesdistribuidora.com.ar\/wp\/index.php?rest_route=%2Fwp%2Fv2%2Fpwb-brand&post=658"},{"taxonomy":"product_brand","embeddable":true,"href":"https:\/\/lourdesdistribuidora.com.ar\/wp\/index.php?rest_route=%2Fwp%2Fv2%2Fproduct_brand&post=658"},{"taxonomy":"product_cat","embeddable":true,"href":"https:\/\/lourdesdistribuidora.com.ar\/wp\/index.php?rest_route=%2Fwp%2Fv2%2Fproduct_cat&post=658"},{"taxonomy":"product_tag","embeddable":true,"href":"https:\/\/lourdesdistribuidora.com.ar\/wp\/index.php?rest_route=%2Fwp%2Fv2%2Fproduct_tag&post=658"}],"curies":[{"name":"wp","href":"https:\/\/api.w.org\/{rel}","templated":true}]}}