{"id":708,"date":"2022-11-01T09:52:51","date_gmt":"2022-11-01T12:52:51","guid":{"rendered":"https:\/\/lourdesdistribuidora.com.ar\/wp\/?post_type=product&#038;p=708"},"modified":"2024-04-09T11:08:26","modified_gmt":"2024-04-09T14:08:26","slug":"708","status":"publish","type":"product","link":"https:\/\/lourdesdistribuidora.com.ar\/wp\/?product=708","title":{"rendered":"MAMBORETA B+R"},"content":{"rendered":"<p><span style=\"font-size: 14.4px;\">Mamboreta b+r<\/span><\/p>\n<p>Cebo granulado para Babosas y caracoles.<br \/>\nSistema de fabricaci\u00f3n h\u00fameda (no parafinado). No<br \/>\nafecta a lombrices.<br \/>\nPersistencia y durabilidad ante roc\u00edo y lluvias.<\/p>\n<p>&nbsp;<\/p>\n<p>PRESENTACIONES<br \/>\nx 100 gr. (15 unidades)<br \/>\nx 200 gr. (12 unidades)<br \/>\nx 500 gr. (6 unidades)<\/p>\n","protected":false},"excerpt":{"rendered":"<p>Mamboreta b+r Cebo granulado para Babosas y caracoles. Sistema de fabricaci\u00f3n h\u00fameda (no parafinado). No afecta a lombrices. Persistencia y durabilidad ante roc\u00edo y lluvias. &nbsp; PRESENTACIONES x 100 gr. (15 unidades) x 200 gr. (12 unidades) x 500 gr. (6 unidades)<\/p>\n","protected":false},"featured_media":709,"template":"","meta":{"_acf_changed":false},"pwb-brand":[109],"product_brand":[],"product_cat":[74],"product_tag":[],"class_list":{"0":"post-708","1":"product","2":"type-product","3":"status-publish","4":"has-post-thumbnail","6":"pwb-brand-mamboreta","7":"product_cat-matababosas","9":"first","10":"instock","11":"taxable","12":"shipping-taxable","13":"product-type-simple"},"acf":[],"aioseo_notices":[],"brands":[{"id":109,"name":"Mamboreta","slug":"mamboreta"}],"_links":{"self":[{"href":"https:\/\/lourdesdistribuidora.com.ar\/wp\/index.php?rest_route=\/wp\/v2\/product\/708","targetHints":{"allow":["GET"]}}],"collection":[{"href":"https:\/\/lourdesdistribuidora.com.ar\/wp\/index.php?rest_route=\/wp\/v2\/product"}],"about":[{"href":"https:\/\/lourdesdistribuidora.com.ar\/wp\/index.php?rest_route=\/wp\/v2\/types\/product"}],"wp:featuredmedia":[{"embeddable":true,"href":"https:\/\/lourdesdistribuidora.com.ar\/wp\/index.php?rest_route=\/wp\/v2\/media\/709"}],"wp:attachment":[{"href":"https:\/\/lourdesdistribuidora.com.ar\/wp\/index.php?rest_route=%2Fwp%2Fv2%2Fmedia&parent=708"}],"wp:term":[{"taxonomy":"pwb-brand","embeddable":true,"href":"https:\/\/lourdesdistribuidora.com.ar\/wp\/index.php?rest_route=%2Fwp%2Fv2%2Fpwb-brand&post=708"},{"taxonomy":"product_brand","embeddable":true,"href":"https:\/\/lourdesdistribuidora.com.ar\/wp\/index.php?rest_route=%2Fwp%2Fv2%2Fproduct_brand&post=708"},{"taxonomy":"product_cat","embeddable":true,"href":"https:\/\/lourdesdistribuidora.com.ar\/wp\/index.php?rest_route=%2Fwp%2Fv2%2Fproduct_cat&post=708"},{"taxonomy":"product_tag","embeddable":true,"href":"https:\/\/lourdesdistribuidora.com.ar\/wp\/index.php?rest_route=%2Fwp%2Fv2%2Fproduct_tag&post=708"}],"curies":[{"name":"wp","href":"https:\/\/api.w.org\/{rel}","templated":true}]}}