{"id":714,"date":"2022-11-01T10:05:23","date_gmt":"2022-11-01T13:05:23","guid":{"rendered":"https:\/\/lourdesdistribuidora.com.ar\/wp\/?post_type=product&#038;p=714"},"modified":"2025-01-23T19:35:09","modified_gmt":"2025-01-23T22:35:09","slug":"natabio-lona","status":"publish","type":"product","link":"https:\/\/lourdesdistribuidora.com.ar\/wp\/?product=natabio-lona","title":{"rendered":"NATABIO &#8211; Lona"},"content":{"rendered":"<p>NATABIO LONA<\/p>\n<p>Alguicida y antimicrobiano sin cloro. L\u00edquido compatible<br \/>\ncon cloro. Pensado especialmente para piletas de lona.<br \/>\nCon Natabio todo es m\u00e1s simple, efectivo y altamente<br \/>\neficaz contra el &#8220;hongo negro&#8221;. Para que el placer de<br \/>\ntener una piscina tambi\u00e9n sea el placer de mantenerla, ya<br \/>\nque es de aplicaci\u00f3n mensual. No afecta ning\u00fan tipo de<br \/>\nfiltro ni mancha la superficie de la piscina.<br \/>\nDOSIFICACI\u00d3N:<br \/>\nCada 5.000 L de agua 500 cc. una vez por mes.<\/p>\n<p>PRESENTACIONES<br \/>\nPack 20 U. x 500 c.c.<br \/>\nPack 12 U. X 1 Lt<\/p>\n","protected":false},"excerpt":{"rendered":"<p>NATABIO LONA Alguicida y antimicrobiano sin cloro. L\u00edquido compatible con cloro. Pensado especialmente para piletas de lona. Con Natabio todo es m\u00e1s simple, efectivo y altamente eficaz contra el &#8220;hongo negro&#8221;. Para que el placer de tener una piscina tambi\u00e9n sea el placer de mantenerla, ya que es de aplicaci\u00f3n mensual. No afecta ning\u00fan tipo [&#8230;]\n","protected":false},"featured_media":715,"template":"","meta":{"_acf_changed":false},"pwb-brand":[110],"product_brand":[],"product_cat":[82],"product_tag":[],"class_list":{"0":"post-714","1":"product","2":"type-product","3":"status-publish","4":"has-post-thumbnail","6":"pwb-brand-nataclor","7":"product_cat-prodpiletas","9":"first","10":"instock","11":"taxable","12":"shipping-taxable","13":"product-type-simple"},"acf":[],"aioseo_notices":[],"brands":[{"id":110,"name":"Nataclor","slug":"nataclor"}],"_links":{"self":[{"href":"https:\/\/lourdesdistribuidora.com.ar\/wp\/index.php?rest_route=\/wp\/v2\/product\/714","targetHints":{"allow":["GET"]}}],"collection":[{"href":"https:\/\/lourdesdistribuidora.com.ar\/wp\/index.php?rest_route=\/wp\/v2\/product"}],"about":[{"href":"https:\/\/lourdesdistribuidora.com.ar\/wp\/index.php?rest_route=\/wp\/v2\/types\/product"}],"wp:featuredmedia":[{"embeddable":true,"href":"https:\/\/lourdesdistribuidora.com.ar\/wp\/index.php?rest_route=\/wp\/v2\/media\/715"}],"wp:attachment":[{"href":"https:\/\/lourdesdistribuidora.com.ar\/wp\/index.php?rest_route=%2Fwp%2Fv2%2Fmedia&parent=714"}],"wp:term":[{"taxonomy":"pwb-brand","embeddable":true,"href":"https:\/\/lourdesdistribuidora.com.ar\/wp\/index.php?rest_route=%2Fwp%2Fv2%2Fpwb-brand&post=714"},{"taxonomy":"product_brand","embeddable":true,"href":"https:\/\/lourdesdistribuidora.com.ar\/wp\/index.php?rest_route=%2Fwp%2Fv2%2Fproduct_brand&post=714"},{"taxonomy":"product_cat","embeddable":true,"href":"https:\/\/lourdesdistribuidora.com.ar\/wp\/index.php?rest_route=%2Fwp%2Fv2%2Fproduct_cat&post=714"},{"taxonomy":"product_tag","embeddable":true,"href":"https:\/\/lourdesdistribuidora.com.ar\/wp\/index.php?rest_route=%2Fwp%2Fv2%2Fproduct_tag&post=714"}],"curies":[{"name":"wp","href":"https:\/\/api.w.org\/{rel}","templated":true}]}}