{"id":720,"date":"2022-11-01T10:12:15","date_gmt":"2022-11-01T13:12:15","guid":{"rendered":"https:\/\/lourdesdistribuidora.com.ar\/wp\/?post_type=product&#038;p=720"},"modified":"2025-01-23T19:42:21","modified_gmt":"2025-01-23T22:42:21","slug":"porta-mirex","status":"publish","type":"product","link":"https:\/\/lourdesdistribuidora.com.ar\/wp\/?product=porta-mirex","title":{"rendered":"Porta-Mirex"},"content":{"rendered":"<p>PORTA MIREX<\/p>\n<p>Mantiene el cebo hormiguicida al resguardo de<br \/>\nagentes clim\u00e1ticos que puedan afectarlo (lluvia,<br \/>\nroc\u00edo, humedad, viento, sol, etc.) Protege a los<br \/>\nni\u00f1os, mascotas, aves, del contacto con el cebo<br \/>\nhormiguicida.<\/p>\n<p>PRESENTACIONES<br \/>\nPack x 10 u.<br \/>\nPack x 50 u.<\/p>\n","protected":false},"excerpt":{"rendered":"<p>PORTA MIREX Mantiene el cebo hormiguicida al resguardo de agentes clim\u00e1ticos que puedan afectarlo (lluvia, roc\u00edo, humedad, viento, sol, etc.) Protege a los ni\u00f1os, mascotas, aves, del contacto con el cebo hormiguicida. PRESENTACIONES Pack x 10 u. Pack x 50 u.<\/p>\n","protected":false},"featured_media":721,"template":"","meta":{"_acf_changed":false},"pwb-brand":[],"product_brand":[],"product_cat":[72,152],"product_tag":[],"class_list":{"0":"post-720","1":"product","2":"type-product","3":"status-publish","4":"has-post-thumbnail","6":"product_cat-hormiguicida","7":"product_cat-prod-jardin","9":"first","10":"instock","11":"taxable","12":"shipping-taxable","13":"product-type-simple"},"acf":[],"aioseo_notices":[],"brands":[],"_links":{"self":[{"href":"https:\/\/lourdesdistribuidora.com.ar\/wp\/index.php?rest_route=\/wp\/v2\/product\/720","targetHints":{"allow":["GET"]}}],"collection":[{"href":"https:\/\/lourdesdistribuidora.com.ar\/wp\/index.php?rest_route=\/wp\/v2\/product"}],"about":[{"href":"https:\/\/lourdesdistribuidora.com.ar\/wp\/index.php?rest_route=\/wp\/v2\/types\/product"}],"wp:featuredmedia":[{"embeddable":true,"href":"https:\/\/lourdesdistribuidora.com.ar\/wp\/index.php?rest_route=\/wp\/v2\/media\/721"}],"wp:attachment":[{"href":"https:\/\/lourdesdistribuidora.com.ar\/wp\/index.php?rest_route=%2Fwp%2Fv2%2Fmedia&parent=720"}],"wp:term":[{"taxonomy":"pwb-brand","embeddable":true,"href":"https:\/\/lourdesdistribuidora.com.ar\/wp\/index.php?rest_route=%2Fwp%2Fv2%2Fpwb-brand&post=720"},{"taxonomy":"product_brand","embeddable":true,"href":"https:\/\/lourdesdistribuidora.com.ar\/wp\/index.php?rest_route=%2Fwp%2Fv2%2Fproduct_brand&post=720"},{"taxonomy":"product_cat","embeddable":true,"href":"https:\/\/lourdesdistribuidora.com.ar\/wp\/index.php?rest_route=%2Fwp%2Fv2%2Fproduct_cat&post=720"},{"taxonomy":"product_tag","embeddable":true,"href":"https:\/\/lourdesdistribuidora.com.ar\/wp\/index.php?rest_route=%2Fwp%2Fv2%2Fproduct_tag&post=720"}],"curies":[{"name":"wp","href":"https:\/\/api.w.org\/{rel}","templated":true}]}}