{"id":724,"date":"2022-11-01T10:17:39","date_gmt":"2022-11-01T13:17:39","guid":{"rendered":"https:\/\/lourdesdistribuidora.com.ar\/wp\/?post_type=product&#038;p=724"},"modified":"2025-01-23T19:45:21","modified_gmt":"2025-01-23T22:45:21","slug":"destapa-canerias","status":"publish","type":"product","link":"https:\/\/lourdesdistribuidora.com.ar\/wp\/?product=destapa-canerias","title":{"rendered":"Destapa ca\u00f1er\u00edas gel X 500 cc"},"content":{"rendered":"<p>DESTAPA CA\u00d1ER\u00edAS<\/p>\n<p>Poderosa formula gel. Destruye grasa, jab\u00f3n y restos de<br \/>\ncomida. Formula espesa 100 % efectiva m\u00e1s potente. 3 En<br \/>\n1: Destapa, Desengrasa y Desinfecta. Limpia y da brillo.<br \/>\nPreviene el sarro sin da\u00f1ar el metal. Act\u00faa aun despu\u00e9s de<br \/>\naplicado. Fragancia c\u00edtrica. Ideal para limpiar sanitarios,<br \/>\nazulejos, cer\u00e1micos, ba\u00f1aderas, m\u00e1rmol, vidrios, etc.<\/p>\n<p>PRESENTACIONES<br \/>\nPack 12 Un. x 500 c.c.<br \/>\nPack 6 Un. x 1 Lt.<\/p>\n","protected":false},"excerpt":{"rendered":"<p>DESTAPA CA\u00d1ER\u00edAS Poderosa formula gel. Destruye grasa, jab\u00f3n y restos de comida. Formula espesa 100 % efectiva m\u00e1s potente. 3 En 1: Destapa, Desengrasa y Desinfecta. Limpia y da brillo. Previene el sarro sin da\u00f1ar el metal. Act\u00faa aun despu\u00e9s de aplicado. Fragancia c\u00edtrica. Ideal para limpiar sanitarios, azulejos, cer\u00e1micos, ba\u00f1aderas, m\u00e1rmol, vidrios, etc. PRESENTACIONES [&#8230;]\n","protected":false},"featured_media":725,"template":"","meta":{"_acf_changed":false},"pwb-brand":[112],"product_brand":[],"product_cat":[149],"product_tag":[],"class_list":{"0":"post-724","1":"product","2":"type-product","3":"status-publish","4":"has-post-thumbnail","6":"pwb-brand-merclin","7":"product_cat-destapacanerias","9":"first","10":"instock","11":"taxable","12":"shipping-taxable","13":"product-type-simple"},"acf":[],"aioseo_notices":[],"brands":[{"id":112,"name":"Merclin","slug":"merclin"}],"_links":{"self":[{"href":"https:\/\/lourdesdistribuidora.com.ar\/wp\/index.php?rest_route=\/wp\/v2\/product\/724","targetHints":{"allow":["GET"]}}],"collection":[{"href":"https:\/\/lourdesdistribuidora.com.ar\/wp\/index.php?rest_route=\/wp\/v2\/product"}],"about":[{"href":"https:\/\/lourdesdistribuidora.com.ar\/wp\/index.php?rest_route=\/wp\/v2\/types\/product"}],"wp:featuredmedia":[{"embeddable":true,"href":"https:\/\/lourdesdistribuidora.com.ar\/wp\/index.php?rest_route=\/wp\/v2\/media\/725"}],"wp:attachment":[{"href":"https:\/\/lourdesdistribuidora.com.ar\/wp\/index.php?rest_route=%2Fwp%2Fv2%2Fmedia&parent=724"}],"wp:term":[{"taxonomy":"pwb-brand","embeddable":true,"href":"https:\/\/lourdesdistribuidora.com.ar\/wp\/index.php?rest_route=%2Fwp%2Fv2%2Fpwb-brand&post=724"},{"taxonomy":"product_brand","embeddable":true,"href":"https:\/\/lourdesdistribuidora.com.ar\/wp\/index.php?rest_route=%2Fwp%2Fv2%2Fproduct_brand&post=724"},{"taxonomy":"product_cat","embeddable":true,"href":"https:\/\/lourdesdistribuidora.com.ar\/wp\/index.php?rest_route=%2Fwp%2Fv2%2Fproduct_cat&post=724"},{"taxonomy":"product_tag","embeddable":true,"href":"https:\/\/lourdesdistribuidora.com.ar\/wp\/index.php?rest_route=%2Fwp%2Fv2%2Fproduct_tag&post=724"}],"curies":[{"name":"wp","href":"https:\/\/api.w.org\/{rel}","templated":true}]}}