{"id":729,"date":"2022-11-01T10:21:38","date_gmt":"2022-11-01T13:21:38","guid":{"rendered":"https:\/\/lourdesdistribuidora.com.ar\/wp\/?post_type=product&#038;p=729"},"modified":"2023-12-28T20:55:05","modified_gmt":"2023-12-28T23:55:05","slug":"cinta-destapa-canerias","status":"publish","type":"product","link":"https:\/\/lourdesdistribuidora.com.ar\/wp\/?product=cinta-destapa-canerias","title":{"rendered":"CINTA Destapa-Ca\u00f1er\u00edas 9mm x 5 mt."},"content":{"rendered":"<p>&nbsp;<\/p>\n<p>CINTA DESTAPA CA\u00d1ER\u00cdA<\/p>\n<p>Pack de 6 unidades de<br \/>\n5, 10, 15 y 20 mts<br \/>\nPermite llegar a lugares dif\u00edciles.<br \/>\nCon puntera de bronce macizo.<\/p>\n<p>Fuerte y Flexible.<\/p>\n<p>Polipropileno de 9 mm. de diametro.<\/p>\n","protected":false},"excerpt":{"rendered":"<p>&nbsp; CINTA DESTAPA CA\u00d1ER\u00cdA Pack de 6 unidades de 5, 10, 15 y 20 mts Permite llegar a lugares dif\u00edciles. Con puntera de bronce macizo. Fuerte y Flexible. Polipropileno de 9 mm. de diametro.<\/p>\n","protected":false},"featured_media":730,"template":"","meta":{"_acf_changed":false},"pwb-brand":[112],"product_brand":[],"product_cat":[149],"product_tag":[],"class_list":{"0":"post-729","1":"product","2":"type-product","3":"status-publish","4":"has-post-thumbnail","6":"pwb-brand-merclin","7":"product_cat-destapacanerias","9":"first","10":"instock","11":"taxable","12":"shipping-taxable","13":"product-type-simple"},"acf":[],"aioseo_notices":[],"brands":[{"id":112,"name":"Merclin","slug":"merclin"}],"_links":{"self":[{"href":"https:\/\/lourdesdistribuidora.com.ar\/wp\/index.php?rest_route=\/wp\/v2\/product\/729","targetHints":{"allow":["GET"]}}],"collection":[{"href":"https:\/\/lourdesdistribuidora.com.ar\/wp\/index.php?rest_route=\/wp\/v2\/product"}],"about":[{"href":"https:\/\/lourdesdistribuidora.com.ar\/wp\/index.php?rest_route=\/wp\/v2\/types\/product"}],"wp:featuredmedia":[{"embeddable":true,"href":"https:\/\/lourdesdistribuidora.com.ar\/wp\/index.php?rest_route=\/wp\/v2\/media\/730"}],"wp:attachment":[{"href":"https:\/\/lourdesdistribuidora.com.ar\/wp\/index.php?rest_route=%2Fwp%2Fv2%2Fmedia&parent=729"}],"wp:term":[{"taxonomy":"pwb-brand","embeddable":true,"href":"https:\/\/lourdesdistribuidora.com.ar\/wp\/index.php?rest_route=%2Fwp%2Fv2%2Fpwb-brand&post=729"},{"taxonomy":"product_brand","embeddable":true,"href":"https:\/\/lourdesdistribuidora.com.ar\/wp\/index.php?rest_route=%2Fwp%2Fv2%2Fproduct_brand&post=729"},{"taxonomy":"product_cat","embeddable":true,"href":"https:\/\/lourdesdistribuidora.com.ar\/wp\/index.php?rest_route=%2Fwp%2Fv2%2Fproduct_cat&post=729"},{"taxonomy":"product_tag","embeddable":true,"href":"https:\/\/lourdesdistribuidora.com.ar\/wp\/index.php?rest_route=%2Fwp%2Fv2%2Fproduct_tag&post=729"}],"curies":[{"name":"wp","href":"https:\/\/api.w.org\/{rel}","templated":true}]}}