{"id":731,"date":"2022-11-01T10:23:23","date_gmt":"2022-11-01T13:23:23","guid":{"rendered":"https:\/\/lourdesdistribuidora.com.ar\/wp\/?post_type=product&#038;p=731"},"modified":"2023-12-28T20:55:22","modified_gmt":"2023-12-28T23:55:22","slug":"cinta-destapa-piletas","status":"publish","type":"product","link":"https:\/\/lourdesdistribuidora.com.ar\/wp\/?product=cinta-destapa-piletas","title":{"rendered":"Cinta Destapa-piletas de 3 mt."},"content":{"rendered":"<p>No se oxida. No da\u00f1a las manos.<\/p>\n<p>Permite llegar a lugares dif\u00edciles.<br \/>\nAcero trenzado recubierto \u00f8 5 mm.<\/p>\n<p>CINTA DESTAPA PILETAS<\/p>\n<p>PRESENTACIONES<br \/>\nPack de 6 unidades de<br \/>\n3, 5, y 8 mts<\/p>\n","protected":false},"excerpt":{"rendered":"<p>No se oxida. No da\u00f1a las manos. Permite llegar a lugares dif\u00edciles. Acero trenzado recubierto \u00f8 5 mm. CINTA DESTAPA PILETAS PRESENTACIONES Pack de 6 unidades de 3, 5, y 8 mts<\/p>\n","protected":false},"featured_media":732,"template":"","meta":{"_acf_changed":false},"pwb-brand":[112],"product_brand":[],"product_cat":[82],"product_tag":[],"class_list":{"0":"post-731","1":"product","2":"type-product","3":"status-publish","4":"has-post-thumbnail","6":"pwb-brand-merclin","7":"product_cat-prodpiletas","9":"first","10":"instock","11":"taxable","12":"shipping-taxable","13":"product-type-simple"},"acf":[],"aioseo_notices":[],"brands":[{"id":112,"name":"Merclin","slug":"merclin"}],"_links":{"self":[{"href":"https:\/\/lourdesdistribuidora.com.ar\/wp\/index.php?rest_route=\/wp\/v2\/product\/731","targetHints":{"allow":["GET"]}}],"collection":[{"href":"https:\/\/lourdesdistribuidora.com.ar\/wp\/index.php?rest_route=\/wp\/v2\/product"}],"about":[{"href":"https:\/\/lourdesdistribuidora.com.ar\/wp\/index.php?rest_route=\/wp\/v2\/types\/product"}],"wp:featuredmedia":[{"embeddable":true,"href":"https:\/\/lourdesdistribuidora.com.ar\/wp\/index.php?rest_route=\/wp\/v2\/media\/732"}],"wp:attachment":[{"href":"https:\/\/lourdesdistribuidora.com.ar\/wp\/index.php?rest_route=%2Fwp%2Fv2%2Fmedia&parent=731"}],"wp:term":[{"taxonomy":"pwb-brand","embeddable":true,"href":"https:\/\/lourdesdistribuidora.com.ar\/wp\/index.php?rest_route=%2Fwp%2Fv2%2Fpwb-brand&post=731"},{"taxonomy":"product_brand","embeddable":true,"href":"https:\/\/lourdesdistribuidora.com.ar\/wp\/index.php?rest_route=%2Fwp%2Fv2%2Fproduct_brand&post=731"},{"taxonomy":"product_cat","embeddable":true,"href":"https:\/\/lourdesdistribuidora.com.ar\/wp\/index.php?rest_route=%2Fwp%2Fv2%2Fproduct_cat&post=731"},{"taxonomy":"product_tag","embeddable":true,"href":"https:\/\/lourdesdistribuidora.com.ar\/wp\/index.php?rest_route=%2Fwp%2Fv2%2Fproduct_tag&post=731"}],"curies":[{"name":"wp","href":"https:\/\/api.w.org\/{rel}","templated":true}]}}