{"id":733,"date":"2022-11-01T10:26:03","date_gmt":"2022-11-01T13:26:03","guid":{"rendered":"https:\/\/lourdesdistribuidora.com.ar\/wp\/?post_type=product&#038;p=733"},"modified":"2024-03-01T15:42:15","modified_gmt":"2024-03-01T18:42:15","slug":"quita-sarro-y-verdin-para-piscinas","status":"publish","type":"product","link":"https:\/\/lourdesdistribuidora.com.ar\/wp\/?product=quita-sarro-y-verdin-para-piscinas","title":{"rendered":"Quita Sarro y Verdin para piscinas"},"content":{"rendered":"<p>QUITA SARRO y verdin piscinas<\/p>\n<p>Ideal para eliminar el sarro y verd\u00edn de piletas<br \/>\nazulejadas, pintadas y pl\u00e1sticas. Renueva<br \/>\nbaldosones t\u00e9rmicos<\/p>\n<p>&nbsp;<\/p>\n<p>PRESENTACIONES<br \/>\nPack 6 Un. de 2 Lt.<\/p>\n<p>&nbsp;<\/p>\n","protected":false},"excerpt":{"rendered":"<p>QUITA SARRO y verdin piscinas Ideal para eliminar el sarro y verd\u00edn de piletas azulejadas, pintadas y pl\u00e1sticas. Renueva baldosones t\u00e9rmicos &nbsp; PRESENTACIONES Pack 6 Un. de 2 Lt. &nbsp;<\/p>\n","protected":false},"featured_media":734,"template":"","meta":{"_acf_changed":false},"pwb-brand":[112],"product_brand":[],"product_cat":[82,150],"product_tag":[],"class_list":{"0":"post-733","1":"product","2":"type-product","3":"status-publish","4":"has-post-thumbnail","6":"pwb-brand-merclin","7":"product_cat-prodpiletas","8":"product_cat-quitasarro","10":"first","11":"outofstock","12":"taxable","13":"shipping-taxable","14":"purchasable","15":"product-type-simple"},"acf":[],"aioseo_notices":[],"brands":[{"id":112,"name":"Merclin","slug":"merclin"}],"_links":{"self":[{"href":"https:\/\/lourdesdistribuidora.com.ar\/wp\/index.php?rest_route=\/wp\/v2\/product\/733","targetHints":{"allow":["GET"]}}],"collection":[{"href":"https:\/\/lourdesdistribuidora.com.ar\/wp\/index.php?rest_route=\/wp\/v2\/product"}],"about":[{"href":"https:\/\/lourdesdistribuidora.com.ar\/wp\/index.php?rest_route=\/wp\/v2\/types\/product"}],"wp:featuredmedia":[{"embeddable":true,"href":"https:\/\/lourdesdistribuidora.com.ar\/wp\/index.php?rest_route=\/wp\/v2\/media\/734"}],"wp:attachment":[{"href":"https:\/\/lourdesdistribuidora.com.ar\/wp\/index.php?rest_route=%2Fwp%2Fv2%2Fmedia&parent=733"}],"wp:term":[{"taxonomy":"pwb-brand","embeddable":true,"href":"https:\/\/lourdesdistribuidora.com.ar\/wp\/index.php?rest_route=%2Fwp%2Fv2%2Fpwb-brand&post=733"},{"taxonomy":"product_brand","embeddable":true,"href":"https:\/\/lourdesdistribuidora.com.ar\/wp\/index.php?rest_route=%2Fwp%2Fv2%2Fproduct_brand&post=733"},{"taxonomy":"product_cat","embeddable":true,"href":"https:\/\/lourdesdistribuidora.com.ar\/wp\/index.php?rest_route=%2Fwp%2Fv2%2Fproduct_cat&post=733"},{"taxonomy":"product_tag","embeddable":true,"href":"https:\/\/lourdesdistribuidora.com.ar\/wp\/index.php?rest_route=%2Fwp%2Fv2%2Fproduct_tag&post=733"}],"curies":[{"name":"wp","href":"https:\/\/api.w.org\/{rel}","templated":true}]}}