{"id":735,"date":"2022-11-01T10:27:51","date_gmt":"2022-11-01T13:27:51","guid":{"rendered":"https:\/\/lourdesdistribuidora.com.ar\/wp\/?post_type=product&#038;p=735"},"modified":"2025-01-23T19:49:16","modified_gmt":"2025-01-23T22:49:16","slug":"blanqueador-de-juntas","status":"publish","type":"product","link":"https:\/\/lourdesdistribuidora.com.ar\/wp\/?product=blanqueador-de-juntas","title":{"rendered":"Blanqueador de Juntas"},"content":{"rendered":"<p>BLANQUEADOR DE JUNTAS<\/p>\n<p>Ideal para blanquear las juntas de paredes azulejadas y<br \/>\nde pisos con baldosas. Permite restaurar y renovar<br \/>\ncompletamente juntas de pisos, paredes de ba\u00f1os y<br \/>\ncocinas. Al pasar el producto por las juntas, deja una<br \/>\npel\u00edcula blanca que se adhiere a la pastina y no a los<br \/>\nazulejos. Es muy f\u00e1cil de usar debido a su exclusivo pico<br \/>\naplicador. Contiene agentes antihongos para prevenir el<br \/>\nennegrecimiento t\u00edpico de las juntas<\/p>\n<p>PRESENTACIONES<br \/>\nPack de 6 Un. x 200 c.c.<\/p>\n","protected":false},"excerpt":{"rendered":"<p>BLANQUEADOR DE JUNTAS Ideal para blanquear las juntas de paredes azulejadas y de pisos con baldosas. Permite restaurar y renovar completamente juntas de pisos, paredes de ba\u00f1os y cocinas. Al pasar el producto por las juntas, deja una pel\u00edcula blanca que se adhiere a la pastina y no a los azulejos. Es muy f\u00e1cil de [&#8230;]\n","protected":false},"featured_media":736,"template":"","meta":{"_acf_changed":false},"pwb-brand":[112],"product_brand":[],"product_cat":[151],"product_tag":[],"class_list":{"0":"post-735","1":"product","2":"type-product","3":"status-publish","4":"has-post-thumbnail","6":"pwb-brand-merclin","7":"product_cat-limpiador","9":"first","10":"instock","11":"taxable","12":"shipping-taxable","13":"product-type-simple"},"acf":[],"aioseo_notices":[],"brands":[{"id":112,"name":"Merclin","slug":"merclin"}],"_links":{"self":[{"href":"https:\/\/lourdesdistribuidora.com.ar\/wp\/index.php?rest_route=\/wp\/v2\/product\/735","targetHints":{"allow":["GET"]}}],"collection":[{"href":"https:\/\/lourdesdistribuidora.com.ar\/wp\/index.php?rest_route=\/wp\/v2\/product"}],"about":[{"href":"https:\/\/lourdesdistribuidora.com.ar\/wp\/index.php?rest_route=\/wp\/v2\/types\/product"}],"wp:featuredmedia":[{"embeddable":true,"href":"https:\/\/lourdesdistribuidora.com.ar\/wp\/index.php?rest_route=\/wp\/v2\/media\/736"}],"wp:attachment":[{"href":"https:\/\/lourdesdistribuidora.com.ar\/wp\/index.php?rest_route=%2Fwp%2Fv2%2Fmedia&parent=735"}],"wp:term":[{"taxonomy":"pwb-brand","embeddable":true,"href":"https:\/\/lourdesdistribuidora.com.ar\/wp\/index.php?rest_route=%2Fwp%2Fv2%2Fpwb-brand&post=735"},{"taxonomy":"product_brand","embeddable":true,"href":"https:\/\/lourdesdistribuidora.com.ar\/wp\/index.php?rest_route=%2Fwp%2Fv2%2Fproduct_brand&post=735"},{"taxonomy":"product_cat","embeddable":true,"href":"https:\/\/lourdesdistribuidora.com.ar\/wp\/index.php?rest_route=%2Fwp%2Fv2%2Fproduct_cat&post=735"},{"taxonomy":"product_tag","embeddable":true,"href":"https:\/\/lourdesdistribuidora.com.ar\/wp\/index.php?rest_route=%2Fwp%2Fv2%2Fproduct_tag&post=735"}],"curies":[{"name":"wp","href":"https:\/\/api.w.org\/{rel}","templated":true}]}}