{"id":740,"date":"2022-11-01T10:32:30","date_gmt":"2022-11-01T13:32:30","guid":{"rendered":"https:\/\/lourdesdistribuidora.com.ar\/wp\/?post_type=product&#038;p=740"},"modified":"2025-01-23T19:50:41","modified_gmt":"2025-01-23T22:50:41","slug":"limpiahornos","status":"publish","type":"product","link":"https:\/\/lourdesdistribuidora.com.ar\/wp\/?product=limpiahornos","title":{"rendered":"Limpiahornos &#8211; GEL x 250 cc"},"content":{"rendered":"<p>LIMPIAHORNOS<\/p>\n<p>Est\u00e1 desarrollado con una exclusiva f\u00f3rmula Gel que<br \/>\ndisuelve las costras de grasa incrustadas en hornos,<br \/>\nparrillas, planchas y microondas. Tambi\u00e9n limpia los<br \/>\nquemadores, bandejas con derrames y rejillas. Se<br \/>\npuede utilizar en superficies de vidrio, enlozado,<br \/>\nporcelana, cer\u00e1mica, acero inoxidable y hierro.<\/p>\n<p>PRESENTACIONES<br \/>\nPack de 12 Un. de 250 ml.<br \/>\nPack de 12 Un. de 500 ml<\/p>\n","protected":false},"excerpt":{"rendered":"<p>LIMPIAHORNOS Est\u00e1 desarrollado con una exclusiva f\u00f3rmula Gel que disuelve las costras de grasa incrustadas en hornos, parrillas, planchas y microondas. Tambi\u00e9n limpia los quemadores, bandejas con derrames y rejillas. Se puede utilizar en superficies de vidrio, enlozado, porcelana, cer\u00e1mica, acero inoxidable y hierro. PRESENTACIONES Pack de 12 Un. de 250 ml. Pack de 12 [&#8230;]\n","protected":false},"featured_media":741,"template":"","meta":{"_acf_changed":false},"pwb-brand":[112],"product_brand":[],"product_cat":[151],"product_tag":[],"class_list":{"0":"post-740","1":"product","2":"type-product","3":"status-publish","4":"has-post-thumbnail","6":"pwb-brand-merclin","7":"product_cat-limpiador","9":"first","10":"instock","11":"taxable","12":"shipping-taxable","13":"product-type-simple"},"acf":[],"aioseo_notices":[],"brands":[{"id":112,"name":"Merclin","slug":"merclin"}],"_links":{"self":[{"href":"https:\/\/lourdesdistribuidora.com.ar\/wp\/index.php?rest_route=\/wp\/v2\/product\/740","targetHints":{"allow":["GET"]}}],"collection":[{"href":"https:\/\/lourdesdistribuidora.com.ar\/wp\/index.php?rest_route=\/wp\/v2\/product"}],"about":[{"href":"https:\/\/lourdesdistribuidora.com.ar\/wp\/index.php?rest_route=\/wp\/v2\/types\/product"}],"wp:featuredmedia":[{"embeddable":true,"href":"https:\/\/lourdesdistribuidora.com.ar\/wp\/index.php?rest_route=\/wp\/v2\/media\/741"}],"wp:attachment":[{"href":"https:\/\/lourdesdistribuidora.com.ar\/wp\/index.php?rest_route=%2Fwp%2Fv2%2Fmedia&parent=740"}],"wp:term":[{"taxonomy":"pwb-brand","embeddable":true,"href":"https:\/\/lourdesdistribuidora.com.ar\/wp\/index.php?rest_route=%2Fwp%2Fv2%2Fpwb-brand&post=740"},{"taxonomy":"product_brand","embeddable":true,"href":"https:\/\/lourdesdistribuidora.com.ar\/wp\/index.php?rest_route=%2Fwp%2Fv2%2Fproduct_brand&post=740"},{"taxonomy":"product_cat","embeddable":true,"href":"https:\/\/lourdesdistribuidora.com.ar\/wp\/index.php?rest_route=%2Fwp%2Fv2%2Fproduct_cat&post=740"},{"taxonomy":"product_tag","embeddable":true,"href":"https:\/\/lourdesdistribuidora.com.ar\/wp\/index.php?rest_route=%2Fwp%2Fv2%2Fproduct_tag&post=740"}],"curies":[{"name":"wp","href":"https:\/\/api.w.org\/{rel}","templated":true}]}}