{"id":742,"date":"2022-11-01T10:35:47","date_gmt":"2022-11-01T13:35:47","guid":{"rendered":"https:\/\/lourdesdistribuidora.com.ar\/wp\/?post_type=product&#038;p=742"},"modified":"2025-01-23T19:51:48","modified_gmt":"2025-01-23T22:51:48","slug":"descalcificador-anti-sarro","status":"publish","type":"product","link":"https:\/\/lourdesdistribuidora.com.ar\/wp\/?product=descalcificador-anti-sarro","title":{"rendered":"Descalcificador Anti-sarro para maquinas de cafe"},"content":{"rendered":"<p>DESCALCIFICADOR antisarro<\/p>\n<p>Remueve y elimina f\u00e1cilmente la acumulaci\u00f3n de sarro en<br \/>\ncafeteras express (profesionales o dom\u00e9sticas), cafeteras<br \/>\na c\u00e1psula, pavas el\u00e9ctricas y comunes.<br \/>\nEvita que se deterioren los mecanismos, disuelve el sarro<br \/>\nsin da\u00f1ar el equipo. No deja sabor residual, no es t\u00f3xico.<\/p>\n<p>&nbsp;<\/p>\n<p>PRESENTACIONES<br \/>\nPack de 12 Un. de 250 ml.<\/p>\n","protected":false},"excerpt":{"rendered":"<p>DESCALCIFICADOR antisarro Remueve y elimina f\u00e1cilmente la acumulaci\u00f3n de sarro en cafeteras express (profesionales o dom\u00e9sticas), cafeteras a c\u00e1psula, pavas el\u00e9ctricas y comunes. Evita que se deterioren los mecanismos, disuelve el sarro sin da\u00f1ar el equipo. No deja sabor residual, no es t\u00f3xico. &nbsp; PRESENTACIONES Pack de 12 Un. de 250 ml.<\/p>\n","protected":false},"featured_media":743,"template":"","meta":{"_acf_changed":false},"pwb-brand":[112],"product_brand":[],"product_cat":[151,150],"product_tag":[],"class_list":{"0":"post-742","1":"product","2":"type-product","3":"status-publish","4":"has-post-thumbnail","6":"pwb-brand-merclin","7":"product_cat-limpiador","8":"product_cat-quitasarro","10":"first","11":"instock","12":"taxable","13":"shipping-taxable","14":"product-type-simple"},"acf":[],"aioseo_notices":[],"brands":[{"id":112,"name":"Merclin","slug":"merclin"}],"_links":{"self":[{"href":"https:\/\/lourdesdistribuidora.com.ar\/wp\/index.php?rest_route=\/wp\/v2\/product\/742","targetHints":{"allow":["GET"]}}],"collection":[{"href":"https:\/\/lourdesdistribuidora.com.ar\/wp\/index.php?rest_route=\/wp\/v2\/product"}],"about":[{"href":"https:\/\/lourdesdistribuidora.com.ar\/wp\/index.php?rest_route=\/wp\/v2\/types\/product"}],"wp:featuredmedia":[{"embeddable":true,"href":"https:\/\/lourdesdistribuidora.com.ar\/wp\/index.php?rest_route=\/wp\/v2\/media\/743"}],"wp:attachment":[{"href":"https:\/\/lourdesdistribuidora.com.ar\/wp\/index.php?rest_route=%2Fwp%2Fv2%2Fmedia&parent=742"}],"wp:term":[{"taxonomy":"pwb-brand","embeddable":true,"href":"https:\/\/lourdesdistribuidora.com.ar\/wp\/index.php?rest_route=%2Fwp%2Fv2%2Fpwb-brand&post=742"},{"taxonomy":"product_brand","embeddable":true,"href":"https:\/\/lourdesdistribuidora.com.ar\/wp\/index.php?rest_route=%2Fwp%2Fv2%2Fproduct_brand&post=742"},{"taxonomy":"product_cat","embeddable":true,"href":"https:\/\/lourdesdistribuidora.com.ar\/wp\/index.php?rest_route=%2Fwp%2Fv2%2Fproduct_cat&post=742"},{"taxonomy":"product_tag","embeddable":true,"href":"https:\/\/lourdesdistribuidora.com.ar\/wp\/index.php?rest_route=%2Fwp%2Fv2%2Fproduct_tag&post=742"}],"curies":[{"name":"wp","href":"https:\/\/api.w.org\/{rel}","templated":true}]}}