{"id":750,"date":"2022-11-01T10:44:32","date_gmt":"2022-11-01T13:44:32","guid":{"rendered":"https:\/\/lourdesdistribuidora.com.ar\/wp\/?post_type=product&#038;p=750"},"modified":"2025-01-23T19:57:57","modified_gmt":"2025-01-23T22:57:57","slug":"limpiador-acido-multiaccion","status":"publish","type":"product","link":"https:\/\/lourdesdistribuidora.com.ar\/wp\/?product=limpiador-acido-multiaccion","title":{"rendered":"Limpiador \u00e1cido &#8211; Multiacci\u00f3n &#8211; 500 cc"},"content":{"rendered":"<p>LIMPIDOR \u00c1CIDO MULTIACCI\u00d3N<\/p>\n<p>Elimina el sarro de ca\u00f1er\u00edas, calefones y superficies.<br \/>\nRegula el pH de las piscinas..<\/p>\n<p>Reemplaza al \u00e1cido muri\u00e1tico. Ideal para limpieza de<br \/>\nobra de pisos, ladrillos y tejas.<\/p>\n<p>&nbsp;<\/p>\n<p>PRESENTACIONES<br \/>\nPack 12 Un. de 500 ml<br \/>\nPack 10 Un. de 1 Lt.<br \/>\nPack 2 Un. de 5 Lt.<\/p>\n<p>&nbsp;<\/p>\n","protected":false},"excerpt":{"rendered":"<p>LIMPIDOR \u00c1CIDO MULTIACCI\u00d3N Elimina el sarro de ca\u00f1er\u00edas, calefones y superficies. Regula el pH de las piscinas.. Reemplaza al \u00e1cido muri\u00e1tico. Ideal para limpieza de obra de pisos, ladrillos y tejas. &nbsp; PRESENTACIONES Pack 12 Un. de 500 ml Pack 10 Un. de 1 Lt. Pack 2 Un. de 5 Lt. &nbsp;<\/p>\n","protected":false},"featured_media":751,"template":"","meta":{"_acf_changed":false},"pwb-brand":[112],"product_brand":[],"product_cat":[151],"product_tag":[],"class_list":{"0":"post-750","1":"product","2":"type-product","3":"status-publish","4":"has-post-thumbnail","6":"pwb-brand-merclin","7":"product_cat-limpiador","9":"first","10":"instock","11":"taxable","12":"shipping-taxable","13":"product-type-simple"},"acf":[],"aioseo_notices":[],"brands":[{"id":112,"name":"Merclin","slug":"merclin"}],"_links":{"self":[{"href":"https:\/\/lourdesdistribuidora.com.ar\/wp\/index.php?rest_route=\/wp\/v2\/product\/750","targetHints":{"allow":["GET"]}}],"collection":[{"href":"https:\/\/lourdesdistribuidora.com.ar\/wp\/index.php?rest_route=\/wp\/v2\/product"}],"about":[{"href":"https:\/\/lourdesdistribuidora.com.ar\/wp\/index.php?rest_route=\/wp\/v2\/types\/product"}],"wp:featuredmedia":[{"embeddable":true,"href":"https:\/\/lourdesdistribuidora.com.ar\/wp\/index.php?rest_route=\/wp\/v2\/media\/751"}],"wp:attachment":[{"href":"https:\/\/lourdesdistribuidora.com.ar\/wp\/index.php?rest_route=%2Fwp%2Fv2%2Fmedia&parent=750"}],"wp:term":[{"taxonomy":"pwb-brand","embeddable":true,"href":"https:\/\/lourdesdistribuidora.com.ar\/wp\/index.php?rest_route=%2Fwp%2Fv2%2Fpwb-brand&post=750"},{"taxonomy":"product_brand","embeddable":true,"href":"https:\/\/lourdesdistribuidora.com.ar\/wp\/index.php?rest_route=%2Fwp%2Fv2%2Fproduct_brand&post=750"},{"taxonomy":"product_cat","embeddable":true,"href":"https:\/\/lourdesdistribuidora.com.ar\/wp\/index.php?rest_route=%2Fwp%2Fv2%2Fproduct_cat&post=750"},{"taxonomy":"product_tag","embeddable":true,"href":"https:\/\/lourdesdistribuidora.com.ar\/wp\/index.php?rest_route=%2Fwp%2Fv2%2Fproduct_tag&post=750"}],"curies":[{"name":"wp","href":"https:\/\/api.w.org\/{rel}","templated":true}]}}