{"id":755,"date":"2022-11-01T10:48:25","date_gmt":"2022-11-01T13:48:25","guid":{"rendered":"https:\/\/lourdesdistribuidora.com.ar\/wp\/?post_type=product&#038;p=755"},"modified":"2025-01-23T20:03:24","modified_gmt":"2025-01-23T23:03:24","slug":"odorchau","status":"publish","type":"product","link":"https:\/\/lourdesdistribuidora.com.ar\/wp\/?product=odorchau","title":{"rendered":"ODORCHAU x 1 Lt."},"content":{"rendered":"<p>ODORCHAU<\/p>\n<p>elimina los malos olores provenientes de ca\u00f1er\u00edas,<br \/>\nsin da\u00f1arlas. Su f\u00f3rmula no tapa los olores, los<br \/>\nelimina, ya que est\u00e1 desarrollado en base a<br \/>\nenzimas naturales que bloquean olores.<br \/>\nEs ideal para: cocinas, patios, lavaderos, ba\u00f1os,<br \/>\ngraseras, c\u00e1maras s\u00e9pticas, pozos ciegos.<\/p>\n<p>&nbsp;<\/p>\n<p>PRESENTACIONES<br \/>\nPack de 6 Un. de 1 Lt.<\/p>\n","protected":false},"excerpt":{"rendered":"<p>ODORCHAU elimina los malos olores provenientes de ca\u00f1er\u00edas, sin da\u00f1arlas. Su f\u00f3rmula no tapa los olores, los elimina, ya que est\u00e1 desarrollado en base a enzimas naturales que bloquean olores. Es ideal para: cocinas, patios, lavaderos, ba\u00f1os, graseras, c\u00e1maras s\u00e9pticas, pozos ciegos. &nbsp; PRESENTACIONES Pack de 6 Un. de 1 Lt.<\/p>\n","protected":false},"featured_media":756,"template":"","meta":{"_acf_changed":false},"pwb-brand":[112],"product_brand":[],"product_cat":[151],"product_tag":[],"class_list":{"0":"post-755","1":"product","2":"type-product","3":"status-publish","4":"has-post-thumbnail","6":"pwb-brand-merclin","7":"product_cat-limpiador","9":"first","10":"instock","11":"taxable","12":"shipping-taxable","13":"product-type-simple"},"acf":[],"aioseo_notices":[],"brands":[{"id":112,"name":"Merclin","slug":"merclin"}],"_links":{"self":[{"href":"https:\/\/lourdesdistribuidora.com.ar\/wp\/index.php?rest_route=\/wp\/v2\/product\/755","targetHints":{"allow":["GET"]}}],"collection":[{"href":"https:\/\/lourdesdistribuidora.com.ar\/wp\/index.php?rest_route=\/wp\/v2\/product"}],"about":[{"href":"https:\/\/lourdesdistribuidora.com.ar\/wp\/index.php?rest_route=\/wp\/v2\/types\/product"}],"wp:featuredmedia":[{"embeddable":true,"href":"https:\/\/lourdesdistribuidora.com.ar\/wp\/index.php?rest_route=\/wp\/v2\/media\/756"}],"wp:attachment":[{"href":"https:\/\/lourdesdistribuidora.com.ar\/wp\/index.php?rest_route=%2Fwp%2Fv2%2Fmedia&parent=755"}],"wp:term":[{"taxonomy":"pwb-brand","embeddable":true,"href":"https:\/\/lourdesdistribuidora.com.ar\/wp\/index.php?rest_route=%2Fwp%2Fv2%2Fpwb-brand&post=755"},{"taxonomy":"product_brand","embeddable":true,"href":"https:\/\/lourdesdistribuidora.com.ar\/wp\/index.php?rest_route=%2Fwp%2Fv2%2Fproduct_brand&post=755"},{"taxonomy":"product_cat","embeddable":true,"href":"https:\/\/lourdesdistribuidora.com.ar\/wp\/index.php?rest_route=%2Fwp%2Fv2%2Fproduct_cat&post=755"},{"taxonomy":"product_tag","embeddable":true,"href":"https:\/\/lourdesdistribuidora.com.ar\/wp\/index.php?rest_route=%2Fwp%2Fv2%2Fproduct_tag&post=755"}],"curies":[{"name":"wp","href":"https:\/\/api.w.org\/{rel}","templated":true}]}}