{"id":761,"date":"2022-11-01T10:54:25","date_gmt":"2022-11-01T13:54:25","guid":{"rendered":"https:\/\/lourdesdistribuidora.com.ar\/wp\/?post_type=product&#038;p=761"},"modified":"2025-01-23T20:06:13","modified_gmt":"2025-01-23T23:06:13","slug":"limpia-griferia-max-gel250","status":"publish","type":"product","link":"https:\/\/lourdesdistribuidora.com.ar\/wp\/?product=limpia-griferia-max-gel250","title":{"rendered":"Limpia Griferia &#8211; Max GEL 250cc"},"content":{"rendered":"<p>LIMPIA GRIFERIA max gel<\/p>\n<p>Limpia y da brillo. Previene el sarro sin da\u00f1ar el<br \/>\nmetal. Act\u00faa aun despu\u00e9s de aplicado. Fragancia<br \/>\nc\u00edtrica. Remueve y previene el sarro. Ideal para<br \/>\nlimpiar sanitarios, azulejos, cer\u00e1micos, ba\u00f1aderas,<br \/>\nm\u00e1rmol, vidrios, etc.<\/p>\n<p>PRESENTACIONES<br \/>\nPack 12 Un. de 500 ml<\/p>\n","protected":false},"excerpt":{"rendered":"<p>LIMPIA GRIFERIA max gel Limpia y da brillo. Previene el sarro sin da\u00f1ar el metal. Act\u00faa aun despu\u00e9s de aplicado. Fragancia c\u00edtrica. Remueve y previene el sarro. Ideal para limpiar sanitarios, azulejos, cer\u00e1micos, ba\u00f1aderas, m\u00e1rmol, vidrios, etc. PRESENTACIONES Pack 12 Un. de 500 ml<\/p>\n","protected":false},"featured_media":762,"template":"","meta":{"_acf_changed":false},"pwb-brand":[112],"product_brand":[],"product_cat":[151],"product_tag":[],"class_list":{"0":"post-761","1":"product","2":"type-product","3":"status-publish","4":"has-post-thumbnail","6":"pwb-brand-merclin","7":"product_cat-limpiador","9":"first","10":"instock","11":"taxable","12":"shipping-taxable","13":"product-type-simple"},"acf":[],"aioseo_notices":[],"brands":[{"id":112,"name":"Merclin","slug":"merclin"}],"_links":{"self":[{"href":"https:\/\/lourdesdistribuidora.com.ar\/wp\/index.php?rest_route=\/wp\/v2\/product\/761","targetHints":{"allow":["GET"]}}],"collection":[{"href":"https:\/\/lourdesdistribuidora.com.ar\/wp\/index.php?rest_route=\/wp\/v2\/product"}],"about":[{"href":"https:\/\/lourdesdistribuidora.com.ar\/wp\/index.php?rest_route=\/wp\/v2\/types\/product"}],"wp:featuredmedia":[{"embeddable":true,"href":"https:\/\/lourdesdistribuidora.com.ar\/wp\/index.php?rest_route=\/wp\/v2\/media\/762"}],"wp:attachment":[{"href":"https:\/\/lourdesdistribuidora.com.ar\/wp\/index.php?rest_route=%2Fwp%2Fv2%2Fmedia&parent=761"}],"wp:term":[{"taxonomy":"pwb-brand","embeddable":true,"href":"https:\/\/lourdesdistribuidora.com.ar\/wp\/index.php?rest_route=%2Fwp%2Fv2%2Fpwb-brand&post=761"},{"taxonomy":"product_brand","embeddable":true,"href":"https:\/\/lourdesdistribuidora.com.ar\/wp\/index.php?rest_route=%2Fwp%2Fv2%2Fproduct_brand&post=761"},{"taxonomy":"product_cat","embeddable":true,"href":"https:\/\/lourdesdistribuidora.com.ar\/wp\/index.php?rest_route=%2Fwp%2Fv2%2Fproduct_cat&post=761"},{"taxonomy":"product_tag","embeddable":true,"href":"https:\/\/lourdesdistribuidora.com.ar\/wp\/index.php?rest_route=%2Fwp%2Fv2%2Fproduct_tag&post=761"}],"curies":[{"name":"wp","href":"https:\/\/api.w.org\/{rel}","templated":true}]}}