{"id":763,"date":"2022-11-01T10:56:22","date_gmt":"2022-11-01T13:56:22","guid":{"rendered":"https:\/\/lourdesdistribuidora.com.ar\/wp\/?post_type=product&#038;p=763"},"modified":"2025-01-23T20:06:48","modified_gmt":"2025-01-23T23:06:48","slug":"espuma-limpiadora-multiuso","status":"publish","type":"product","link":"https:\/\/lourdesdistribuidora.com.ar\/wp\/?product=espuma-limpiadora-multiuso","title":{"rendered":"Espuma Limpiadora Multiuso"},"content":{"rendered":"<p>ESPUMA LIMPIADORA MULTIUSO<\/p>\n<p>Multiuso, instant\u00e1nea. Lista para usar. Compatible<br \/>\ncon superficies delicadas (Acero Inoxidable,<br \/>\nAluminio, Melamina, Vidrio, M\u00e1rmol, F\u00f3rmica,<br \/>\nPl\u00e1sticos). R\u00e1pida Acci\u00f3n. Espuma r\u00e1pida para la<br \/>\nlimpieza de superficies esmaltadas, baldosas,<br \/>\nf\u00f3rmica, cristales, vidrios, l\u00e1mparas colgantes y<br \/>\npolipiel.<\/p>\n<p>PRESENTACIONES<br \/>\nPack 6 Un. de 360 ml.<\/p>\n","protected":false},"excerpt":{"rendered":"<p>ESPUMA LIMPIADORA MULTIUSO Multiuso, instant\u00e1nea. Lista para usar. Compatible con superficies delicadas (Acero Inoxidable, Aluminio, Melamina, Vidrio, M\u00e1rmol, F\u00f3rmica, Pl\u00e1sticos). R\u00e1pida Acci\u00f3n. Espuma r\u00e1pida para la limpieza de superficies esmaltadas, baldosas, f\u00f3rmica, cristales, vidrios, l\u00e1mparas colgantes y polipiel. PRESENTACIONES Pack 6 Un. de 360 ml.<\/p>\n","protected":false},"featured_media":764,"template":"","meta":{"_acf_changed":false},"pwb-brand":[112],"product_brand":[],"product_cat":[151],"product_tag":[],"class_list":{"0":"post-763","1":"product","2":"type-product","3":"status-publish","4":"has-post-thumbnail","6":"pwb-brand-merclin","7":"product_cat-limpiador","9":"first","10":"instock","11":"taxable","12":"shipping-taxable","13":"product-type-simple"},"acf":[],"aioseo_notices":[],"brands":[{"id":112,"name":"Merclin","slug":"merclin"}],"_links":{"self":[{"href":"https:\/\/lourdesdistribuidora.com.ar\/wp\/index.php?rest_route=\/wp\/v2\/product\/763","targetHints":{"allow":["GET"]}}],"collection":[{"href":"https:\/\/lourdesdistribuidora.com.ar\/wp\/index.php?rest_route=\/wp\/v2\/product"}],"about":[{"href":"https:\/\/lourdesdistribuidora.com.ar\/wp\/index.php?rest_route=\/wp\/v2\/types\/product"}],"wp:featuredmedia":[{"embeddable":true,"href":"https:\/\/lourdesdistribuidora.com.ar\/wp\/index.php?rest_route=\/wp\/v2\/media\/764"}],"wp:attachment":[{"href":"https:\/\/lourdesdistribuidora.com.ar\/wp\/index.php?rest_route=%2Fwp%2Fv2%2Fmedia&parent=763"}],"wp:term":[{"taxonomy":"pwb-brand","embeddable":true,"href":"https:\/\/lourdesdistribuidora.com.ar\/wp\/index.php?rest_route=%2Fwp%2Fv2%2Fpwb-brand&post=763"},{"taxonomy":"product_brand","embeddable":true,"href":"https:\/\/lourdesdistribuidora.com.ar\/wp\/index.php?rest_route=%2Fwp%2Fv2%2Fproduct_brand&post=763"},{"taxonomy":"product_cat","embeddable":true,"href":"https:\/\/lourdesdistribuidora.com.ar\/wp\/index.php?rest_route=%2Fwp%2Fv2%2Fproduct_cat&post=763"},{"taxonomy":"product_tag","embeddable":true,"href":"https:\/\/lourdesdistribuidora.com.ar\/wp\/index.php?rest_route=%2Fwp%2Fv2%2Fproduct_tag&post=763"}],"curies":[{"name":"wp","href":"https:\/\/api.w.org\/{rel}","templated":true}]}}