{"id":767,"date":"2022-11-01T11:01:03","date_gmt":"2022-11-01T14:01:03","guid":{"rendered":"https:\/\/lourdesdistribuidora.com.ar\/wp\/?post_type=product&#038;p=767"},"modified":"2025-01-23T20:08:44","modified_gmt":"2025-01-23T23:08:44","slug":"quitamanchas-de-oxido","status":"publish","type":"product","link":"https:\/\/lourdesdistribuidora.com.ar\/wp\/?product=quitamanchas-de-oxido","title":{"rendered":"Quitamanchas de OXIDO"},"content":{"rendered":"<p>QUITA MANCHAS DE OXIDO<\/p>\n<p>Su acci\u00f3n profunda logra remover manchas de \u00f3xido<br \/>\nde telas blancas y de color.<\/p>\n<p>El QUITA MANCHAS DE \u00d3XIDO es un poderoso<br \/>\nlimpiador, f\u00e1cil de aplicar.<\/p>\n<p>PRESENTACIONES<\/p>\n<p>Pack de 12 Un. de 60 ml.<\/p>\n","protected":false},"excerpt":{"rendered":"<p>QUITA MANCHAS DE OXIDO Su acci\u00f3n profunda logra remover manchas de \u00f3xido de telas blancas y de color. El QUITA MANCHAS DE \u00d3XIDO es un poderoso limpiador, f\u00e1cil de aplicar. PRESENTACIONES Pack de 12 Un. de 60 ml.<\/p>\n","protected":false},"featured_media":768,"template":"","meta":{"_acf_changed":false},"pwb-brand":[112],"product_brand":[],"product_cat":[151],"product_tag":[],"class_list":{"0":"post-767","1":"product","2":"type-product","3":"status-publish","4":"has-post-thumbnail","6":"pwb-brand-merclin","7":"product_cat-limpiador","9":"first","10":"instock","11":"taxable","12":"shipping-taxable","13":"product-type-simple"},"acf":[],"aioseo_notices":[],"brands":[{"id":112,"name":"Merclin","slug":"merclin"}],"_links":{"self":[{"href":"https:\/\/lourdesdistribuidora.com.ar\/wp\/index.php?rest_route=\/wp\/v2\/product\/767","targetHints":{"allow":["GET"]}}],"collection":[{"href":"https:\/\/lourdesdistribuidora.com.ar\/wp\/index.php?rest_route=\/wp\/v2\/product"}],"about":[{"href":"https:\/\/lourdesdistribuidora.com.ar\/wp\/index.php?rest_route=\/wp\/v2\/types\/product"}],"wp:featuredmedia":[{"embeddable":true,"href":"https:\/\/lourdesdistribuidora.com.ar\/wp\/index.php?rest_route=\/wp\/v2\/media\/768"}],"wp:attachment":[{"href":"https:\/\/lourdesdistribuidora.com.ar\/wp\/index.php?rest_route=%2Fwp%2Fv2%2Fmedia&parent=767"}],"wp:term":[{"taxonomy":"pwb-brand","embeddable":true,"href":"https:\/\/lourdesdistribuidora.com.ar\/wp\/index.php?rest_route=%2Fwp%2Fv2%2Fpwb-brand&post=767"},{"taxonomy":"product_brand","embeddable":true,"href":"https:\/\/lourdesdistribuidora.com.ar\/wp\/index.php?rest_route=%2Fwp%2Fv2%2Fproduct_brand&post=767"},{"taxonomy":"product_cat","embeddable":true,"href":"https:\/\/lourdesdistribuidora.com.ar\/wp\/index.php?rest_route=%2Fwp%2Fv2%2Fproduct_cat&post=767"},{"taxonomy":"product_tag","embeddable":true,"href":"https:\/\/lourdesdistribuidora.com.ar\/wp\/index.php?rest_route=%2Fwp%2Fv2%2Fproduct_tag&post=767"}],"curies":[{"name":"wp","href":"https:\/\/api.w.org\/{rel}","templated":true}]}}