{"id":844,"date":"2022-11-01T16:36:40","date_gmt":"2022-11-01T19:36:40","guid":{"rendered":"https:\/\/lourdesdistribuidora.com.ar\/wp\/?post_type=product&#038;p=844"},"modified":"2025-01-23T17:46:11","modified_gmt":"2025-01-23T20:46:11","slug":"jeringa-hormiguicida-geltek-40-grs","status":"publish","type":"product","link":"https:\/\/lourdesdistribuidora.com.ar\/wp\/?product=jeringa-hormiguicida-geltek-40-grs","title":{"rendered":"Jeringa Hormiguicida GELTEK 40 grs."},"content":{"rendered":"<h3>JERINGA HORMIGUICIDA GELTEK<\/h3>\n<p>\u25cf Es un cebo espec\u00edfico para el control de las especies<br \/>\nmel\u00edferas o dulceras del g\u00e9nero Camponotus spp.<br \/>\n(Hormiga Carpintera o Arar\u00e1), Iridomyrmex spp. (Hormiga<br \/>\nArgentina o Invasora) y Solenopsis spp. (Hormiga Roja).<br \/>\n\u25cf El gel es transportado por las hormigas hasta el nido,<br \/>\ncontaminando a todos los miembros de toda la colonia y a<br \/>\nla reina.<br \/>\n\u25cf Para utilizar en: viviendas, hoteles, hospitales,<br \/>\nindustrias, restaurantes, etc.<br \/>\n\u25cfSe aplica el gel en peque\u00f1as dosis donde transitan las<br \/>\nhormigas.<br \/>\n\u25cf No se necesita desalojar los ambientes para su<br \/>\naplicaci\u00f3n ni interrumpir las actividades normales.<\/p>\n<p>JERINGA HORMIGUICIDA<\/p>\n<p>PRESENTACIONES<\/p>\n<p>24 u. de 6 gr. (Caj Mad 200 U.)<br \/>\n24 u. de 12 gr. (Caj Mad 80 U.)<br \/>\n24 u. de 35 gr.<br \/>\n24 u. de 60 gr.<\/p>\n","protected":false},"excerpt":{"rendered":"<p>JERINGA HORMIGUICIDA GELTEK \u25cf Es un cebo espec\u00edfico para el control de las especies mel\u00edferas o dulceras del g\u00e9nero Camponotus spp. (Hormiga Carpintera o Arar\u00e1), Iridomyrmex spp. (Hormiga Argentina o Invasora) y Solenopsis spp. (Hormiga Roja). \u25cf El gel es transportado por las hormigas hasta el nido, contaminando a todos los miembros de toda la [&#8230;]\n","protected":false},"featured_media":410,"template":"","meta":{"_acf_changed":false},"pwb-brand":[87],"product_brand":[],"product_cat":[156,72],"product_tag":[],"class_list":{"0":"post-844","1":"product","2":"type-product","3":"status-publish","4":"has-post-thumbnail","6":"pwb-brand-geltek","7":"product_cat-control-plagas","8":"product_cat-hormiguicida","10":"first","11":"instock","12":"taxable","13":"shipping-taxable","14":"product-type-simple"},"acf":[],"aioseo_notices":[],"brands":[{"id":87,"name":"Geltek","slug":"geltek"}],"_links":{"self":[{"href":"https:\/\/lourdesdistribuidora.com.ar\/wp\/index.php?rest_route=\/wp\/v2\/product\/844","targetHints":{"allow":["GET"]}}],"collection":[{"href":"https:\/\/lourdesdistribuidora.com.ar\/wp\/index.php?rest_route=\/wp\/v2\/product"}],"about":[{"href":"https:\/\/lourdesdistribuidora.com.ar\/wp\/index.php?rest_route=\/wp\/v2\/types\/product"}],"wp:featuredmedia":[{"embeddable":true,"href":"https:\/\/lourdesdistribuidora.com.ar\/wp\/index.php?rest_route=\/wp\/v2\/media\/410"}],"wp:attachment":[{"href":"https:\/\/lourdesdistribuidora.com.ar\/wp\/index.php?rest_route=%2Fwp%2Fv2%2Fmedia&parent=844"}],"wp:term":[{"taxonomy":"pwb-brand","embeddable":true,"href":"https:\/\/lourdesdistribuidora.com.ar\/wp\/index.php?rest_route=%2Fwp%2Fv2%2Fpwb-brand&post=844"},{"taxonomy":"product_brand","embeddable":true,"href":"https:\/\/lourdesdistribuidora.com.ar\/wp\/index.php?rest_route=%2Fwp%2Fv2%2Fproduct_brand&post=844"},{"taxonomy":"product_cat","embeddable":true,"href":"https:\/\/lourdesdistribuidora.com.ar\/wp\/index.php?rest_route=%2Fwp%2Fv2%2Fproduct_cat&post=844"},{"taxonomy":"product_tag","embeddable":true,"href":"https:\/\/lourdesdistribuidora.com.ar\/wp\/index.php?rest_route=%2Fwp%2Fv2%2Fproduct_tag&post=844"}],"curies":[{"name":"wp","href":"https:\/\/api.w.org\/{rel}","templated":true}]}}