{"id":848,"date":"2022-11-01T16:50:29","date_gmt":"2022-11-01T19:50:29","guid":{"rendered":"https:\/\/lourdesdistribuidora.com.ar\/wp\/?post_type=product&#038;p=848"},"modified":"2025-01-23T17:53:37","modified_gmt":"2025-01-23T20:53:37","slug":"filtro-plastico-bacha-anti-insectos-12x12","status":"publish","type":"product","link":"https:\/\/lourdesdistribuidora.com.ar\/wp\/?product=filtro-plastico-bacha-anti-insectos-12x12","title":{"rendered":"Filtro plastico bacha &#8211; anti insectos 12&#215;12"},"content":{"rendered":"<p>FILTRO PL\u00c1STICO<br \/>\nBARRERA ANTI INSECTOS<\/p>\n<p>\u25cf Filter Geltek impide el paso de alacranes,<br \/>\ncucarachas y cualquier insecto que habita en los<br \/>\ndrenajes.<br \/>\n\u25cf Evita que las hojas o basura pasen a los<br \/>\nconductos obstruyendo las tuber\u00edas. El flujo de<br \/>\nagua hacia las tuber\u00edas est\u00e1 limpio, ya que el<br \/>\ndise\u00f1o del filtro est\u00e1 preparado para que no se<br \/>\ntape.<\/p>\n<p>PRESENTACIONES<br \/>\n20 cm. x 20 cm. (12 u.).<br \/>\n15 cm. x 15 cm. (12 u.).<br \/>\n12 cm. x 12 cm. (12 u.)<br \/>\n8 cm. x 8 cm. (12 u.)<br \/>\nBachera Circular. (20 u.)<br \/>\nfiltros surtidos: 36 u.<\/p>\n","protected":false},"excerpt":{"rendered":"<p>FILTRO PL\u00c1STICO BARRERA ANTI INSECTOS \u25cf Filter Geltek impide el paso de alacranes, cucarachas y cualquier insecto que habita en los drenajes. \u25cf Evita que las hojas o basura pasen a los conductos obstruyendo las tuber\u00edas. El flujo de agua hacia las tuber\u00edas est\u00e1 limpio, ya que el dise\u00f1o del filtro est\u00e1 preparado para que [&#8230;]\n","protected":false},"featured_media":428,"template":"","meta":{"_acf_changed":false},"pwb-brand":[87],"product_brand":[],"product_cat":[140],"product_tag":[],"class_list":{"0":"post-848","1":"product","2":"type-product","3":"status-publish","4":"has-post-thumbnail","6":"pwb-brand-geltek","7":"product_cat-filtros","9":"first","10":"instock","11":"taxable","12":"shipping-taxable","13":"product-type-simple"},"acf":[],"aioseo_notices":[],"brands":[{"id":87,"name":"Geltek","slug":"geltek"}],"_links":{"self":[{"href":"https:\/\/lourdesdistribuidora.com.ar\/wp\/index.php?rest_route=\/wp\/v2\/product\/848","targetHints":{"allow":["GET"]}}],"collection":[{"href":"https:\/\/lourdesdistribuidora.com.ar\/wp\/index.php?rest_route=\/wp\/v2\/product"}],"about":[{"href":"https:\/\/lourdesdistribuidora.com.ar\/wp\/index.php?rest_route=\/wp\/v2\/types\/product"}],"wp:featuredmedia":[{"embeddable":true,"href":"https:\/\/lourdesdistribuidora.com.ar\/wp\/index.php?rest_route=\/wp\/v2\/media\/428"}],"wp:attachment":[{"href":"https:\/\/lourdesdistribuidora.com.ar\/wp\/index.php?rest_route=%2Fwp%2Fv2%2Fmedia&parent=848"}],"wp:term":[{"taxonomy":"pwb-brand","embeddable":true,"href":"https:\/\/lourdesdistribuidora.com.ar\/wp\/index.php?rest_route=%2Fwp%2Fv2%2Fpwb-brand&post=848"},{"taxonomy":"product_brand","embeddable":true,"href":"https:\/\/lourdesdistribuidora.com.ar\/wp\/index.php?rest_route=%2Fwp%2Fv2%2Fproduct_brand&post=848"},{"taxonomy":"product_cat","embeddable":true,"href":"https:\/\/lourdesdistribuidora.com.ar\/wp\/index.php?rest_route=%2Fwp%2Fv2%2Fproduct_cat&post=848"},{"taxonomy":"product_tag","embeddable":true,"href":"https:\/\/lourdesdistribuidora.com.ar\/wp\/index.php?rest_route=%2Fwp%2Fv2%2Fproduct_tag&post=848"}],"curies":[{"name":"wp","href":"https:\/\/api.w.org\/{rel}","templated":true}]}}